{"id":227,"date":"2014-11-05T17:58:58","date_gmt":"2014-11-05T16:58:58","guid":{"rendered":"http:\/\/lausitzer-museenland.de\/?page_id=227"},"modified":"2022-05-31T07:43:57","modified_gmt":"2022-05-31T05:43:57","slug":"militaerhistorisches-museum-kolkwitz","status":"publish","type":"page","link":"https:\/\/www.lausitzer-museenland.de\/dsb\/museen\/militaerhistorisches-museum-kolkwitz\/","title":{"rendered":"Milit\u00e4rhistorisches Museum Kolkwitz \/ W\u00f3jarsko-stawizniski muzej Go\u0142kojce"},"content":{"rendered":"<p><a href=\"#austellung_mili_kolkwitz\">Ausstellungen<\/a>\u00a0| <a href=\"#kinderangebot_mili_kolkwitz\">Oferty dla dzieci<\/a><br \/>\n<img loading=\"lazy\" class=\"enigma_img_responsive alignnone wp-image-1270\" src=\"https:\/\/www.lausitzer-museenland.de\/wp-content\/uploads\/2014\/11\/124.jpg\" alt=\"1\" width=\"800\" height=\"398\" srcset=\"https:\/\/www.lausitzer-museenland.de\/wp-content\/uploads\/2014\/11\/124.jpg 402w, https:\/\/www.lausitzer-museenland.de\/wp-content\/uploads\/2014\/11\/124-300x149.jpg 300w, https:\/\/www.lausitzer-museenland.de\/wp-content\/uploads\/2014\/11\/124-100x49.jpg 100w, https:\/\/www.lausitzer-museenland.de\/wp-content\/uploads\/2014\/11\/124-150x74.jpg 150w, https:\/\/www.lausitzer-museenland.de\/wp-content\/uploads\/2014\/11\/124-200x99.jpg 200w\" sizes=\"(max-width: 800px) 100vw, 800px\" \/><\/p>\n<\/p>\n<p>P\u00f3tajmnos\u0107ow po\u0142na d\u0142ym \u2013 wustaje\u0144ca a \u0161\u0107itnem twarjenju<\/p>\n<p>\u0160\u0107itne twarjenje n\u011bgaj\u0161neje Narodneje ludoweje armeje (NVA) DDR jo se w\u00f3t 1965 natwari\u0142o a jo se w\u00f3t 1967 wu\u017eywa\u0142o. Jo se zasaj\u017ai\u0142o w s\u0142u\u017ebu m\u011bjucem systemje za wuzg\u00f3njowanje p\u00f3w\u011bt\u0161owego ruma w ciwilnem a militarnem wobce\u0155ku (krotke pomjenjenje: GS-31 der 1.LVD). G\u0142owna twa\u0155 jo 42,50 m d\u0142ujka a 18,00 m \u0161yroka a ma 3 piwnicne nastwa\u0155ki z 700 qm zak\u0142adneje p\u0142oni, rumnos\u0107i maju wusokos\u0107i mjazy 4 m a 1,5 m.<\/p>\n<p>W\u00f3t 2004 wobchowa \u201cGo\u0142kojske p\u015bija\u015bele bunkera GS-31 z. t.\u201d \u017a\u011bl Go\u0142kojskich stawiznow, tak jo \u0161yrokemu wobydla\u0155stwoju p\u015bistupny. Militarno-historiski muzej wugbajo \u017a\u011ble wujasnje\u0144skego \u017a\u011b\u0142a, do\u0142oj stupanje do togo n\u011bga p\u00f3tajmnego bunkera jo n\u011bnto m\u00f3\u017eno.<\/p>\n<p>Techniske wug\u00f3towanje \u0161\u0107itnego twarjenja a pokazowanje po\u0142o\u017eenja w p\u00f3w\u011bt\u0161u m\u00f3\u017eotej se w tom p\u00f3dzemskem labyrin\u015be wogl\u011bda\u015b, tak teke p\u015bebytki a zastara\u0144ske jadnoty mustwow.<\/p>\n<p>\n<p>Geheimnisvolle Tiefe &#8211; Ausstellung im ehemaligen Schutzbauwerk<\/p>\n<h3>-<\/h3>\n<p>Das Schutzbauwerk der ehemaligen Nationalen Volksarmee (NVA) der DDR ist ab 1965 erbaut und 1967 in Betrieb genommen worden. Eingesetzt war es im diensthabenden System zur Luftraumaufkl\u00e4rung im zivilen und milit\u00e4rischen Bereich (Kurzbezeichnung: GS-31 der 1.LVD). Das Hauptbauwerk ist 42,50m lang, 18,00m breit und hat drei Untergeschosse bis in 9,93m Tiefe mit 700qm Grundfl\u00e4che und Raumh\u00f6hen von 4m bis 1,50m.<\/p>\n<h3>-<\/h3>\n<p>Seit 2004 wird vom &#8222;Kolkwitzer Bunkerfreunde GS-31 e.V.&#8220; ein Teil Kolkwitzer Milit\u00e4rgeschichte bewahrt und der breiten Bev\u00f6lkerung zug\u00e4nglich gemacht. Das milit\u00e4rhistorische Museum leistet so auch ein St\u00fcck Aufkl\u00e4rungsarbeit, indem ein Hinabsteigen in dieses einst wohlbeh\u00fctete Geheimnis nun m\u00f6glich geworden ist.<\/p>\n<p>Die technische Ausr\u00fcstung des Schutzbauwerkes und die Darstellung der Luftlage kann in dem unterirdischen Labyrinth ebenso besichtigt werden, wie Unterk\u00fcnfte und Versorgungseinheiten der Mannschaften.<\/p>\n<h3>-<a id=\"austellung_mili_kolkwitz\"><\/a><\/h3>\n<p>Die aktive Aufbauarbeit des Vereins erschlie\u00dft der Ausstellung fortlaufend Neuerungen, die den Besuchern u.a. zu &#8222;Besichtigungsterminen mit \u00dcberraschungen&#8220; pr\u00e4sentiert werden. Sonderveranstaltungen und Jahrestage mit thematisch abgestimmten Programm sind, wie auch Treffen Ehemaliger, H\u00f6hepunkte der Museumst\u00e4tigkeit.<\/p>\n<h3>Angebote f\u00fcr Kinder &#8211; Mit Kobi ins Museum<a id=\"kinderangebot_mili_kolkwitz\"><\/a><\/h3>\n<p align=\"left\">Kobi \u2013 der kleine Hausgeist \u2013 ist im Museum zu Hause.\u00a0Dort wohnt er im Pantoffel unterm Ofen. Um Mitternacht belauscht er die alten Museumsst\u00fccke, wenn sie von fr\u00fcher erz\u00e4hlen.Diese spannenden Geschichten plaudert er an die Museumsmitarbeiter aus, und diese erz\u00e4hlen sie den Kindern weiter \u2013 Begebenheiten aus alter, alter Zeit.<\/p>\n<p>Kobiangebote:<\/p>\n<h5>Geheimnisvolle Tiefe &#8211; Ausstellung im ehemaligen Schutzbauwerk<a title=\"Geheimnisvolle Tiefe \u2013 Ausstellung im ehemaligen Schutzbauwerk\" href=\"\/kobi\/ausstellung-ehemaligen-schutzbauwerk\/\"><br \/>\n<\/a><\/h5>\n<div data-post-id='ausstellung-ehemaligen-schutzbauwerk' class='insert-page insert-page-ausstellung-ehemaligen-schutzbauwerk'>\t\t\t\t\t<p>Seit 2004 wird vom \u201eKolkwitzer Bunkerfreunde GS-31 e.V.\u201c ein Teil Kolkwitzer Milit\u00e4rgeschichte bewahrt und der breiten Bev\u00f6lkerung zug\u00e4nglich gemacht. Durch das Milit\u00e4rhistorische Museum wird ein St\u00fcck Aufkl\u00e4rungsarbeit dadurch geleistet, dass ein Hinabsteigen in dieses einst wohlbeh\u00fctete Geheimnis m\u00f6glich geworden ist.<br \/>\nDie technische Ausr\u00fcstung des Schutzbauwerkes und die Darstellung der Luftlage k\u00f6nnen in dem unterirdischen Labyrinth ebenso besichtigt werden wie Unterk\u00fcnfte und Versorgungseinheiten der Mannschaften.<\/p>\n<p>Das Angebot findet indoor statt und richtet sich an<br \/>\nSch\u00fcler der Klassen 5 bis 12.<br \/>\nTermine: jeden 3. Samstag im Monat\u00a0 um 9.00 Uhr, 10.30 Uhr\u00a0 und 12.00 Uhr<br \/>\nVoranmeldung: nein<br \/>\nDauer: ca. 1,5\u00a0 Stunden<\/p>\n<p>Hinweise:<br \/>\nBunkertemperatur betr\u00e4gt 11\u00b0 C<\/p>\n<p>Besuch auch zu anderen Zeiten m\u00f6glich, Voranmeldung dann 1 Woche vorher<\/p>\n<p><a href=\"http:\/\/www.kolkwitzerbunker.de\/\" target=\"_blank\">Millit\u00e4rhistorisches Museum Kolkwitz<\/a><\/p>\n\t\t\t\t\t<\/div>\n<h3><\/h3>","protected":false},"excerpt":{"rendered":"<p>Ausstellungen\u00a0| Angebote f\u00fcr Kinder Geheimnisvolle Tiefe &#8211; Ausstellung im ehemaligen Schutzbauwerk Geb\u00e4ude- \/ Grundst\u00fcckssituation Das Schutzbauwerk der ehemaligen Nationalen Volksarmee (NVA) der DDR ist ab 1965 erbaut und 1967 in Betrieb genommen worden. Eingesetzt war es im diensthabenden System zur Luftraumaufkl\u00e4rung im zivilen und milit\u00e4rischen Bereich (Kurzbezeichnung: GS-31 der 1.LVD). Das Hauptbauwerk ist 42,50m lang,<\/p>","protected":false},"author":13,"featured_media":0,"parent":113,"menu_order":0,"comment_status":"closed","ping_status":"closed","template":"","meta":[],"_links":{"self":[{"href":"https:\/\/www.lausitzer-museenland.de\/dsb\/wp-json\/wp\/v2\/pages\/227"}],"collection":[{"href":"https:\/\/www.lausitzer-museenland.de\/dsb\/wp-json\/wp\/v2\/pages"}],"about":[{"href":"https:\/\/www.lausitzer-museenland.de\/dsb\/wp-json\/wp\/v2\/types\/page"}],"author":[{"embeddable":true,"href":"https:\/\/www.lausitzer-museenland.de\/dsb\/wp-json\/wp\/v2\/users\/13"}],"replies":[{"embeddable":true,"href":"https:\/\/www.lausitzer-museenland.de\/dsb\/wp-json\/wp\/v2\/comments?post=227"}],"version-history":[{"count":11,"href":"https:\/\/www.lausitzer-museenland.de\/dsb\/wp-json\/wp\/v2\/pages\/227\/revisions"}],"predecessor-version":[{"id":53934,"href":"https:\/\/www.lausitzer-museenland.de\/dsb\/wp-json\/wp\/v2\/pages\/227\/revisions\/53934"}],"up":[{"embeddable":true,"href":"https:\/\/www.lausitzer-museenland.de\/dsb\/wp-json\/wp\/v2\/pages\/113"}],"wp:attachment":[{"href":"https:\/\/www.lausitzer-museenland.de\/dsb\/wp-json\/wp\/v2\/media?parent=227"}],"curies":[{"name":"wp","href":"https:\/\/api.w.org\/{rel}","templated":true}]}}