{"id":239,"date":"2014-11-06T10:02:32","date_gmt":"2014-11-06T09:02:32","guid":{"rendered":"http:\/\/lausitzer-museenland.de\/?page_id=239"},"modified":"2022-05-31T07:44:48","modified_gmt":"2022-05-31T05:44:48","slug":"nossdorfer-wassermuehle","status":"publish","type":"page","link":"https:\/\/www.lausitzer-museenland.de\/dsb\/museen\/nossdorfer-wassermuehle\/","title":{"rendered":"No\u00dfdorfer Wasserm\u00fchle \/ Nosyd\u0142ojski w\u00f3dny m\u0142yn"},"content":{"rendered":"<p><a href=\"#galerie_nossdorf\">Galeria<\/a> |\u00a0<a href=\"#austellung_nossdorf\">Ausstellungen<\/a>\u00a0| <a href=\"#kinderangebot_nossdorf\">Oferty dla dzieci<\/a><br \/>\n<img loading=\"lazy\" class=\"enigma_img_responsive alignnone wp-image-3497\" src=\"https:\/\/www.lausitzer-museenland.de\/wp-content\/uploads\/2014\/11\/156.jpg\" alt=\"1\" width=\"800\" height=\"398\" srcset=\"https:\/\/www.lausitzer-museenland.de\/wp-content\/uploads\/2014\/11\/156.jpg 402w, https:\/\/www.lausitzer-museenland.de\/wp-content\/uploads\/2014\/11\/156-300x149.jpg 300w\" sizes=\"(max-width: 800px) 100vw, 800px\" \/><\/p>\n<\/p>\n<p>K\u0161asnje wupy\u0161njone jat\u0161owne jajka we w\u0161akorakich technikach z ce\u0142ego sw\u011bta, na\u0142ogi a gra\u015ba woko\u0142o jajka, a teke jajowe nopa\u0161ki, gr\u011bjaki abo sudobja se p\u015bedstajaju.<\/p>\n<p>Muzej jat\u0161ownych jajkow jo w za to\u015b te strony typiskem styribocnem dw\u00f3rje. How w Zabro\u017ae w domje Matthesa Kujascha su se r\u011bc, na\u0142ogi a pisanje jajkow wopl\u011bwali. \u0179insa wje\u017ao jogo enkel\u017aowka, Dorothea T\u0161ejkowa, to\u015b te tradicije dalej.<\/p>\n<p>Muzej jat\u0161ownych jajkow Zabrod p\u00f3rucyjo wustaje\u0144cu woko\u0142o jajka. Wi\u017ae\u015b su jat\u0161owne jajka z ce\u0142ego sw\u011bta, k\u00f3tare\u017e su se w\u00f3t c\u0142onkow \u201c\u0141u\u017eyskego domowniskego towaristwa z. t.\u201d w\u00f3t l\u011bta 1971 zb\u011brali. Wogl\u011bdarje zg\u00f3niju wa\u017enu w\u011bdu w\u00f3 na\u0142ogach we w\u0161akorakich l\u011btnych casach a gra\u015bach z jajkami. P\u00f3dla jajkow we w\u0161akorakich technikach a z rozd\u017a\u011blnych materialijow prezent\u011brujo wustaje\u0144ca mimo togo jajowe nopa\u0161ki, jajowe gr\u011bjaki, jajowe sudobja, jajowe nosarje, jajowe njas\u0107arje, jajowe \u0161tapaki a wjele drugich jajowych objektow. W muzeju jo nejw\u011bt\u0161y model za m\u00f3dro\u015bi\u0161\u0107 w\u00f3t Bramborskeje a Sakskeje.<\/p>\n<p>W Zabro\u017ae 1955 wjer\u015bony film \u201cGa\u017e Jan a Lenka swaj\u017abu matej\u201d pokazujo serbsku swaj\u017abu. Ten a druge filmy w\u00f3 serbskich na\u0142ogach, w\u00f3 jajowych na\u0142ogach sw\u011bta a w\u00f3 zajmnostkach \u0141u\u017eyce m\u00f3gu g\u00f3s\u0107i se wogl\u011bda\u015b. Frankska jajowa studnja jo se p\u00f3 p\u015bik\u0142a\u017ae stwari\u0142a a m\u00f3\u017eo se we wenkownem wobce\u0155ku wogl\u011bda\u015b.<\/p>\n<p>\n<p>M\u00fchlengeschichte und traditionelles Handwerk<\/p>\n<h3>-<\/h3>\n<p>Die Familiengeschichte der No\u00dfdorfer Wasserm\u00fchle geht bis ins Jahr 1624 zur\u00fcck, wo sie erstmalig im Forster Kirchenbuch erw\u00e4hnt wird. Im Jahr 1841 wurden die M\u00fchle und das Wehr ausgebaut. Das n\u00f6tige Bauholz dazu \u00fcberlie\u00df Graf von Br\u00fchl den M\u00fcllersleuten teils kostenlos bzw. zu einem billigen Preis. 1864 wurden M\u00fchlen- und Wohnhaus umgebaut.<\/p>\n<p>Das alte Wasserrad stellte 1925 seine T\u00e4tigkeit ein und musste einer Turbine Platz machen. Damit hatte das M\u00fchlenwerk mit seinem R\u00e4derspiel einen gro\u00dfen Teil seines alten Zaubers verloren. Aber auch der Dampfantrieb veraltete im Laufe der Zeit, da die Wasserkraft der Malxe gen\u00fcgte.<br \/>\nDas Geb\u00e4ude wurde 1990 unter Denkmalschutz gestellt und 1993 als Technisches Museum der \u00d6ffentlichkeit zug\u00e4nglich gemacht. Mehrmalige Sanierungen folgten in den 1990er Jahren. Das Dach wurde in alter Form wieder neu gedeckt. Auch die eingefallene Br\u00fccke \u00fcber den M\u00fchlgraben wurde instandgesetzt, das Kutscherh\u00e4uschen saniert, das Fachwerk des M\u00fchlenhauptgeb\u00e4udes restauriert. Originalgetreu wieder aufgebaut wurde das alte eingefallene Heizhaus, das dem alten Hof mit dem ca. 40 m hohen Schornstein ein besonderes Bild gibt.<\/p>\n<h3>-<\/h3>\n<p>Die No\u00dfdorfer Wasserm\u00fchle wurde im Laufe der Jahrhunderte von vielen Familien bewirtschaftet. Sie wurde mit viel Aufwand teilsaniert und im November des Jahres 2007 wieder zum Leben erweckt. Neben dem komplett sanierten Wohnhausteil befindet sich die Ausstellung mit der im Originalzustand erhaltenen M\u00fchlentechnik. Bis 1975 wurde sie f\u00fcr den M\u00fcllereibetrieb genutzt.<br \/>\nBesucher erfahren hier von der Tradition und der schweren Arbeit des M\u00fcllerhandwerks. Der Weg vom Korn zum feinen Mehl wird erlebbar. An diesem Standort ist auf besondere Weise die Entwicklung des M\u00fcllerhandwerks vom Handmahlen bis zur Industrialisierung nachzuvollziehen.<\/p>\n<h3>Begleitangebote<a id=\"austellung_nossdorf\"><\/a><\/h3>\n<p>Rund um die No\u00dfdorfer Wasserm\u00fchle finden j\u00e4hrlich statt:<\/p>\n<ul>\n<li>Maibaumstellen<\/li>\n<li>M\u00fchlenfest<\/li>\n<li>Lausitzer Museumsnacht<\/li>\n<li>Weihnachtsmarkt<\/li>\n<\/ul>\n<p>Der Wasserm\u00fchlenverein beteiligt sich j\u00e4hrlich an Festen und Jubil\u00e4en der Stadt Forst. (Fr\u00fchlingsfest und Herbstmarkt). Au\u00dferdem vermittelt der M\u00fchlenverein Kirchenf\u00fchrungen in der Evangelischen Kirche No\u00dfdorf.<\/p>\n<h3>Sonderausstellung \u201eHahnenschrei und Dorfgezwitscher\u201c<\/h3>\n<p>Diese einzigartige Puppenschau entstand in Zusammenarbeit mit der Heimatstube No\u00dfdorf und dem No\u00dfdorfer B\u00fcndnis \u201eTradition und Zukunft\u201c. Die \u201eNo\u00dfdorfer Puppen\u201c stellen einen gro\u00dfen Fundus an historischer Kleidung sowie Arbeits- und Dienstbekleidung dar. Sie demonstrieren Handwerks-, Haushalts- und Alltagsszenen mit entsprechenden Utensilien.<\/p>\n<p>Diese Sonderausstellung ist zurzeit in der Forster Innenstadt in der Karlstra\u00dfe (ehemaliger Schlecker-Markt) nach Anmeldung zu besichtigen.<\/p>\n<p>Zu unterschiedlichen Anl\u00e4ssen und Themen besteht auch eine Ausleihm\u00f6glichkeit. F\u00fcr diese Sammlung und den Ausstellungsbau zeichnet Herr G\u00fcnter Andreck verantwortlich.<\/p>\n<h3>Angebote f\u00fcr Kinder &#8211; Mit Kobi ins Museum<a id=\"kinderangebot_nossdorf\"><\/a><\/h3>\n<p align=\"left\">Kobi \u2013 der kleine Hausgeist \u2013 ist im Museum zu Hause.\u00a0Dort wohnt er im Pantoffel unterm Ofen. Um Mitternacht belauscht er die alten Museumsst\u00fccke, wenn sie von fr\u00fcher erz\u00e4hlen.Diese spannenden Geschichten plaudert er an die Museumsmitarbeiter aus, und diese erz\u00e4hlen sie den Kindern weiter \u2013 Begebenheiten aus alter, alter Zeit.<\/p>\n<p>Kobiangebote:<\/p>\n<h5>Der Weg vom Korn zum Mehl<\/h5>\n<div data-post-id='der-weg-vom-korn-zum-mehl' class='insert-page insert-page-der-weg-vom-korn-zum-mehl'>\t\t\t\t\t<p>Ein lohnendes Ausflugsziel ist die 1624 erstmals erw\u00e4hnte No\u00dfdorfer Wasserm\u00fchle. Im Laufe der Jahrhunderte wurde sie von verschiedenen Familien bewirtschaftet. 1975 stellte die M\u00fchle aus wirtschaftlichen Gr\u00fcnden ihren Betrieb ein. Im Jahr 1990 wurde die M\u00fchle unter Denkmalschutz gestellt und 1993 als Technisches Museum der \u00d6ffentlichkeit zug\u00e4nglich gemacht.<\/p>\n<p>Anhand der Ger\u00e4tschaften in der M\u00fchle wird der Weg vom Korn zum feinen Mehl und die schwere Arbeit des M\u00fcllers veranschaulicht.<br \/>\nDas Angebot findet indoor und outdoor statt und richtet sich an<br \/>\nSch\u00fcler der Klassen 1 bis 10.<br \/>\nTermine: nach Absprache<br \/>\nVoranmeldung: mindestens 2 Wochen vorher<br \/>\nEintritt pro Person: 1,00 \u20ac<\/p>\n<p><a title=\"No\u00dfdorfer Wasserm\u00fchle\" href=\"\/museen\/nossdorfer-wassermuehle\/\">No\u00dfdorfer Wasserm\u00fchle<\/a><\/p>\n\t\t\t\t\t<\/div>\n<h3><\/h3>\n<p>&nbsp;<\/p>\n<h3>Galeria<a id=\"galerie_nossdorf\"><\/a><\/h3>\n<p><code><div id=\"envira-gallery-wrap-239\" class=\"envira-gallery-wrap envira-gallery-theme-base envira-lightbox-theme-base\" itemscope itemtype=\"https:\/\/schema.org\/ImageGallery\"><div data-row-height=\"\" data-gallery-theme=\"\" id=\"envira-gallery-239\" class=\"envira-gallery-public  envira-gallery-3-columns envira-clear enviratope envira-gallery-css-animations\" data-envira-columns=\"3\"><div id=\"envira-gallery-item-3497\" class=\"envira-gallery-item enviratope-item envira-gallery-item-1\" style=\"padding-left: 5px; padding-bottom: 10px; padding-right: 5px;\"  itemscope itemtype=\"https:\/\/schema.org\/ImageObject\"><div class=\"envira-gallery-item-inner\"><div class=\"envira-gallery-position-overlay  envira-gallery-top-left\"><\/div><div class=\"envira-gallery-position-overlay  envira-gallery-top-right\"><\/div><div class=\"envira-gallery-position-overlay  envira-gallery-bottom-left\"><\/div><div class=\"envira-gallery-position-overlay  envira-gallery-bottom-right\"><\/div><a href=\"https:\/\/www.lausitzer-museenland.de\/wp-content\/uploads\/2014\/11\/156.jpg\" class=\"envira-gallery-239 envira-gallery-link\" rel=\"enviragallery239\" title=\"No&szlig;dorfer Wasserm&uuml;hle\" data-envira-caption=\"No&szlig;dorfer Wasserm&uuml;hle\" data-envira-retina=\"\" data-thumbnail=\"\"  itemprop=\"contentUrl\"><div class=\"envira-lazy\" data-test-width=\"960\" data-test-height=\"300\" style=\"padding-bottom:31.25%;\"><img id=\"envira-gallery-image-3497\" class=\"envira-gallery-image envira-gallery-image-1\" data-envira-index=\"1\" src=\"https:\/\/www.lausitzer-museenland.de\/wp-content\/uploads\/2014\/11\/156.jpg\" data-envira-src=\"https:\/\/www.lausitzer-museenland.de\/wp-content\/uploads\/2014\/11\/156.jpg\" data-envira-gallery-id=\"239\" data-envira-item-id=\"3497\" data-envira-caption=\"No&szlig;dorfer Wasserm&uuml;hle\" alt=\"\" title=\"No&amp;szlig;dorfer Wasserm&amp;uuml;hle\"  itemprop=\"thumbnailUrl\" data-envira-srcset=\"https:\/\/www.lausitzer-museenland.de\/wp-content\/uploads\/2014\/11\/156.jpg 400w,https:\/\/www.lausitzer-museenland.de\/wp-content\/uploads\/2014\/11\/156.jpg 2x\" srcset=\"data:image\/gif;base64,R0lGODlhAQABAIAAAP\/\/\/\/\/\/\/yH5BAEKAAEALAAAAAABAAEAAAICTAEAOw==\" \/><\/div><\/a><\/div><\/div><div id=\"envira-gallery-item-3498\" class=\"envira-gallery-item enviratope-item envira-gallery-item-2\" style=\"padding-left: 5px; padding-bottom: 10px; padding-right: 5px;\"  itemscope itemtype=\"https:\/\/schema.org\/ImageObject\"><div class=\"envira-gallery-item-inner\"><div class=\"envira-gallery-position-overlay  envira-gallery-top-left\"><\/div><div class=\"envira-gallery-position-overlay  envira-gallery-top-right\"><\/div><div class=\"envira-gallery-position-overlay  envira-gallery-bottom-left\"><\/div><div class=\"envira-gallery-position-overlay  envira-gallery-bottom-right\"><\/div><a href=\"https:\/\/www.lausitzer-museenland.de\/wp-content\/uploads\/2014\/11\/223.jpg\" class=\"envira-gallery-239 envira-gallery-link\" rel=\"enviragallery239\" title=\"No&szlig;dorfer Wasserm&uuml;hle\" data-envira-caption=\"No&szlig;dorfer Wasserm&uuml;hle\" data-envira-retina=\"\" data-thumbnail=\"\"  itemprop=\"contentUrl\"><div class=\"envira-lazy\" data-test-width=\"960\" data-test-height=\"300\" style=\"padding-bottom:31.25%;\"><img id=\"envira-gallery-image-3498\" class=\"envira-gallery-image envira-gallery-image-2\" data-envira-index=\"2\" src=\"https:\/\/www.lausitzer-museenland.de\/wp-content\/uploads\/2014\/11\/223.jpg\" data-envira-src=\"https:\/\/www.lausitzer-museenland.de\/wp-content\/uploads\/2014\/11\/223.jpg\" data-envira-gallery-id=\"239\" data-envira-item-id=\"3498\" data-envira-caption=\"No&szlig;dorfer Wasserm&uuml;hle\" alt=\"\" title=\"No&amp;szlig;dorfer Wasserm&amp;uuml;hle\"  itemprop=\"thumbnailUrl\" data-envira-srcset=\"https:\/\/www.lausitzer-museenland.de\/wp-content\/uploads\/2014\/11\/223.jpg 400w,https:\/\/www.lausitzer-museenland.de\/wp-content\/uploads\/2014\/11\/223.jpg 2x\" srcset=\"data:image\/gif;base64,R0lGODlhAQABAIAAAP\/\/\/\/\/\/\/yH5BAEKAAEALAAAAAABAAEAAAICTAEAOw==\" \/><\/div><\/a><\/div><\/div><div id=\"envira-gallery-item-3499\" class=\"envira-gallery-item enviratope-item envira-gallery-item-3\" style=\"padding-left: 5px; padding-bottom: 10px; padding-right: 5px;\"  itemscope itemtype=\"https:\/\/schema.org\/ImageObject\"><div class=\"envira-gallery-item-inner\"><div class=\"envira-gallery-position-overlay  envira-gallery-top-left\"><\/div><div class=\"envira-gallery-position-overlay  envira-gallery-top-right\"><\/div><div class=\"envira-gallery-position-overlay  envira-gallery-bottom-left\"><\/div><div class=\"envira-gallery-position-overlay  envira-gallery-bottom-right\"><\/div><a href=\"https:\/\/www.lausitzer-museenland.de\/wp-content\/uploads\/2014\/11\/314.jpg\" class=\"envira-gallery-239 envira-gallery-link\" rel=\"enviragallery239\" title=\"Hebekran f&uuml;r Mahlsteine\" data-envira-caption=\"Hebekran f&uuml;r Mahlsteine\" data-envira-retina=\"\" data-thumbnail=\"\"  itemprop=\"contentUrl\"><div class=\"envira-lazy\" data-test-width=\"960\" data-test-height=\"300\" style=\"padding-bottom:31.25%;\"><img id=\"envira-gallery-image-3499\" class=\"envira-gallery-image envira-gallery-image-3\" data-envira-index=\"3\" src=\"https:\/\/www.lausitzer-museenland.de\/wp-content\/uploads\/2014\/11\/314.jpg\" data-envira-src=\"https:\/\/www.lausitzer-museenland.de\/wp-content\/uploads\/2014\/11\/314.jpg\" data-envira-gallery-id=\"239\" data-envira-item-id=\"3499\" data-envira-caption=\"Hebekran f&uuml;r Mahlsteine\" alt=\"\" title=\"Hebekran f&amp;uuml;r Mahlsteine\"  itemprop=\"thumbnailUrl\" data-envira-srcset=\"https:\/\/www.lausitzer-museenland.de\/wp-content\/uploads\/2014\/11\/314.jpg 400w,https:\/\/www.lausitzer-museenland.de\/wp-content\/uploads\/2014\/11\/314.jpg 2x\" srcset=\"data:image\/gif;base64,R0lGODlhAQABAIAAAP\/\/\/\/\/\/\/yH5BAEKAAEALAAAAAABAAEAAAICTAEAOw==\" \/><\/div><\/a><\/div><\/div><div id=\"envira-gallery-item-3500\" class=\"envira-gallery-item enviratope-item envira-gallery-item-4\" style=\"padding-left: 5px; padding-bottom: 10px; padding-right: 5px;\"  itemscope itemtype=\"https:\/\/schema.org\/ImageObject\"><div class=\"envira-gallery-item-inner\"><div class=\"envira-gallery-position-overlay  envira-gallery-top-left\"><\/div><div class=\"envira-gallery-position-overlay  envira-gallery-top-right\"><\/div><div class=\"envira-gallery-position-overlay  envira-gallery-bottom-left\"><\/div><div class=\"envira-gallery-position-overlay  envira-gallery-bottom-right\"><\/div><a href=\"https:\/\/www.lausitzer-museenland.de\/wp-content\/uploads\/2014\/11\/410.jpg\" class=\"envira-gallery-239 envira-gallery-link\" rel=\"enviragallery239\" title=\"Mischschnecke\" data-envira-caption=\"Mischschnecke\" data-envira-retina=\"\" data-thumbnail=\"\"  itemprop=\"contentUrl\"><div class=\"envira-lazy\" data-test-width=\"960\" data-test-height=\"300\" style=\"padding-bottom:31.25%;\"><img id=\"envira-gallery-image-3500\" class=\"envira-gallery-image envira-gallery-image-4\" data-envira-index=\"4\" src=\"https:\/\/www.lausitzer-museenland.de\/wp-content\/uploads\/2014\/11\/410.jpg\" data-envira-src=\"https:\/\/www.lausitzer-museenland.de\/wp-content\/uploads\/2014\/11\/410.jpg\" data-envira-gallery-id=\"239\" data-envira-item-id=\"3500\" data-envira-caption=\"Mischschnecke\" alt=\"\" title=\"Mischschnecke\"  itemprop=\"thumbnailUrl\" data-envira-srcset=\"https:\/\/www.lausitzer-museenland.de\/wp-content\/uploads\/2014\/11\/410.jpg 400w,https:\/\/www.lausitzer-museenland.de\/wp-content\/uploads\/2014\/11\/410.jpg 2x\" srcset=\"data:image\/gif;base64,R0lGODlhAQABAIAAAP\/\/\/\/\/\/\/yH5BAEKAAEALAAAAAABAAEAAAICTAEAOw==\" \/><\/div><\/a><\/div><\/div><div id=\"envira-gallery-item-3501\" class=\"envira-gallery-item enviratope-item envira-gallery-item-5\" style=\"padding-left: 5px; padding-bottom: 10px; padding-right: 5px;\"  itemscope itemtype=\"https:\/\/schema.org\/ImageObject\"><div class=\"envira-gallery-item-inner\"><div class=\"envira-gallery-position-overlay  envira-gallery-top-left\"><\/div><div class=\"envira-gallery-position-overlay  envira-gallery-top-right\"><\/div><div class=\"envira-gallery-position-overlay  envira-gallery-bottom-left\"><\/div><div class=\"envira-gallery-position-overlay  envira-gallery-bottom-right\"><\/div><a href=\"https:\/\/www.lausitzer-museenland.de\/wp-content\/uploads\/2014\/11\/56.jpg\" class=\"envira-gallery-239 envira-gallery-link\" rel=\"enviragallery239\" title=\"Mehlabf&uuml;llung\" data-envira-caption=\"Mehlabf&uuml;llung\" data-envira-retina=\"\" data-thumbnail=\"\"  itemprop=\"contentUrl\"><div class=\"envira-lazy\" data-test-width=\"960\" data-test-height=\"300\" style=\"padding-bottom:31.25%;\"><img id=\"envira-gallery-image-3501\" class=\"envira-gallery-image envira-gallery-image-5\" data-envira-index=\"5\" src=\"https:\/\/www.lausitzer-museenland.de\/wp-content\/uploads\/2014\/11\/56.jpg\" data-envira-src=\"https:\/\/www.lausitzer-museenland.de\/wp-content\/uploads\/2014\/11\/56.jpg\" data-envira-gallery-id=\"239\" data-envira-item-id=\"3501\" data-envira-caption=\"Mehlabf&uuml;llung\" alt=\"\" title=\"Mehlabf&amp;uuml;llung\"  itemprop=\"thumbnailUrl\" data-envira-srcset=\"https:\/\/www.lausitzer-museenland.de\/wp-content\/uploads\/2014\/11\/56.jpg 400w,https:\/\/www.lausitzer-museenland.de\/wp-content\/uploads\/2014\/11\/56.jpg 2x\" srcset=\"data:image\/gif;base64,R0lGODlhAQABAIAAAP\/\/\/\/\/\/\/yH5BAEKAAEALAAAAAABAAEAAAICTAEAOw==\" \/><\/div><\/a><\/div><\/div><div id=\"envira-gallery-item-3502\" class=\"envira-gallery-item enviratope-item envira-gallery-item-6\" style=\"padding-left: 5px; padding-bottom: 10px; padding-right: 5px;\"  itemscope itemtype=\"https:\/\/schema.org\/ImageObject\"><div class=\"envira-gallery-item-inner\"><div class=\"envira-gallery-position-overlay  envira-gallery-top-left\"><\/div><div class=\"envira-gallery-position-overlay  envira-gallery-top-right\"><\/div><div class=\"envira-gallery-position-overlay  envira-gallery-bottom-left\"><\/div><div class=\"envira-gallery-position-overlay  envira-gallery-bottom-right\"><\/div><a href=\"https:\/\/www.lausitzer-museenland.de\/wp-content\/uploads\/2014\/11\/62.jpg\" class=\"envira-gallery-239 envira-gallery-link\" rel=\"enviragallery239\" title=\"R&uuml;ttelsieb\" data-envira-caption=\"R&uuml;ttelsieb\" data-envira-retina=\"\" data-thumbnail=\"\"  itemprop=\"contentUrl\"><div class=\"envira-lazy\" data-test-width=\"960\" data-test-height=\"300\" style=\"padding-bottom:31.25%;\"><img id=\"envira-gallery-image-3502\" class=\"envira-gallery-image envira-gallery-image-6\" data-envira-index=\"6\" src=\"https:\/\/www.lausitzer-museenland.de\/wp-content\/uploads\/2014\/11\/62.jpg\" data-envira-src=\"https:\/\/www.lausitzer-museenland.de\/wp-content\/uploads\/2014\/11\/62.jpg\" data-envira-gallery-id=\"239\" data-envira-item-id=\"3502\" data-envira-caption=\"R&uuml;ttelsieb\" alt=\"\" title=\"R&amp;uuml;ttelsieb\"  itemprop=\"thumbnailUrl\" data-envira-srcset=\"https:\/\/www.lausitzer-museenland.de\/wp-content\/uploads\/2014\/11\/62.jpg 400w,https:\/\/www.lausitzer-museenland.de\/wp-content\/uploads\/2014\/11\/62.jpg 2x\" srcset=\"data:image\/gif;base64,R0lGODlhAQABAIAAAP\/\/\/\/\/\/\/yH5BAEKAAEALAAAAAABAAEAAAICTAEAOw==\" \/><\/div><\/a><\/div><\/div><div id=\"envira-gallery-item-3503\" class=\"envira-gallery-item enviratope-item envira-gallery-item-7\" style=\"padding-left: 5px; padding-bottom: 10px; padding-right: 5px;\"  itemscope itemtype=\"https:\/\/schema.org\/ImageObject\"><div class=\"envira-gallery-item-inner\"><div class=\"envira-gallery-position-overlay  envira-gallery-top-left\"><\/div><div class=\"envira-gallery-position-overlay  envira-gallery-top-right\"><\/div><div class=\"envira-gallery-position-overlay  envira-gallery-bottom-left\"><\/div><div class=\"envira-gallery-position-overlay  envira-gallery-bottom-right\"><\/div><a href=\"https:\/\/www.lausitzer-museenland.de\/wp-content\/uploads\/2014\/11\/72.jpg\" class=\"envira-gallery-239 envira-gallery-link\" rel=\"enviragallery239\" title=\"Nossdorfer Wasserm&uuml;hle\" data-envira-caption=\"Nossdorfer Wasserm&uuml;hle\" data-envira-retina=\"\" data-thumbnail=\"\"  itemprop=\"contentUrl\"><div class=\"envira-lazy\" data-test-width=\"960\" data-test-height=\"300\" style=\"padding-bottom:31.25%;\"><img id=\"envira-gallery-image-3503\" class=\"envira-gallery-image envira-gallery-image-7\" data-envira-index=\"7\" src=\"https:\/\/www.lausitzer-museenland.de\/wp-content\/uploads\/2014\/11\/72.jpg\" data-envira-src=\"https:\/\/www.lausitzer-museenland.de\/wp-content\/uploads\/2014\/11\/72.jpg\" data-envira-gallery-id=\"239\" data-envira-item-id=\"3503\" data-envira-caption=\"Nossdorfer Wasserm&uuml;hle\" alt=\"\" title=\"Nossdorfer Wasserm&amp;uuml;hle\"  itemprop=\"thumbnailUrl\" data-envira-srcset=\"https:\/\/www.lausitzer-museenland.de\/wp-content\/uploads\/2014\/11\/72.jpg 400w,https:\/\/www.lausitzer-museenland.de\/wp-content\/uploads\/2014\/11\/72.jpg 2x\" srcset=\"data:image\/gif;base64,R0lGODlhAQABAIAAAP\/\/\/\/\/\/\/yH5BAEKAAEALAAAAAABAAEAAAICTAEAOw==\" \/><\/div><\/a><\/div><\/div><\/div><\/div><noscript><img src=\"https:\/\/www.lausitzer-museenland.de\/wp-content\/uploads\/2014\/11\/156.jpg\" alt=\"\" \/><img src=\"https:\/\/www.lausitzer-museenland.de\/wp-content\/uploads\/2014\/11\/223.jpg\" alt=\"\" \/><img src=\"https:\/\/www.lausitzer-museenland.de\/wp-content\/uploads\/2014\/11\/314.jpg\" alt=\"\" \/><img src=\"https:\/\/www.lausitzer-museenland.de\/wp-content\/uploads\/2014\/11\/410.jpg\" alt=\"\" \/><img src=\"https:\/\/www.lausitzer-museenland.de\/wp-content\/uploads\/2014\/11\/56.jpg\" alt=\"\" \/><img src=\"https:\/\/www.lausitzer-museenland.de\/wp-content\/uploads\/2014\/11\/62.jpg\" alt=\"\" \/><img src=\"https:\/\/www.lausitzer-museenland.de\/wp-content\/uploads\/2014\/11\/72.jpg\" alt=\"\" \/><\/noscript><\/code><\/p>","protected":false},"excerpt":{"rendered":"<p>Galerie |\u00a0Ausstellungen\u00a0| Angebote f\u00fcr Kinder M\u00fchlengeschichte und traditionelles Handwerk Geb\u00e4ude- \/ Grundst\u00fcckssituation Die Familiengeschichte der No\u00dfdorfer Wasserm\u00fchle geht bis ins Jahr 1624 zur\u00fcck, wo sie erstmalig im Forster Kirchenbuch erw\u00e4hnt wird. Im Jahr 1841 wurden die M\u00fchle und das Wehr ausgebaut. Das n\u00f6tige Bauholz dazu \u00fcberlie\u00df Graf von Br\u00fchl den M\u00fcllersleuten teils kostenlos bzw. zu<\/p>","protected":false},"author":13,"featured_media":0,"parent":113,"menu_order":0,"comment_status":"closed","ping_status":"closed","template":"","meta":[],"_links":{"self":[{"href":"https:\/\/www.lausitzer-museenland.de\/dsb\/wp-json\/wp\/v2\/pages\/239"}],"collection":[{"href":"https:\/\/www.lausitzer-museenland.de\/dsb\/wp-json\/wp\/v2\/pages"}],"about":[{"href":"https:\/\/www.lausitzer-museenland.de\/dsb\/wp-json\/wp\/v2\/types\/page"}],"author":[{"embeddable":true,"href":"https:\/\/www.lausitzer-museenland.de\/dsb\/wp-json\/wp\/v2\/users\/13"}],"replies":[{"embeddable":true,"href":"https:\/\/www.lausitzer-museenland.de\/dsb\/wp-json\/wp\/v2\/comments?post=239"}],"version-history":[{"count":16,"href":"https:\/\/www.lausitzer-museenland.de\/dsb\/wp-json\/wp\/v2\/pages\/239\/revisions"}],"predecessor-version":[{"id":53940,"href":"https:\/\/www.lausitzer-museenland.de\/dsb\/wp-json\/wp\/v2\/pages\/239\/revisions\/53940"}],"up":[{"embeddable":true,"href":"https:\/\/www.lausitzer-museenland.de\/dsb\/wp-json\/wp\/v2\/pages\/113"}],"wp:attachment":[{"href":"https:\/\/www.lausitzer-museenland.de\/dsb\/wp-json\/wp\/v2\/media?parent=239"}],"curies":[{"name":"wp","href":"https:\/\/api.w.org\/{rel}","templated":true}]}}