{"id":260,"date":"2014-11-06T10:28:06","date_gmt":"2014-11-06T09:28:06","guid":{"rendered":"http:\/\/lausitzer-museenland.de\/?page_id=260"},"modified":"2024-01-03T11:49:41","modified_gmt":"2024-01-03T10:49:41","slug":"wendisch-deutsches-heimatmuseum-jaenschwalde","status":"publish","type":"page","link":"https:\/\/www.lausitzer-museenland.de\/dsb\/museen\/wendisch-deutsches-heimatmuseum-jaenschwalde\/","title":{"rendered":"Wendisch-Deutsches Heimatmuseum J\u00e4nschwalde \/ Serbsko-nimski domowniski muzej Jan\u0161ojce"},"content":{"rendered":"<p><a href=\"#galerie_jaenschwalde\">Galeria<\/a> |\u00a0<a href=\"#austellung_jaenschwalde\">Ausstellungen<\/a>\u00a0| <a href=\"#kinderangebot_jaenschwalde\">Oferty dla dzieci<\/a><br \/>\n<img loading=\"lazy\" class=\"enigma_img_responsive alignnone wp-image-1277\" src=\"https:\/\/www.lausitzer-museenland.de\/wp-content\/uploads\/2014\/11\/131.jpg\" alt=\"1\" width=\"800\" height=\"398\" srcset=\"https:\/\/www.lausitzer-museenland.de\/wp-content\/uploads\/2014\/11\/131.jpg 402w, https:\/\/www.lausitzer-museenland.de\/wp-content\/uploads\/2014\/11\/131-300x149.jpg 300w, https:\/\/www.lausitzer-museenland.de\/wp-content\/uploads\/2014\/11\/131-100x49.jpg 100w, https:\/\/www.lausitzer-museenland.de\/wp-content\/uploads\/2014\/11\/131-150x74.jpg 150w, https:\/\/www.lausitzer-museenland.de\/wp-content\/uploads\/2014\/11\/131-200x99.jpg 200w\" sizes=\"(max-width: 800px) 100vw, 800px\" \/><\/p>\n<\/p>\n<p>\n<p>Vermittlung und Bewahrung von Brauchtum und Sprache<\/p>\n<h3>-<\/h3>\n<p>Das Museum liegt im historischen Ortskern unmittelbar neben der turmlosen klassizistischen Dorfkirche. Der gr\u00f6\u00dfte Teil der Ausstellung befindet sich in den R\u00e4umen des 1875 errichteten Schulgeb\u00e4udes. Als weiteres Museumsobjekt wurde die alte Pfarrscheune denkmalgerecht ausgebaut. In den angrenzenden Stallungen, welche ebenso wie die Scheune aus der ersten H\u00e4lfte des 19. Jahrhunderts stammen, sind vier weitere Ausstellungsr\u00e4ume eingerichtet. Die Besucher erhalten in diesen Einblicke in allt\u00e4gliche b\u00e4uerliche T\u00e4tigkeiten wie Waschen, Buttern, Vorratshaltung und Flachsverarbeitung.<\/p>\n<h3>-<\/h3>\n<p>Das Wendisch-Deutsche Heimatmuseum liegt in der Ortsmitte. Die Ausstellung widmet sich dem b\u00e4uerlichen Leben der wendischen und deutschen Bev\u00f6lkerung. Die Geschichte des Dorfes wird lebendig anhand von b\u00e4uerlichem Mobiliar und von h\u00e4uslichen Ger\u00e4tschaften dargestellt. Gezeigt werden kleinb\u00e4uerliche Agrartechnik und Ger\u00e4tschaften des Handwerks. Nat\u00fcrlich wird Geschichte hier auch mit Fotos, Dokumenten und Urkunden veranschaulicht. Die Exponate werden als Schausammlung auf 560 Quadratmetern gezeigt. Ein weiteres Museumsobjekt ist die gegen\u00fcberliegende Pfarrscheune, die in den letzten Jahren denkmalgerecht saniert wurde. Die Pfarrscheune beherbergt ein Kleinod des Heimatmuseums: einen der letzten noch erhaltenen Begr\u00e4bniswagen der Region. Dort steht au\u00dferdem ein funktionst\u00fcchtiger Webstuhl. Eine Keramiksammlung beinhaltet Haushaltsgef\u00e4\u00dfe und Kunstobjekte der letzten 300 Jahre. Das Museum ist konsequent zweisprachig in Wendisch und Deutsch beschriftet. Die J\u00e4nschwalder Tracht wird in all ihren Facetten vorgestellt. Das Museum hat sich gro\u00dfe Verdienste um das J\u00e4nschwalder Christkind, des &#8222;Jan\u0161ojski bog&#8220;, erworben. Diese Figur ist Bestandteil eines regionalen Vorweihnachtsbrauchs, der nur noch in der Gemeinde J\u00e4nschwalde bis zur Gegenwart lebendig geblieben ist.<br \/>\nDas Museum stellt auch ein digitales Angebot bereit: Mit Hilfe einer 360\u00b0-VR-Brille kann man in den Dokumentarfilm &#8222;Vom Flachsstengel zur Leinewand&#8220; eintauchen und sich mitten in die Flachsbearbeitung vor 100 Jahren begeben.<\/p>\n<h3>-<a id=\"austellung_jaenschwalde\"><\/a><\/h3>\n<p>Wechselnde Sonderausstellungen<\/p>\n<ul>\n<li>Thematische F\u00fchrungen f\u00fcr Schulklassen und Reisegruppen sind Bestandteil des Programms.<\/li>\n<li>Das J\u00e4nschwalder Christkind ist eine gefragte Tradition und auch in den Nachbargemeinden zur Weihnachtszeit unterwegs.<\/li>\n<\/ul>\n<h3>Angebote f\u00fcr Kinder &#8211; Mit Kobi ins Museum<a id=\"kinderangebot_jaenschwalde\"><\/a><\/h3>\n<p align=\"left\">Kobi \u2013 der kleine Hausgeist \u2013 ist im Museum zu Hause.\u00a0Dort wohnt er im Pantoffel unterm Ofen. Um Mitternacht belauscht er die alten Museumsst\u00fccke, wenn sie von fr\u00fcher erz\u00e4hlen.Diese spannenden Geschichten plaudert er an die Museumsmitarbeiter aus, und diese erz\u00e4hlen sie den Kindern weiter \u2013 Begebenheiten aus alter, alter Zeit.<\/p>\n<p>&nbsp;<\/p>\n<h3><\/h3>\n<h3>Galeria<\/h3>\n<div id=\"envira-gallery-wrap-52960\" class=\"envira-gallery-wrap envira-gallery-theme-base envira-lightbox-theme-base\" itemscope itemtype=\"https:\/\/schema.org\/ImageGallery\"><div data-row-height=\"150\" data-gallery-theme=\"normal\" id=\"envira-gallery-52960\" class=\"envira-gallery-public envira-gallery-justified-public envira-gallery-0-columns envira-clear enviratope envira-gallery-css-animations\" data-envira-columns=\"0\"><div id=\"envira-gallery-item-52772\" class=\"envira-gallery-item enviratope-item envira-gallery-item-1\" style=\"padding-left: 5px; padding-bottom: 10px; padding-right: 5px;\"  itemscope itemtype=\"https:\/\/schema.org\/ImageObject\"><div class=\"envira-gallery-item-inner\"><div class=\"envira-gallery-position-overlay  envira-gallery-top-left\"><\/div><div class=\"envira-gallery-position-overlay  envira-gallery-top-right\"><\/div><div class=\"envira-gallery-position-overlay  envira-gallery-bottom-left\"><\/div><div class=\"envira-gallery-position-overlay  envira-gallery-bottom-right\"><\/div><a href=\"https:\/\/www.lausitzer-museenland.de\/wp-content\/uploads\/2020\/02\/Ausstellung_01_jw_karge_2015_kwad.jpg\" class=\"envira-gallery-52960 envira-gallery-link\" rel=\"enviragallery52960\" title=\"wendische Hochzeit\" data-envira-caption=\"wendische Hochzeit\" data-envira-retina=\"\" data-thumbnail=\"\"  itemprop=\"contentUrl\"><img id=\"envira-gallery-image-52772\" class=\"envira-gallery-image envira-gallery-image-1 envira-normal\" data-envira-index=\"1\" src=\"https:\/\/www.lausitzer-museenland.de\/wp-content\/uploads\/2020\/02\/Ausstellung_01_jw_karge_2015_kwad-1024x683.jpg\" data-envira-src=\"https:\/\/www.lausitzer-museenland.de\/wp-content\/uploads\/2020\/02\/Ausstellung_01_jw_karge_2015_kwad-1024x683.jpg\" data-envira-gallery-id=\"52960\" data-envira-item-id=\"52772\" data-envira-caption=\"wendische Hochzeit\" alt=\"\" title=\"wendische Hochzeit\"  itemprop=\"thumbnailUrl\" data-envira-srcset=\"https:\/\/www.lausitzer-museenland.de\/wp-content\/uploads\/2020\/02\/Ausstellung_01_jw_karge_2015_kwad-1024x683.jpg 400w,https:\/\/www.lausitzer-museenland.de\/wp-content\/uploads\/2020\/02\/Ausstellung_01_jw_karge_2015_kwad-1024x683.jpg 2x\" data-envira-width=\"300\" data-envira-height=\"200\" srcset=\"https:\/\/www.lausitzer-museenland.de\/wp-content\/uploads\/2020\/02\/Ausstellung_01_jw_karge_2015_kwad.jpg 2x\" data-safe-src=\"https:\/\/www.lausitzer-museenland.de\/wp-content\/uploads\/2020\/02\/Ausstellung_01_jw_karge_2015_kwad-1024x683.jpg\" \/><\/a><\/div><\/div><div id=\"envira-gallery-item-52773\" class=\"envira-gallery-item enviratope-item envira-gallery-item-2\" style=\"padding-left: 5px; padding-bottom: 10px; padding-right: 5px;\"  itemscope itemtype=\"https:\/\/schema.org\/ImageObject\"><div class=\"envira-gallery-item-inner\"><div class=\"envira-gallery-position-overlay  envira-gallery-top-left\"><\/div><div class=\"envira-gallery-position-overlay  envira-gallery-top-right\"><\/div><div class=\"envira-gallery-position-overlay  envira-gallery-bottom-left\"><\/div><div class=\"envira-gallery-position-overlay  envira-gallery-bottom-right\"><\/div><a href=\"https:\/\/www.lausitzer-museenland.de\/wp-content\/uploads\/2020\/02\/Ausstellung_06_jw_karge_2015_kwad.jpg\" class=\"envira-gallery-52960 envira-gallery-link\" rel=\"enviragallery52960\" title=\"Keramiksammlung\" data-envira-caption=\"Keramiksammlung\" data-envira-retina=\"\" data-thumbnail=\"\"  itemprop=\"contentUrl\"><img id=\"envira-gallery-image-52773\" class=\"envira-gallery-image envira-gallery-image-2 envira-normal\" data-envira-index=\"2\" src=\"https:\/\/www.lausitzer-museenland.de\/wp-content\/uploads\/2020\/02\/Ausstellung_06_jw_karge_2015_kwad-1024x683.jpg\" data-envira-src=\"https:\/\/www.lausitzer-museenland.de\/wp-content\/uploads\/2020\/02\/Ausstellung_06_jw_karge_2015_kwad-1024x683.jpg\" data-envira-gallery-id=\"52960\" data-envira-item-id=\"52773\" data-envira-caption=\"Keramiksammlung\" alt=\"\" title=\"Keramiksammlung\"  itemprop=\"thumbnailUrl\" data-envira-srcset=\"https:\/\/www.lausitzer-museenland.de\/wp-content\/uploads\/2020\/02\/Ausstellung_06_jw_karge_2015_kwad-1024x683.jpg 400w,https:\/\/www.lausitzer-museenland.de\/wp-content\/uploads\/2020\/02\/Ausstellung_06_jw_karge_2015_kwad-1024x683.jpg 2x\" data-envira-width=\"300\" data-envira-height=\"200\" srcset=\"https:\/\/www.lausitzer-museenland.de\/wp-content\/uploads\/2020\/02\/Ausstellung_06_jw_karge_2015_kwad.jpg 2x\" data-safe-src=\"https:\/\/www.lausitzer-museenland.de\/wp-content\/uploads\/2020\/02\/Ausstellung_06_jw_karge_2015_kwad-1024x683.jpg\" \/><\/a><\/div><\/div><div id=\"envira-gallery-item-52775\" class=\"envira-gallery-item enviratope-item envira-gallery-item-3\" style=\"padding-left: 5px; padding-bottom: 10px; padding-right: 5px;\"  itemscope itemtype=\"https:\/\/schema.org\/ImageObject\"><div class=\"envira-gallery-item-inner\"><div class=\"envira-gallery-position-overlay  envira-gallery-top-left\"><\/div><div class=\"envira-gallery-position-overlay  envira-gallery-top-right\"><\/div><div class=\"envira-gallery-position-overlay  envira-gallery-bottom-left\"><\/div><div class=\"envira-gallery-position-overlay  envira-gallery-bottom-right\"><\/div><a href=\"https:\/\/www.lausitzer-museenland.de\/wp-content\/uploads\/2020\/02\/Wieczorek_DSCF0269.jpg\" class=\"envira-gallery-52960 envira-gallery-link\" rel=\"enviragallery52960\" title=\"J&auml;nschwalder Christkind\" data-envira-caption=\"J&auml;nschwalder Christkind\" data-envira-retina=\"\" data-thumbnail=\"\"  itemprop=\"contentUrl\"><img id=\"envira-gallery-image-52775\" class=\"envira-gallery-image envira-gallery-image-3 envira-normal\" data-envira-index=\"3\" src=\"https:\/\/www.lausitzer-museenland.de\/wp-content\/uploads\/2020\/02\/Wieczorek_DSCF0269-1024x683.jpg\" data-envira-src=\"https:\/\/www.lausitzer-museenland.de\/wp-content\/uploads\/2020\/02\/Wieczorek_DSCF0269-1024x683.jpg\" data-envira-gallery-id=\"52960\" data-envira-item-id=\"52775\" data-envira-caption=\"J&auml;nschwalder Christkind\" alt=\"\" title=\"J\u00e4nschwalder Christkind\"  itemprop=\"thumbnailUrl\" data-envira-srcset=\"https:\/\/www.lausitzer-museenland.de\/wp-content\/uploads\/2020\/02\/Wieczorek_DSCF0269-1024x683.jpg 400w,https:\/\/www.lausitzer-museenland.de\/wp-content\/uploads\/2020\/02\/Wieczorek_DSCF0269-1024x683.jpg 2x\" data-envira-width=\"300\" data-envira-height=\"200\" srcset=\"https:\/\/www.lausitzer-museenland.de\/wp-content\/uploads\/2020\/02\/Wieczorek_DSCF0269.jpg 2x\" data-safe-src=\"https:\/\/www.lausitzer-museenland.de\/wp-content\/uploads\/2020\/02\/Wieczorek_DSCF0269-1024x683.jpg\" \/><\/a><\/div><\/div><div id=\"envira-gallery-item-52774\" class=\"envira-gallery-item enviratope-item envira-gallery-item-4\" style=\"padding-left: 5px; padding-bottom: 10px; padding-right: 5px;\"  itemscope itemtype=\"https:\/\/schema.org\/ImageObject\"><div class=\"envira-gallery-item-inner\"><div class=\"envira-gallery-position-overlay  envira-gallery-top-left\"><\/div><div class=\"envira-gallery-position-overlay  envira-gallery-top-right\"><\/div><div class=\"envira-gallery-position-overlay  envira-gallery-bottom-left\"><\/div><div class=\"envira-gallery-position-overlay  envira-gallery-bottom-right\"><\/div><a href=\"https:\/\/www.lausitzer-museenland.de\/wp-content\/uploads\/2020\/02\/Schuster_P7110013.jpg\" class=\"envira-gallery-52960 envira-gallery-link\" rel=\"enviragallery52960\" title=\"historischer Begr&auml;bniswagen\" data-envira-caption=\"historischer Begr&auml;bniswagen\" data-envira-retina=\"\" data-thumbnail=\"\"  itemprop=\"contentUrl\"><img id=\"envira-gallery-image-52774\" class=\"envira-gallery-image envira-gallery-image-4 envira-normal\" data-envira-index=\"4\" src=\"https:\/\/www.lausitzer-museenland.de\/wp-content\/uploads\/2020\/02\/Schuster_P7110013-1024x768.jpg\" data-envira-src=\"https:\/\/www.lausitzer-museenland.de\/wp-content\/uploads\/2020\/02\/Schuster_P7110013-1024x768.jpg\" data-envira-gallery-id=\"52960\" data-envira-item-id=\"52774\" data-envira-caption=\"historischer Begr&auml;bniswagen\" alt=\"\" title=\"historischer Begr\u00e4bniswagen\"  itemprop=\"thumbnailUrl\" data-envira-srcset=\"https:\/\/www.lausitzer-museenland.de\/wp-content\/uploads\/2020\/02\/Schuster_P7110013-1024x768.jpg 400w,https:\/\/www.lausitzer-museenland.de\/wp-content\/uploads\/2020\/02\/Schuster_P7110013-1024x768.jpg 2x\" data-envira-width=\"300\" data-envira-height=\"225\" srcset=\"https:\/\/www.lausitzer-museenland.de\/wp-content\/uploads\/2020\/02\/Schuster_P7110013.jpg 2x\" data-safe-src=\"https:\/\/www.lausitzer-museenland.de\/wp-content\/uploads\/2020\/02\/Schuster_P7110013-1024x768.jpg\" \/><\/a><\/div><\/div><div id=\"envira-gallery-item-52962\" class=\"envira-gallery-item enviratope-item envira-gallery-item-5\" style=\"padding-left: 5px; padding-bottom: 10px; padding-right: 5px;\"  itemscope itemtype=\"https:\/\/schema.org\/ImageObject\"><div class=\"envira-gallery-item-inner\"><div class=\"envira-gallery-position-overlay  envira-gallery-top-left\"><\/div><div class=\"envira-gallery-position-overlay  envira-gallery-top-right\"><\/div><div class=\"envira-gallery-position-overlay  envira-gallery-bottom-left\"><\/div><div class=\"envira-gallery-position-overlay  envira-gallery-bottom-right\"><\/div><a href=\"https:\/\/www.lausitzer-museenland.de\/wp-content\/uploads\/2020\/07\/Eingang-Museum.jpg\" class=\"envira-gallery-52960 envira-gallery-link\" rel=\"enviragallery52960\" title=\"Eingang Museum\" data-envira-caption=\"Eingang Museum\" data-envira-retina=\"\" data-thumbnail=\"\"  itemprop=\"contentUrl\"><img id=\"envira-gallery-image-52962\" class=\"envira-gallery-image envira-gallery-image-5 envira-normal\" data-envira-index=\"5\" src=\"https:\/\/www.lausitzer-museenland.de\/wp-content\/uploads\/2020\/07\/Eingang-Museum-1024x1024.jpg\" data-envira-src=\"https:\/\/www.lausitzer-museenland.de\/wp-content\/uploads\/2020\/07\/Eingang-Museum-1024x1024.jpg\" data-envira-gallery-id=\"52960\" data-envira-item-id=\"52962\" data-envira-caption=\"Eingang Museum\" alt=\"\" title=\"Eingang Museum\"  itemprop=\"thumbnailUrl\" data-envira-srcset=\"https:\/\/www.lausitzer-museenland.de\/wp-content\/uploads\/2020\/07\/Eingang-Museum-1024x1024.jpg 400w,https:\/\/www.lausitzer-museenland.de\/wp-content\/uploads\/2020\/07\/Eingang-Museum-1024x1024.jpg 2x\" data-envira-width=\"300\" data-envira-height=\"300\" srcset=\"https:\/\/www.lausitzer-museenland.de\/wp-content\/uploads\/2020\/07\/Eingang-Museum.jpg 2x\" data-safe-src=\"https:\/\/www.lausitzer-museenland.de\/wp-content\/uploads\/2020\/07\/Eingang-Museum-1024x1024.jpg\" \/><\/a><\/div><\/div><div id=\"envira-gallery-item-52963\" class=\"envira-gallery-item enviratope-item envira-gallery-item-6\" style=\"padding-left: 5px; padding-bottom: 10px; padding-right: 5px;\"  itemscope itemtype=\"https:\/\/schema.org\/ImageObject\"><div class=\"envira-gallery-item-inner\"><div class=\"envira-gallery-position-overlay  envira-gallery-top-left\"><\/div><div class=\"envira-gallery-position-overlay  envira-gallery-top-right\"><\/div><div class=\"envira-gallery-position-overlay  envira-gallery-bottom-left\"><\/div><div class=\"envira-gallery-position-overlay  envira-gallery-bottom-right\"><\/div><a href=\"https:\/\/www.lausitzer-museenland.de\/wp-content\/uploads\/2020\/07\/kuchnja.jpg\" class=\"envira-gallery-52960 envira-gallery-link\" rel=\"enviragallery52960\" title=\"kuchnja\" data-envira-caption=\"kuchnja\" data-envira-retina=\"\" data-thumbnail=\"\"  itemprop=\"contentUrl\"><img id=\"envira-gallery-image-52963\" class=\"envira-gallery-image envira-gallery-image-6 envira-normal\" data-envira-index=\"6\" src=\"https:\/\/www.lausitzer-museenland.de\/wp-content\/uploads\/2020\/07\/kuchnja-1024x1024.jpg\" data-envira-src=\"https:\/\/www.lausitzer-museenland.de\/wp-content\/uploads\/2020\/07\/kuchnja-1024x1024.jpg\" data-envira-gallery-id=\"52960\" data-envira-item-id=\"52963\" data-envira-caption=\"kuchnja\" alt=\"\" title=\"kuchnja\"  itemprop=\"thumbnailUrl\" data-envira-srcset=\"https:\/\/www.lausitzer-museenland.de\/wp-content\/uploads\/2020\/07\/kuchnja-1024x1024.jpg 400w,https:\/\/www.lausitzer-museenland.de\/wp-content\/uploads\/2020\/07\/kuchnja-1024x1024.jpg 2x\" data-envira-width=\"300\" data-envira-height=\"300\" srcset=\"https:\/\/www.lausitzer-museenland.de\/wp-content\/uploads\/2020\/07\/kuchnja.jpg 2x\" data-safe-src=\"https:\/\/www.lausitzer-museenland.de\/wp-content\/uploads\/2020\/07\/kuchnja-1024x1024.jpg\" \/><\/a><\/div><\/div><div id=\"envira-gallery-item-52964\" class=\"envira-gallery-item enviratope-item envira-gallery-item-7\" style=\"padding-left: 5px; padding-bottom: 10px; padding-right: 5px;\"  itemscope itemtype=\"https:\/\/schema.org\/ImageObject\"><div class=\"envira-gallery-item-inner\"><div class=\"envira-gallery-position-overlay  envira-gallery-top-left\"><\/div><div class=\"envira-gallery-position-overlay  envira-gallery-top-right\"><\/div><div class=\"envira-gallery-position-overlay  envira-gallery-bottom-left\"><\/div><div class=\"envira-gallery-position-overlay  envira-gallery-bottom-right\"><\/div><a href=\"https:\/\/www.lausitzer-museenland.de\/wp-content\/uploads\/2020\/07\/Museumsscheune.jpg\" class=\"envira-gallery-52960 envira-gallery-link\" rel=\"enviragallery52960\" title=\"Museumsscheune\" data-envira-caption=\"Museumsscheune\" data-envira-retina=\"\" data-thumbnail=\"\"  itemprop=\"contentUrl\"><img id=\"envira-gallery-image-52964\" class=\"envira-gallery-image envira-gallery-image-7 envira-normal\" data-envira-index=\"7\" src=\"https:\/\/www.lausitzer-museenland.de\/wp-content\/uploads\/2020\/07\/Museumsscheune-1024x768.jpg\" data-envira-src=\"https:\/\/www.lausitzer-museenland.de\/wp-content\/uploads\/2020\/07\/Museumsscheune-1024x768.jpg\" data-envira-gallery-id=\"52960\" data-envira-item-id=\"52964\" data-envira-caption=\"Museumsscheune\" alt=\"\" title=\"Museumsscheune\"  itemprop=\"thumbnailUrl\" data-envira-srcset=\"https:\/\/www.lausitzer-museenland.de\/wp-content\/uploads\/2020\/07\/Museumsscheune-1024x768.jpg 400w,https:\/\/www.lausitzer-museenland.de\/wp-content\/uploads\/2020\/07\/Museumsscheune-1024x768.jpg 2x\" data-envira-width=\"300\" data-envira-height=\"225\" srcset=\"https:\/\/www.lausitzer-museenland.de\/wp-content\/uploads\/2020\/07\/Museumsscheune.jpg 2x\" data-safe-src=\"https:\/\/www.lausitzer-museenland.de\/wp-content\/uploads\/2020\/07\/Museumsscheune-1024x768.jpg\" \/><\/a><\/div><\/div><div id=\"envira-gallery-item-52965\" class=\"envira-gallery-item enviratope-item envira-gallery-item-8\" style=\"padding-left: 5px; padding-bottom: 10px; padding-right: 5px;\"  itemscope itemtype=\"https:\/\/schema.org\/ImageObject\"><div class=\"envira-gallery-item-inner\"><div class=\"envira-gallery-position-overlay  envira-gallery-top-left\"><\/div><div class=\"envira-gallery-position-overlay  envira-gallery-top-right\"><\/div><div class=\"envira-gallery-position-overlay  envira-gallery-bottom-left\"><\/div><div class=\"envira-gallery-position-overlay  envira-gallery-bottom-right\"><\/div><a href=\"https:\/\/www.lausitzer-museenland.de\/wp-content\/uploads\/2020\/07\/Br\u00e4uche-Traditonen-und-Trachten.jpg\" class=\"envira-gallery-52960 envira-gallery-link\" rel=\"enviragallery52960\" title=\"Br&auml;uche, Traditonen und Trachten\" data-envira-caption=\"Br&auml;uche, Traditonen und Trachten\" data-envira-retina=\"\" data-thumbnail=\"\"  itemprop=\"contentUrl\"><img id=\"envira-gallery-image-52965\" class=\"envira-gallery-image envira-gallery-image-8 envira-normal\" data-envira-index=\"8\" src=\"https:\/\/www.lausitzer-museenland.de\/wp-content\/uploads\/2020\/07\/Br\u00e4uche-Traditonen-und-Trachten-768x1024.jpg\" data-envira-src=\"https:\/\/www.lausitzer-museenland.de\/wp-content\/uploads\/2020\/07\/Br\u00e4uche-Traditonen-und-Trachten-768x1024.jpg\" data-envira-gallery-id=\"52960\" data-envira-item-id=\"52965\" data-envira-caption=\"Br&auml;uche, Traditonen und Trachten\" alt=\"\" title=\"Br\u00e4uche, Traditonen und Trachten\"  itemprop=\"thumbnailUrl\" data-envira-srcset=\"https:\/\/www.lausitzer-museenland.de\/wp-content\/uploads\/2020\/07\/Br\u00e4uche-Traditonen-und-Trachten-768x1024.jpg 400w,https:\/\/www.lausitzer-museenland.de\/wp-content\/uploads\/2020\/07\/Br\u00e4uche-Traditonen-und-Trachten-768x1024.jpg 2x\" data-envira-width=\"225\" data-envira-height=\"300\" srcset=\"https:\/\/www.lausitzer-museenland.de\/wp-content\/uploads\/2020\/07\/Br\u00e4uche-Traditonen-und-Trachten.jpg 2x\" data-safe-src=\"https:\/\/www.lausitzer-museenland.de\/wp-content\/uploads\/2020\/07\/Br\u00e4uche-Traditonen-und-Trachten-768x1024.jpg\" \/><\/a><\/div><\/div><div id=\"envira-gallery-item-52966\" class=\"envira-gallery-item enviratope-item envira-gallery-item-9\" style=\"padding-left: 5px; padding-bottom: 10px; padding-right: 5px;\"  itemscope itemtype=\"https:\/\/schema.org\/ImageObject\"><div class=\"envira-gallery-item-inner\"><div class=\"envira-gallery-position-overlay  envira-gallery-top-left\"><\/div><div class=\"envira-gallery-position-overlay  envira-gallery-top-right\"><\/div><div class=\"envira-gallery-position-overlay  envira-gallery-bottom-left\"><\/div><div class=\"envira-gallery-position-overlay  envira-gallery-bottom-right\"><\/div><a href=\"https:\/\/www.lausitzer-museenland.de\/wp-content\/uploads\/2020\/07\/Scheune_Winter-mit-Filter.jpg\" class=\"envira-gallery-52960 envira-gallery-link\" rel=\"enviragallery52960\" title=\"Museumsscheune im Winter\" data-envira-caption=\"Museumsscheune im Winter\" data-envira-retina=\"\" data-thumbnail=\"\"  itemprop=\"contentUrl\"><img id=\"envira-gallery-image-52966\" class=\"envira-gallery-image envira-gallery-image-9 envira-normal\" data-envira-index=\"9\" src=\"https:\/\/www.lausitzer-museenland.de\/wp-content\/uploads\/2020\/07\/Scheune_Winter-mit-Filter-1024x675.jpg\" data-envira-src=\"https:\/\/www.lausitzer-museenland.de\/wp-content\/uploads\/2020\/07\/Scheune_Winter-mit-Filter-1024x675.jpg\" data-envira-gallery-id=\"52960\" data-envira-item-id=\"52966\" data-envira-caption=\"Museumsscheune im Winter\" alt=\"\" title=\"Museumsscheune im Winter\"  itemprop=\"thumbnailUrl\" data-envira-srcset=\"https:\/\/www.lausitzer-museenland.de\/wp-content\/uploads\/2020\/07\/Scheune_Winter-mit-Filter-1024x675.jpg 400w,https:\/\/www.lausitzer-museenland.de\/wp-content\/uploads\/2020\/07\/Scheune_Winter-mit-Filter-1024x675.jpg 2x\" data-envira-width=\"300\" data-envira-height=\"198\" srcset=\"https:\/\/www.lausitzer-museenland.de\/wp-content\/uploads\/2020\/07\/Scheune_Winter-mit-Filter.jpg 2x\" data-safe-src=\"https:\/\/www.lausitzer-museenland.de\/wp-content\/uploads\/2020\/07\/Scheune_Winter-mit-Filter-1024x675.jpg\" \/><\/a><\/div><\/div><\/div><\/div><noscript><img src=\"https:\/\/www.lausitzer-museenland.de\/wp-content\/uploads\/2020\/02\/Ausstellung_01_jw_karge_2015_kwad.jpg\" alt=\"\" \/><img src=\"https:\/\/www.lausitzer-museenland.de\/wp-content\/uploads\/2020\/02\/Ausstellung_06_jw_karge_2015_kwad.jpg\" alt=\"\" \/><img src=\"https:\/\/www.lausitzer-museenland.de\/wp-content\/uploads\/2020\/02\/Wieczorek_DSCF0269.jpg\" alt=\"\" \/><img src=\"https:\/\/www.lausitzer-museenland.de\/wp-content\/uploads\/2020\/02\/Schuster_P7110013.jpg\" alt=\"\" \/><img src=\"https:\/\/www.lausitzer-museenland.de\/wp-content\/uploads\/2020\/07\/Eingang-Museum.jpg\" alt=\"\" \/><img src=\"https:\/\/www.lausitzer-museenland.de\/wp-content\/uploads\/2020\/07\/kuchnja.jpg\" alt=\"\" \/><img src=\"https:\/\/www.lausitzer-museenland.de\/wp-content\/uploads\/2020\/07\/Museumsscheune.jpg\" alt=\"\" \/><img src=\"https:\/\/www.lausitzer-museenland.de\/wp-content\/uploads\/2020\/07\/Br\u00e4uche-Traditonen-und-Trachten.jpg\" alt=\"\" \/><img src=\"https:\/\/www.lausitzer-museenland.de\/wp-content\/uploads\/2020\/07\/Scheune_Winter-mit-Filter.jpg\" alt=\"\" \/><\/noscript>","protected":false},"excerpt":{"rendered":"<p>Galerie |\u00a0Ausstellungen\u00a0| Angebote f\u00fcr Kinder Vermittlung und Bewahrung von Brauchtum und Sprache Geb\u00e4ude- \/ Grundst\u00fcckssituation Das Museum liegt im historischen Ortskern unmittelbar neben der turmlosen klassizistischen Dorfkirche. Der gr\u00f6\u00dfte Teil der Ausstellung befindet sich in den R\u00e4umen des 1875 errichteten Schulgeb\u00e4udes. Als weiteres Museumsobjekt wurde die alte Pfarrscheune denkmalgerecht ausgebaut. In den angrenzenden Stallungen, welche<\/p>","protected":false},"author":13,"featured_media":0,"parent":113,"menu_order":0,"comment_status":"closed","ping_status":"closed","template":"","meta":[],"_links":{"self":[{"href":"https:\/\/www.lausitzer-museenland.de\/dsb\/wp-json\/wp\/v2\/pages\/260"}],"collection":[{"href":"https:\/\/www.lausitzer-museenland.de\/dsb\/wp-json\/wp\/v2\/pages"}],"about":[{"href":"https:\/\/www.lausitzer-museenland.de\/dsb\/wp-json\/wp\/v2\/types\/page"}],"author":[{"embeddable":true,"href":"https:\/\/www.lausitzer-museenland.de\/dsb\/wp-json\/wp\/v2\/users\/13"}],"replies":[{"embeddable":true,"href":"https:\/\/www.lausitzer-museenland.de\/dsb\/wp-json\/wp\/v2\/comments?post=260"}],"version-history":[{"count":24,"href":"https:\/\/www.lausitzer-museenland.de\/dsb\/wp-json\/wp\/v2\/pages\/260\/revisions"}],"predecessor-version":[{"id":54944,"href":"https:\/\/www.lausitzer-museenland.de\/dsb\/wp-json\/wp\/v2\/pages\/260\/revisions\/54944"}],"up":[{"embeddable":true,"href":"https:\/\/www.lausitzer-museenland.de\/dsb\/wp-json\/wp\/v2\/pages\/113"}],"wp:attachment":[{"href":"https:\/\/www.lausitzer-museenland.de\/dsb\/wp-json\/wp\/v2\/media?parent=260"}],"curies":[{"name":"wp","href":"https:\/\/api.w.org\/{rel}","templated":true}]}}