{"id":287,"date":"2014-11-11T14:17:53","date_gmt":"2014-11-11T13:17:53","guid":{"rendered":"http:\/\/lausitzer-museenland.de\/?page_id=287"},"modified":"2021-05-04T10:31:34","modified_gmt":"2021-05-04T08:31:34","slug":"projekt","status":"publish","type":"page","link":"https:\/\/www.lausitzer-museenland.de\/dsb\/service\/projekt\/","title":{"rendered":"Projekt"},"content":{"rendered":"<p><a href=\"https:\/\/www.lausitzer-museenland.de\/wp-content\/uploads\/2021\/05\/Schloss_SPB_01.png\"><img loading=\"lazy\" class=\"aligncenter size-full wp-image-53345\" src=\"https:\/\/www.lausitzer-museenland.de\/wp-content\/uploads\/2021\/05\/Schloss_SPB_01.png\" alt=\"\" width=\"800\" height=\"398\" srcset=\"https:\/\/www.lausitzer-museenland.de\/wp-content\/uploads\/2021\/05\/Schloss_SPB_01.png 800w, https:\/\/www.lausitzer-museenland.de\/wp-content\/uploads\/2021\/05\/Schloss_SPB_01-300x149.png 300w, https:\/\/www.lausitzer-museenland.de\/wp-content\/uploads\/2021\/05\/Schloss_SPB_01-768x382.png 768w\" sizes=\"(max-width: 800px) 100vw, 800px\" \/><\/a><\/p>\n<p><strong>Zwischen Geschichte und Gegenwart<\/strong><\/p>\n<h2>Die Museen im Landkreis<\/h2>\n<p>Der Landkreis Spree-Nei\u00dfe, gelegen in der Niederlausitz, ist gepr\u00e4gt durch das historische Siedlungsgebiet der Sorben\/Wenden, den Bergbau, fr\u00fcheren Industriestandorten und Besonderheiten der Natur wie z.B. den Spreewald. Dieses nat\u00fcrliche und kulturelle Erbe wird durch die Museen gepflegt.<\/p>\n<p>Die \u00fcber 40 musealen Einrichtungen des Landkreises Spree-Nei\u00dfe sehen, neben den Grundlagen ihrer Arbeit\u00a0 wie dem Sammeln, Bewahren, Forschen, Ausstellen und Vermitteln, immer mehr ihre Aufgaben in den Bereichen Freizeit und Tourismus sowie in der F\u00f6rderung kultureller Identit\u00e4t. In der heutigen Zeit verstehen sie sich als Orte lebendiger Auseinandersetzung zwischen Geschichte und Gegenwart.<\/p>\n<p>&nbsp;<\/p>\n<h3>Das Lausitzer Museenland<\/h3>\n<p>Die steigenden Anforderungen an museale Einrichtungen k\u00f6nnen in Zukunft jedoch nur mit Hilfe neuer Strategien, moderner Technik und funktionierender Netzwerke gemeistert werden. Aus diesem Grund wurde mit Hilfe des Projektes \u201cRegion in Aktion\u201d 2006 ein museales Netzwerk initiiert, welches die Arbeit der vielen einzelnen Einrichtungen unterst\u00fctzt, dokumentiert und pr\u00e4sentiert &#8211; das Lausitzer Museenland. Durch die Vernetzung musealer Aktivit\u00e4ten ist es den Museen m\u00f6glich, unter Wahrung der jeweils individuellen Ausrichtung, wissenschaftliche und kulturelle Projekte voranzutreiben.<\/p>\n<p>&nbsp;<\/p>\n<h3>Digitale Bestandsaufnahme<\/h3>\n<p>So konnte beispielsweise bei der Archivierung und Dokumentation als Kernaufgaben und unverzichtbare Grundlage wissenschaftlicher Arbeit der Museen voran gegangen werden. Durch die gro\u00dffl\u00e4chige Nutzung der Internetplatform &#8222;museum-digital&#8220;, ein Projekt von Museen zur gemeinsamen digitalen Publikation und Inventarisierung von Museumsdaten, werden Exponate und Inventar digital archiviert, verwaltet und synergetisch nutzbar gemacht.<\/p>\n<p>&nbsp;<\/p>\n<h3>Kulturelles Engagement<\/h3>\n<p>Innerhalb der Struktur des Lausitzer Museenlandes wird es weiterhin m\u00f6glich, bestehende kulturelle Initiativen wie z.B. die \u201cLausitzer Museumsnacht\u201d mit gro\u00dfem Erfolg zu f\u00f6rdern und weiterzuentwickeln.<\/p>\n<p>&nbsp;<\/p>\n<h3>Professionelle Pr\u00e4sentation<\/h3>\n<p>Mit der Marke \u201cLausitzer Museenland\u201d kann gleichzeitig die \u00d6ffentlichkeitsarbeit intensiviert werden. Ein professionelles Erscheinungsbild, die Pr\u00e4sentation auf einem gemeinsamen Internetportal und weitere Ma\u00dfnahmen schaffen eine verbesserte Wahrnehmung. Durch diese Pr\u00e4senz und die Nutzung neuer technischer M\u00f6glichkeiten wird den Museen gleichzeitig die Arbeit erleichtert.<\/p>\n<p>&nbsp;<\/p>\n<h3>Gemeinsame Ziele<\/h3>\n<p>Durch das Netzwerk &#8222;Lausitzer Museenland&#8220; ist der hohe Stellenwert erfahrbar, den die musealen Einrichtungen in der Kulturlandschaft des Landkreises Spree-Nei\u00dfe einnehmen. Diesen Stellenwert in Zeiten knapper finanzieller und personeller Ressourcen zu sichern und auszubauen, ist das gemeinsame Ziel der Museen und des Landkreises Spree-Nei\u00dfe. Denn nur lebendige museale Einrichtungen k\u00f6nnen das Bewusstsein f\u00fcr die Heimatregion sch\u00e4rfen und eine Br\u00fccke schlagen zwischen Geschichte und Gegenwart.<\/p>\n<p>&nbsp;<\/p>\n<h3>weitere Links:<\/h3>\n<p><a title=\"Landkreis Spree-Nei\u00dfe\" href=\"http:\/\/www.landkreis-spree-neisse.de\/\" target=\"_blank\" rel=\"noopener noreferrer\">www.landkreis-spree-neisse.de<\/a><\/p>","protected":false},"excerpt":{"rendered":"<p>Zwischen Geschichte und Gegenwart Die Museen im Landkreis Der Landkreis Spree-Nei\u00dfe, gelegen in der Niederlausitz, ist gepr\u00e4gt durch das historische Siedlungsgebiet der Sorben\/Wenden, den Bergbau, fr\u00fcheren Industriestandorten und Besonderheiten der Natur wie z.B. den Spreewald. Dieses nat\u00fcrliche und kulturelle Erbe wird durch die Museen gepflegt. Die \u00fcber 40 musealen Einrichtungen des Landkreises Spree-Nei\u00dfe sehen, neben<\/p>","protected":false},"author":13,"featured_media":0,"parent":281,"menu_order":0,"comment_status":"closed","ping_status":"closed","template":"","meta":[],"_links":{"self":[{"href":"https:\/\/www.lausitzer-museenland.de\/dsb\/wp-json\/wp\/v2\/pages\/287"}],"collection":[{"href":"https:\/\/www.lausitzer-museenland.de\/dsb\/wp-json\/wp\/v2\/pages"}],"about":[{"href":"https:\/\/www.lausitzer-museenland.de\/dsb\/wp-json\/wp\/v2\/types\/page"}],"author":[{"embeddable":true,"href":"https:\/\/www.lausitzer-museenland.de\/dsb\/wp-json\/wp\/v2\/users\/13"}],"replies":[{"embeddable":true,"href":"https:\/\/www.lausitzer-museenland.de\/dsb\/wp-json\/wp\/v2\/comments?post=287"}],"version-history":[{"count":9,"href":"https:\/\/www.lausitzer-museenland.de\/dsb\/wp-json\/wp\/v2\/pages\/287\/revisions"}],"predecessor-version":[{"id":53346,"href":"https:\/\/www.lausitzer-museenland.de\/dsb\/wp-json\/wp\/v2\/pages\/287\/revisions\/53346"}],"up":[{"embeddable":true,"href":"https:\/\/www.lausitzer-museenland.de\/dsb\/wp-json\/wp\/v2\/pages\/281"}],"wp:attachment":[{"href":"https:\/\/www.lausitzer-museenland.de\/dsb\/wp-json\/wp\/v2\/media?parent=287"}],"curies":[{"name":"wp","href":"https:\/\/api.w.org\/{rel}","templated":true}]}}