{"id":289,"date":"2014-11-11T14:18:09","date_gmt":"2014-11-11T13:18:09","guid":{"rendered":"http:\/\/lausitzer-museenland.de\/?page_id=289"},"modified":"2022-06-10T13:19:54","modified_gmt":"2022-06-10T11:19:54","slug":"museo","status":"publish","type":"page","link":"https:\/\/www.lausitzer-museenland.de\/dsb\/service\/museo\/","title":{"rendered":"&#8222;museum-digital&#8220; \u2013 Archive mit Zukunft"},"content":{"rendered":"<div id=\"sidebox\">\n<div class=\"template-listbox\">\n<p><img loading=\"lazy\" class=\"alignnone wp-image-3044\" src=\"https:\/\/www.lausitzer-museenland.de\/wp-content\/uploads\/2014\/11\/museo2.jpg\" alt=\"\" width=\"800\" height=\"398\" srcset=\"https:\/\/www.lausitzer-museenland.de\/wp-content\/uploads\/2014\/11\/museo2.jpg 402w, https:\/\/www.lausitzer-museenland.de\/wp-content\/uploads\/2014\/11\/museo2-300x149.jpg 300w, https:\/\/www.lausitzer-museenland.de\/wp-content\/uploads\/2014\/11\/museo2-100x49.jpg 100w, https:\/\/www.lausitzer-museenland.de\/wp-content\/uploads\/2014\/11\/museo2-150x74.jpg 150w, https:\/\/www.lausitzer-museenland.de\/wp-content\/uploads\/2014\/11\/museo2-200x99.jpg 200w\" sizes=\"(max-width: 800px) 100vw, 800px\" \/><\/p>\n<p><strong>Digital erfassen, gemeinsam nutzen, sicher verwalten<\/strong><\/p>\n<h2><\/h2>\n<p>Museen sind die Bewahrer nat\u00fcrlichen und kulturellen Erbes. Die Grundlagen ihrer Arbeit sind das Sammeln, Bewahren, Forschen, Ausstellen und Vermitteln. In der heutigen Zeit wird der Fokus zunehmend auf Freizeit, Tourismus und die F\u00f6rderung kultureller Identit\u00e4t gerichtet. Diese Anforderungen k\u00f6nnen in Zukunft nur mit Hilfe neuer Strategien, moderner Technik und funktionierender Netzwerke gemeistert werden. Die M\u00f6glichkeit, Exponate und Inventar digital zu archivieren, zu verwalten und synergetisch nutzbar zu machen, ist dabei Basis f\u00fcr die gesamte museale Arbeit.<\/p>\n<p><strong>museum-digital<\/strong> hilft, diese Basis zu erschaffen.<\/p>\n<p><a href=\"https:\/\/www.museum-digital.de\/\" target=\"_blank\" rel=\"noopener\"><strong>museum-digital<\/strong><\/a> ist eine Inititive von Museen. Die Initiative besteht seit 2009. Sie entstand aus dem Versuch einen m\u00f6glichst einfachen Weg zu entwickeln, um Informationen \u00fcber Museen und die von ihnen verwahrten Objekte online zu stellen. Aus den urspr\u00fcnglich 6 beteiligten Museen sind mittlerweile mehr als 600 geworden und l\u00e4ngst haben sich auch die Ziele erweitert. Die einfache Publikation in einer Datenbank wurde durch weitere Pr\u00e4sentationsformen erweitert, vor allem aber ist gutes Inventarisieren ebenfalls zu einem zentralen Ziel geworden. Bei <strong>museum-digital<\/strong> entwickeln wir gemeinsam Software mit dem Ziel, die Inventarisierung und die Online-Stellung nicht nur einfach, sondern jede qualit\u00e4tvolle Erfassung zu einer Freude zu machen.<\/p>\n<p>Schnittstelle f\u00fcr <strong>museum-digital<\/strong> ist das Internet. Die browserbasierte Software verwaltet die Daten aller Nutzer auf einem zentralen Server \u2013 so entfallen Installationsroutinen. An jedem Standort, der Zugang zum Internet hat, kann archiviert werden. Speziell eingebaute Sicherheiten und Verschl\u00fcsselungen bewahren die gespeicherten Daten. So werden alle Eingaben vor externen und internen Angriffen und Zugriffsverletzungen wirksam gesch\u00fctzt.<\/p>\n<p>Mit <a href=\"https:\/\/brandenburg.museum-digital.de\/\" target=\"_blank\" rel=\"noopener\"><strong>museum-digital<\/strong><\/a> k\u00f6nnen Nutzer ihre Daten digital und zentral archivieren, wobei beliebig viele Standorte vernetzt werden k\u00f6nnen. Durch spezielle Sicherheitsstufen kann jeder Standort selbst entscheiden, welche seiner Daten auch f\u00fcr andere zug\u00e4nglich gemacht oder speziell gesch\u00fctzt werden sollen. Eine Nachnutzbarkeit durch weitere Institutionen und Unternehmen ist m\u00f6glich. Die zentrale digitale Speicherung ber\u00fccksichtigt moderne technische Standards und Mehrsprachigkeit. Veraltete und damit nicht mehr lesbare Daten geh\u00f6ren der Vergangenheit an. Alle offen dargelegten Daten k\u00f6nnen von Interessierten \u00fcber eine Internetplattform aufgerufen werden. Museale Einrichtungen werden dadurch schnell und unkompliziert anhand ihrer Datens\u00e4tze gefunden, ein Austausch wird erm\u00f6glicht und der Bekanntheitsgrad erh\u00f6ht.<\/p>\n<p>&nbsp;<\/p>\n<p>&nbsp;<\/p>\n<\/div>\n<\/div>\n<div id=\"modul\"><\/div>","protected":false},"excerpt":{"rendered":"<p>Digital erfassen, gemeinsam nutzen, sicher verwalten Museen sind die Bewahrer nat\u00fcrlichen und kulturellen Erbes. Die Grundlagen ihrer Arbeit sind das Sammeln, Bewahren, Forschen, Ausstellen und Vermitteln. In der heutigen Zeit wird der Fokus zunehmend auf Freizeit, Tourismus und die F\u00f6rderung kultureller Identit\u00e4t gerichtet. Diese Anforderungen k\u00f6nnen in Zukunft nur mit Hilfe neuer Strategien, moderner Technik<\/p>","protected":false},"author":13,"featured_media":0,"parent":281,"menu_order":0,"comment_status":"closed","ping_status":"closed","template":"","meta":[],"_links":{"self":[{"href":"https:\/\/www.lausitzer-museenland.de\/dsb\/wp-json\/wp\/v2\/pages\/289"}],"collection":[{"href":"https:\/\/www.lausitzer-museenland.de\/dsb\/wp-json\/wp\/v2\/pages"}],"about":[{"href":"https:\/\/www.lausitzer-museenland.de\/dsb\/wp-json\/wp\/v2\/types\/page"}],"author":[{"embeddable":true,"href":"https:\/\/www.lausitzer-museenland.de\/dsb\/wp-json\/wp\/v2\/users\/13"}],"replies":[{"embeddable":true,"href":"https:\/\/www.lausitzer-museenland.de\/dsb\/wp-json\/wp\/v2\/comments?post=289"}],"version-history":[{"count":15,"href":"https:\/\/www.lausitzer-museenland.de\/dsb\/wp-json\/wp\/v2\/pages\/289\/revisions"}],"predecessor-version":[{"id":54051,"href":"https:\/\/www.lausitzer-museenland.de\/dsb\/wp-json\/wp\/v2\/pages\/289\/revisions\/54051"}],"up":[{"embeddable":true,"href":"https:\/\/www.lausitzer-museenland.de\/dsb\/wp-json\/wp\/v2\/pages\/281"}],"wp:attachment":[{"href":"https:\/\/www.lausitzer-museenland.de\/dsb\/wp-json\/wp\/v2\/media?parent=289"}],"curies":[{"name":"wp","href":"https:\/\/api.w.org\/{rel}","templated":true}]}}