{"id":401,"date":"2014-11-12T10:47:49","date_gmt":"2014-11-12T09:47:49","guid":{"rendered":"http:\/\/lausitzer-museenland.de\/?page_id=401"},"modified":"2017-09-26T13:00:36","modified_gmt":"2017-09-26T12:00:36","slug":"alles-ums-ei-sorbisch-und-weltweit","status":"publish","type":"page","link":"https:\/\/www.lausitzer-museenland.de\/dsb\/service\/kobi\/alles-ums-ei-sorbisch-und-weltweit\/","title":{"rendered":"Alles ums Ei &#8211; sorbisch und weltweit im Ostereiermuseum Sabrodt"},"content":{"rendered":"<p>Eierbringer, Eierleger, Eiobjekte und viel Witziges rund um das Ei und Eif\u00f6rmiges: Preisgekr\u00f6nte Ostereier vom Bautzener Wettbewerb, Br\u00e4uche um das Ei in Deutschland, Eiermalerwerkstatt mit der M\u00f6glichkeit der Teilnahme am Wettbewerb. Man kann f\u00fchlen, schmecken, riechen und h\u00f6ren in der Wunderwelt \u201eAlles ums Ei\u201c. Kurios und einmalig sind viele Exponate des Museums.<br \/>\nM\u00e4dchen k\u00f6nnen eine wendische Tracht anlegen.<br \/>\nBegleitend dazu k\u00f6nnen historische Filme zu Br\u00e4uchen der Sorben und Wenden angesehen werden.<br \/>\nDas Angebot findet indoor oder auch outdoor statt und richtet sich an Vorschulkinder sowie Sch\u00fcler bis zur Klasse 12.<br \/>\nTermine: nach Absprache, Montag bis Sonntag auch am Abend oder nachts als Lichterfest<br \/>\nVoranmeldung: sp\u00e4testens 2 Stunden vorher<br \/>\nGruppengr\u00f6\u00dfe: 5 bis 50 Personen<br \/>\nEintritt pro Person: 3,50 \u20ac<br \/>\nUnkostenbeitrag pro Person (f\u00fcr Material o.\u00e4.): 3,00 \u20ac<\/p>\n<p><em>Folgende Arbeitsmaterialien m\u00fcssen mitgebracht werden:<\/em><br \/>\nausgeblasene Eier oder frische wei\u00dfe Eier<\/p>\n<p><em>Hinweise zum Angebot:<\/em><br \/>\nViele Spiele und Wettbewerbe lustiger Art auf dem Hof oder im Garten sind m\u00f6glich. Auf Wunsch erfolgen eine kleine Kr\u00e4uterkunde im Garten mit Verkostung oder auch der Umgang mit Stockbrot, Sol- oder Zwiebelschaleneiern.<\/p>\n<p>Unter der Voraussetzung, dass Honorar und Fahrkosten erstattet werden, kommt das Angebot auf Wunsch auch in die Kita oder Schule.<\/p>\n<p><a href=\"http:\/\/www.ostereiermuseum.de\/\" target=\"_blank\">Ostereiermuseum Sabrodt<\/a><\/p>","protected":false},"excerpt":{"rendered":"<p>Eierbringer, Eierleger, Eiobjekte und viel Witziges rund um das Ei und Eif\u00f6rmiges: Preisgekr\u00f6nte Ostereier vom Bautzener Wettbewerb, Br\u00e4uche um das Ei in Deutschland, Eiermalerwerkstatt mit der M\u00f6glichkeit der Teilnahme am Wettbewerb. Man kann f\u00fchlen, schmecken, riechen und h\u00f6ren in der Wunderwelt \u201eAlles ums Ei\u201c. Kurios und einmalig sind viele Exponate des Museums. M\u00e4dchen k\u00f6nnen eine<\/p>","protected":false},"author":13,"featured_media":0,"parent":380,"menu_order":0,"comment_status":"closed","ping_status":"closed","template":"","meta":[],"_links":{"self":[{"href":"https:\/\/www.lausitzer-museenland.de\/dsb\/wp-json\/wp\/v2\/pages\/401"}],"collection":[{"href":"https:\/\/www.lausitzer-museenland.de\/dsb\/wp-json\/wp\/v2\/pages"}],"about":[{"href":"https:\/\/www.lausitzer-museenland.de\/dsb\/wp-json\/wp\/v2\/types\/page"}],"author":[{"embeddable":true,"href":"https:\/\/www.lausitzer-museenland.de\/dsb\/wp-json\/wp\/v2\/users\/13"}],"replies":[{"embeddable":true,"href":"https:\/\/www.lausitzer-museenland.de\/dsb\/wp-json\/wp\/v2\/comments?post=401"}],"version-history":[{"count":11,"href":"https:\/\/www.lausitzer-museenland.de\/dsb\/wp-json\/wp\/v2\/pages\/401\/revisions"}],"predecessor-version":[{"id":13778,"href":"https:\/\/www.lausitzer-museenland.de\/dsb\/wp-json\/wp\/v2\/pages\/401\/revisions\/13778"}],"up":[{"embeddable":true,"href":"https:\/\/www.lausitzer-museenland.de\/dsb\/wp-json\/wp\/v2\/pages\/380"}],"wp:attachment":[{"href":"https:\/\/www.lausitzer-museenland.de\/dsb\/wp-json\/wp\/v2\/media?parent=401"}],"curies":[{"name":"wp","href":"https:\/\/api.w.org\/{rel}","templated":true}]}}