{"id":410,"date":"2014-11-12T10:56:21","date_gmt":"2014-11-12T09:56:21","guid":{"rendered":"http:\/\/lausitzer-museenland.de\/?page_id=410"},"modified":"2014-12-17T17:41:57","modified_gmt":"2014-12-17T16:41:57","slug":"verlorene-heimat-im-dachstuhl-der-kirche","status":"publish","type":"page","link":"https:\/\/www.lausitzer-museenland.de\/dsb\/service\/kobi\/verlorene-heimat-im-dachstuhl-der-kirche\/","title":{"rendered":"\u201eVerlorene Heimat\u201c im Dachstuhl der Kirche &#8211; Erinnerungen an zerst\u00f6rte Kirchen &#8211; Horno"},"content":{"rendered":"<p>In fr\u00fcheren Jahrzehnten hatte man beim Abbau der Kohle nicht die k\u00fcnftige Landschaft im Blick. F\u00f6rdermengen z\u00e4hlten und Umweltfragen wurden kaum ber\u00fccksichtigt. Das Schicksal der Bewohner bzw. der Kirchengemeinden war von wirtschaftlichen Zw\u00e4ngen und unzureichenden Entsch\u00e4digungen gepr\u00e4gt. Das Thema wird veranschaulicht mit 27 Modellen abgebaggerter Kirchen, 4 Filmstationen mit Kurzfilmen zu den Gemeinden, in denen Betroffene Hintergr\u00fcnde und Schicksale schildern , 18 Landkarten von Gebieten, die heute nicht mehr existieren, sowie mit Originalexponaten von zerst\u00f6rten Kirchen. Historisches, letzte Gottesdienste, Umbettungen, Verbleib von Kirchengut, Umsiedlungspraxis, Kirchenersatzbau, Kirchenumsetzungen, gerettete Gemeinden, bedrohte Orte sind f\u00fcr die Nachwelt dokumentiert.<\/p>\n<p>Das Angebot findet indoor und outdoor statt und richtet sich an<br \/>\nSch\u00fcler der Klassen 6 bis 12.<br \/>\nTermine: nach Absprache<br \/>\nVoranmeldung: sp\u00e4testens 2 Wochen vorher<br \/>\nEintritt frei\/ Spenden sind willkommen<\/p>\n<p><a title=\"Kirchliches Informations- und Begegnungszentrum Horno \/ Cerkwiny informaciski a zmaka\u0144ski centrum\" href=\"\/museen\/kirchliches-informations-und-begegnungszentrum-horno\/\">Kirchliches Informations- und Begegnungszentrum Horno<\/a><\/p>","protected":false},"excerpt":{"rendered":"<p>In fr\u00fcheren Jahrzehnten hatte man beim Abbau der Kohle nicht die k\u00fcnftige Landschaft im Blick. F\u00f6rdermengen z\u00e4hlten und Umweltfragen wurden kaum ber\u00fccksichtigt. Das Schicksal der Bewohner bzw. der Kirchengemeinden war von wirtschaftlichen Zw\u00e4ngen und unzureichenden Entsch\u00e4digungen gepr\u00e4gt. Das Thema wird veranschaulicht mit 27 Modellen abgebaggerter Kirchen, 4 Filmstationen mit Kurzfilmen zu den Gemeinden, in denen<\/p>","protected":false},"author":13,"featured_media":0,"parent":380,"menu_order":0,"comment_status":"closed","ping_status":"closed","template":"","meta":[],"_links":{"self":[{"href":"https:\/\/www.lausitzer-museenland.de\/dsb\/wp-json\/wp\/v2\/pages\/410"}],"collection":[{"href":"https:\/\/www.lausitzer-museenland.de\/dsb\/wp-json\/wp\/v2\/pages"}],"about":[{"href":"https:\/\/www.lausitzer-museenland.de\/dsb\/wp-json\/wp\/v2\/types\/page"}],"author":[{"embeddable":true,"href":"https:\/\/www.lausitzer-museenland.de\/dsb\/wp-json\/wp\/v2\/users\/13"}],"replies":[{"embeddable":true,"href":"https:\/\/www.lausitzer-museenland.de\/dsb\/wp-json\/wp\/v2\/comments?post=410"}],"version-history":[{"count":5,"href":"https:\/\/www.lausitzer-museenland.de\/dsb\/wp-json\/wp\/v2\/pages\/410\/revisions"}],"predecessor-version":[{"id":3645,"href":"https:\/\/www.lausitzer-museenland.de\/dsb\/wp-json\/wp\/v2\/pages\/410\/revisions\/3645"}],"up":[{"embeddable":true,"href":"https:\/\/www.lausitzer-museenland.de\/dsb\/wp-json\/wp\/v2\/pages\/380"}],"wp:attachment":[{"href":"https:\/\/www.lausitzer-museenland.de\/dsb\/wp-json\/wp\/v2\/media?parent=410"}],"curies":[{"name":"wp","href":"https:\/\/api.w.org\/{rel}","templated":true}]}}