{"id":4131,"date":"2017-09-28T09:30:28","date_gmt":"2017-09-28T08:30:28","guid":{"rendered":"http:\/\/lausitzer-museenland.de\/?page_id=4131"},"modified":"2026-02-24T09:49:25","modified_gmt":"2026-02-24T08:49:25","slug":"schloss-und-festung-senftenberg","status":"publish","type":"page","link":"https:\/\/www.lausitzer-museenland.de\/dsb\/museen\/schloss-und-festung-senftenberg\/","title":{"rendered":"Schloss und Festung Senftenberg \/ Grod a twardnica Z\u0142y Komorow"},"content":{"rendered":"<p><a href=\"https:\/\/www.lausitzer-museenland.de\/wp-content\/uploads\/2016\/01\/schloss_senftenberg.jpg\"><img loading=\"lazy\" class=\"aligncenter size-full wp-image-4222\" src=\"https:\/\/www.lausitzer-museenland.de\/wp-content\/uploads\/2016\/01\/schloss_senftenberg.jpg\" alt=\"schloss_senftenberg\" width=\"708\" height=\"398\" \/><\/a><\/p>\n<\/p>\n<p>Dobydni\u015bo saksku twardnicu w Bramborskej<\/p>\n<p>Gnujucy kompleks twarjenjow groda a twardnice jo se w 16. stol\u011b\u015bu k \u0161\u0107itoju sakskeje granice na fundamentach srjej\u017aow\u011bkowego groda natwari\u0142. \u0179insa jo jadnu\u010dki zd\u017aar\u017eany twardnicowy kompleks w Nimskej, ken\u017e jo wobdany w\u00f3t m\u00f3cnego nasypa. Na wobch\u00f3j\u017aenju p\u015bez twardnicu namakajo\u015bo p\u00f3tajmne ch\u00f3dby, pulbjerjowy torm a \u0161ykownje planowany twardnicowy portal, ken\u017e se njam\u00f3\u017eo jadnorje doby\u015b.<\/p>\n<p>&nbsp;<\/p>\n<p>W gro\u017ae ka\u017eu zap\u015bimujuce wustaje\u0144ce na casowe drogowanje p\u015bez stawizny m\u011bsta, kraja a industrije w Z\u0142em Komorowje. Wi\u017ae\u015b su mjazy drugim nejstar\u0161a wognjowa wobora Z\u0142ego Komorowa, serbska burska \u015bpa, drogotny cerkwinski inwentar abo nejw\u011bt\u0161a winowa prasa regiona.<\/p>\n<p>\n<h3 class=\"tiny_p\"><strong>Erobern Sie Sachsens Festung in Brandenburg!<\/strong><\/h3>\n<h3>-<\/h3>\n<div>Die beeindruckende Schloss- und Festungsanlage wurde im 16. Jahrhundert zur Sicherung der s\u00e4chsischen Grenze auf den Fundamenten einer mittelalterlichen Burg errichtet. Heute ist sie Deutschlands einzige erhaltene Festungsanlage, die mit einem solchen m\u00e4chtigen Erdwall umgeben ist. Auf dem Festungsrundgang entdecken Sie Geheimg\u00e4nge, den Pulverturm und ein geschickt geplantes Festungsportal, das man nicht so einfach einnehmen konnte.<\/div>\n<h3>-<\/h3>\n<div>Seit \u00fcber 100 Jahren befindet sich im Schloss ein Museum, das mit seinen modernen Ausstellungen zu einer au\u00dfergew\u00f6hnlichen Reise in die Region einl\u00e4dt. Vom Glanz s\u00e4chsischer Tage im heutigen Brandenburg und der Bl\u00fctezeit der Festung, den Bergbautraditionen der Lausitz oder der Geschichte einer Kleinstadt bis zu moderner Kunst gibt es Vieles zu entdecken. Zu sehen sind unter anderem die \u00e4lteste Feuerwehr Senftenbergs, eine sorbische Bauernstube, kostbares Kircheninventar oder die gr\u00f6\u00dfte Weinpresse der Region.<br \/>\nDer ungew\u00f6hnlichste Ort im Senftenberger Schloss f\u00fchrt \u201eunter Tage\u201c in das Schaubergwerk. Hier taucht man in die Anfangszeit des Bergbaus in der Lausitz ein, als die ersten Kohlegruben ihren Betrieb aufnahmen und aus Bauern Bergleute wurden.<\/div>\n<p>&nbsp;<\/p>\n<h3>-<a id=\"austellungen_am_proschim\"><\/a><\/h3>\n<div>Angebote f\u00fcr Kitas, Schulen und Familien finden Sie <a href=\"https:\/\/museums-entdecker.de\/home\/fuer-schulen-kindergaerten\/\" target=\"_blank\" rel=\"noopener\">hier<\/a>.<\/div>\n<div>Sonderausstellungen finden Sie <a href=\"https:\/\/museums-entdecker.de\/kalender-museum\/\" target=\"_blank\" rel=\"noopener\">hier<\/a>.<\/div>","protected":false},"excerpt":{"rendered":"<p>Erobern Sie Sachsens Festung in Brandenburg! Geb\u00e4ude- \/ Grundst\u00fcckssituation Die beeindruckende Schloss- und Festungsanlage wurde im 16. Jahrhundert zur Sicherung der s\u00e4chsischen Grenze auf den Fundamenten einer mittelalterlichen Burg errichtet. Heute ist sie Deutschlands einzige erhaltene Festungsanlage, die mit einem solchen m\u00e4chtigen Erdwall umgeben ist. Auf dem Festungsrundgang entdecken Sie Geheimg\u00e4nge, den Pulverturm und ein<\/p>","protected":false},"author":13,"featured_media":0,"parent":113,"menu_order":0,"comment_status":"closed","ping_status":"closed","template":"","meta":[],"_links":{"self":[{"href":"https:\/\/www.lausitzer-museenland.de\/dsb\/wp-json\/wp\/v2\/pages\/4131"}],"collection":[{"href":"https:\/\/www.lausitzer-museenland.de\/dsb\/wp-json\/wp\/v2\/pages"}],"about":[{"href":"https:\/\/www.lausitzer-museenland.de\/dsb\/wp-json\/wp\/v2\/types\/page"}],"author":[{"embeddable":true,"href":"https:\/\/www.lausitzer-museenland.de\/dsb\/wp-json\/wp\/v2\/users\/13"}],"replies":[{"embeddable":true,"href":"https:\/\/www.lausitzer-museenland.de\/dsb\/wp-json\/wp\/v2\/comments?post=4131"}],"version-history":[{"count":13,"href":"https:\/\/www.lausitzer-museenland.de\/dsb\/wp-json\/wp\/v2\/pages\/4131\/revisions"}],"predecessor-version":[{"id":55950,"href":"https:\/\/www.lausitzer-museenland.de\/dsb\/wp-json\/wp\/v2\/pages\/4131\/revisions\/55950"}],"up":[{"embeddable":true,"href":"https:\/\/www.lausitzer-museenland.de\/dsb\/wp-json\/wp\/v2\/pages\/113"}],"wp:attachment":[{"href":"https:\/\/www.lausitzer-museenland.de\/dsb\/wp-json\/wp\/v2\/media?parent=4131"}],"curies":[{"name":"wp","href":"https:\/\/api.w.org\/{rel}","templated":true}]}}