{"id":422,"date":"2014-11-12T11:07:20","date_gmt":"2014-11-12T10:07:20","guid":{"rendered":"http:\/\/lausitzer-museenland.de\/?page_id=422"},"modified":"2014-12-17T17:52:22","modified_gmt":"2014-12-17T16:52:22","slug":"ausstellung-ueber-johann-friedrich-fritze","status":"publish","type":"page","link":"https:\/\/www.lausitzer-museenland.de\/dsb\/service\/kobi\/ausstellung-ueber-johann-friedrich-fritze\/","title":{"rendered":"Ausstellung \u00fcber Johann Friedrich Fritze in der Evangelischen Kirche Kolkwitz"},"content":{"rendered":"<p>Die Ausstellung w\u00fcrdigt in Text, Bild und Ton das Leben und Werk des Kolkwitzer Pfarrers, Schriftstellers und Demographen Johann Friedrich Fritze (20.09.1747 &#8211; 15.01.1819). Er \u00fcbersetzte als Erster das Alte Testament in das Niedersorbische und lie\u00df es zum gro\u00dfen Teil auf eigene Kosten drucken. Erg\u00e4nzend findet man in der Ausstellung Portr\u00e4ts bedeutender Zeitgenossen. Links vor dem Eingang befinden sich die Gr\u00e4ber Pfarrer Fritzes und seiner Schwiegertochter Eleonore Auguste, geb. Elsasser. Der wendischsprachige Originalgrabstein von Pfarrer Fritze steht im Ausstellungsraum. In der Kirche informieren zwei Holztafeln unter der rechten Empore \u00fcber die Geschichte der Niedersorben \/ Wenden.<\/p>\n<p>Das Angebot findet indoor statt und richtet sich an Sch\u00fcler der Klassen 1 bis 10.<br \/>\nTermine: nach Absprache<br \/>\nVoranmeldung: sp\u00e4testens 2 Wochen vorher<br \/>\nDauer: ca. 45 Minuten<br \/>\nEintritt frei\/ Spenden sind willkommen<\/p>\n<p>Die Kirche ist t\u00e4glich ge\u00f6ffnet, jedoch ist der Besuch der Ausstellung w\u00e4hrend kirchlicher Veranstaltungen nicht m\u00f6glich.<\/p>\n<p><a title=\"Johann-Friedrich-Fritze-Ausstellung \u2013 Evangelische Kirche Kolkwitz \/ Wustaje\u0144ca Jana Bjedricha Fryca\" href=\"\/museen\/johann-friedrich-fritze-ausstellung\/\">Fritze-Museum Evangelische Kirche Kolkwitz<\/a><\/p>","protected":false},"excerpt":{"rendered":"<p>Die Ausstellung w\u00fcrdigt in Text, Bild und Ton das Leben und Werk des Kolkwitzer Pfarrers, Schriftstellers und Demographen Johann Friedrich Fritze (20.09.1747 &#8211; 15.01.1819). Er \u00fcbersetzte als Erster das Alte Testament in das Niedersorbische und lie\u00df es zum gro\u00dfen Teil auf eigene Kosten drucken. Erg\u00e4nzend findet man in der Ausstellung Portr\u00e4ts bedeutender Zeitgenossen. Links vor<\/p>","protected":false},"author":13,"featured_media":0,"parent":380,"menu_order":0,"comment_status":"closed","ping_status":"closed","template":"","meta":[],"_links":{"self":[{"href":"https:\/\/www.lausitzer-museenland.de\/dsb\/wp-json\/wp\/v2\/pages\/422"}],"collection":[{"href":"https:\/\/www.lausitzer-museenland.de\/dsb\/wp-json\/wp\/v2\/pages"}],"about":[{"href":"https:\/\/www.lausitzer-museenland.de\/dsb\/wp-json\/wp\/v2\/types\/page"}],"author":[{"embeddable":true,"href":"https:\/\/www.lausitzer-museenland.de\/dsb\/wp-json\/wp\/v2\/users\/13"}],"replies":[{"embeddable":true,"href":"https:\/\/www.lausitzer-museenland.de\/dsb\/wp-json\/wp\/v2\/comments?post=422"}],"version-history":[{"count":8,"href":"https:\/\/www.lausitzer-museenland.de\/dsb\/wp-json\/wp\/v2\/pages\/422\/revisions"}],"predecessor-version":[{"id":3657,"href":"https:\/\/www.lausitzer-museenland.de\/dsb\/wp-json\/wp\/v2\/pages\/422\/revisions\/3657"}],"up":[{"embeddable":true,"href":"https:\/\/www.lausitzer-museenland.de\/dsb\/wp-json\/wp\/v2\/pages\/380"}],"wp:attachment":[{"href":"https:\/\/www.lausitzer-museenland.de\/dsb\/wp-json\/wp\/v2\/media?parent=422"}],"curies":[{"name":"wp","href":"https:\/\/api.w.org\/{rel}","templated":true}]}}