{"id":426,"date":"2014-11-12T11:10:37","date_gmt":"2014-11-12T10:10:37","guid":{"rendered":"http:\/\/lausitzer-museenland.de\/?page_id=426"},"modified":"2014-12-17T17:54:58","modified_gmt":"2014-12-17T16:54:58","slug":"leben-frueher-und-heute","status":"publish","type":"page","link":"https:\/\/www.lausitzer-museenland.de\/dsb\/service\/kobi\/leben-frueher-und-heute\/","title":{"rendered":"Leben fr\u00fcher und heute im Niederlausitzer Heidemuseum Spremberg"},"content":{"rendered":"<p>Einen Tag, wie ihn die Urgro\u00dfeltern erlebten, werden wir mit dem heutigen vergleichen. Es gibt Einblicke in die Vorratshaltung der damaligen Zeit, die Ern\u00e4hrung, Beschaffung und das Haltbarmachen.<\/p>\n<p>Ein kurzer Film zeigt historische Handwerke. Geschichte wird so zum spannenden Erlebnis.<br \/>\nIm Anschluss \u201euntersuchen\u201c wir verschiedene Ger\u00e4tschaften und probieren einige aus.<\/p>\n<p>Das Angebot findet indoor und outdoor statt und richtet sich an Sch\u00fcler der Klassen 1 bis 6.<br \/>\nGruppengr\u00f6\u00dfe: 5 bis 20 Personen<br \/>\nTermine: nach Absprache<br \/>\nVoranmeldung: sp\u00e4testens 5 Tage vorher<br \/>\nDauer: ca. 1,5 Stunden<br \/>\nEintritt pro Person: 2,00 \u20ac<\/p>\n<p>Hinweise:<br \/>\nBei einer gr\u00f6\u00dferen Klassenst\u00e4rke ist es notwendig, die Klasse zu teilen.<\/p>\n<div>\n<p>Deshalb bitte evtl. 1\/2 Stunde mehr Zeit einplanen.<\/p>\n<p><a title=\"Niederlausitzer Heidemuseum Spremberg \/ Dolno\u0142u\u017eyski g\u00f3la\u0144ski muzej Grodk\" href=\"\/museen\/niederlausitzer-heidemuseum-spremberg\/\">Niederlausitzer Heidemuseum Spremberg<\/a><\/p>\n<\/div>","protected":false},"excerpt":{"rendered":"<p>Einen Tag, wie ihn die Urgro\u00dfeltern erlebten, werden wir mit dem heutigen vergleichen. Es gibt Einblicke in die Vorratshaltung der damaligen Zeit, die Ern\u00e4hrung, Beschaffung und das Haltbarmachen. Ein kurzer Film zeigt historische Handwerke. Geschichte wird so zum spannenden Erlebnis. Im Anschluss \u201euntersuchen\u201c wir verschiedene Ger\u00e4tschaften und probieren einige aus. Das Angebot findet indoor und<\/p>","protected":false},"author":13,"featured_media":0,"parent":380,"menu_order":0,"comment_status":"closed","ping_status":"closed","template":"","meta":[],"_links":{"self":[{"href":"https:\/\/www.lausitzer-museenland.de\/dsb\/wp-json\/wp\/v2\/pages\/426"}],"collection":[{"href":"https:\/\/www.lausitzer-museenland.de\/dsb\/wp-json\/wp\/v2\/pages"}],"about":[{"href":"https:\/\/www.lausitzer-museenland.de\/dsb\/wp-json\/wp\/v2\/types\/page"}],"author":[{"embeddable":true,"href":"https:\/\/www.lausitzer-museenland.de\/dsb\/wp-json\/wp\/v2\/users\/13"}],"replies":[{"embeddable":true,"href":"https:\/\/www.lausitzer-museenland.de\/dsb\/wp-json\/wp\/v2\/comments?post=426"}],"version-history":[{"count":6,"href":"https:\/\/www.lausitzer-museenland.de\/dsb\/wp-json\/wp\/v2\/pages\/426\/revisions"}],"predecessor-version":[{"id":3661,"href":"https:\/\/www.lausitzer-museenland.de\/dsb\/wp-json\/wp\/v2\/pages\/426\/revisions\/3661"}],"up":[{"embeddable":true,"href":"https:\/\/www.lausitzer-museenland.de\/dsb\/wp-json\/wp\/v2\/pages\/380"}],"wp:attachment":[{"href":"https:\/\/www.lausitzer-museenland.de\/dsb\/wp-json\/wp\/v2\/media?parent=426"}],"curies":[{"name":"wp","href":"https:\/\/api.w.org\/{rel}","templated":true}]}}