{"id":430,"date":"2014-11-12T11:12:49","date_gmt":"2014-11-12T10:12:49","guid":{"rendered":"http:\/\/lausitzer-museenland.de\/?page_id=430"},"modified":"2014-12-17T17:58:17","modified_gmt":"2014-12-17T16:58:17","slug":"geheime-kraeuterkunde","status":"publish","type":"page","link":"https:\/\/www.lausitzer-museenland.de\/dsb\/service\/kobi\/geheime-kraeuterkunde\/","title":{"rendered":"Geheime Kr\u00e4uterkunde im Niederlausitzer Heidemuseum Spremberg"},"content":{"rendered":"<p>Das Wissen um den Anbau und die Verwendung von Kr\u00e4utern ist Jahrtausende alt. Es macht Spa\u00df an den Kr\u00e4utern zu schnuppern, sie zu bestimmen oder davon zu naschen. Aber Vorsicht! Nicht alle sind essbar und m\u00fcssen veredelt werden. Mit selbst gemachter Butter und Kr\u00e4utersalz k\u00f6nnt ihr im Anschluss einen kleinen Imbiss genie\u00dfen. Auf Anfrage gibt es eine F\u00fchrung durch den Kr\u00e4utergarten mit Kollegen der Turmapotheke Spremberg.<\/p>\n<p>Das Angebot findet indoor und outdoor statt und richtet sich an Sch\u00fcler der Klassen 1 bis 7.<br \/>\nGruppengr\u00f6\u00dfe: 5 bis 20 Personen<br \/>\nTermine: nach Absprache<br \/>\nVoranmeldung: sp\u00e4testens 5 Tage vorher<br \/>\nDauer: ca. 1,5 Stunden<br \/>\nEintritt pro Person: 2,00 \u20ac<\/p>\n<p>Hinweise:<br \/>\nBei einer gr\u00f6\u00dferen Klassenst\u00e4rke ist es notwendig, die Klasse zu teilen. Deshalb bitte evtl. 1\/2 Stunde mehr Zeit einplanen.<\/p>\n<p><a title=\"Niederlausitzer Heidemuseum Spremberg \/ Dolno\u0142u\u017eyski g\u00f3la\u0144ski muzej Grodk\" href=\"\/museen\/niederlausitzer-heidemuseum-spremberg\/\">Niederlausitzer Heidemuseum Spremberg<\/a><\/p>","protected":false},"excerpt":{"rendered":"<p>Das Wissen um den Anbau und die Verwendung von Kr\u00e4utern ist Jahrtausende alt. Es macht Spa\u00df an den Kr\u00e4utern zu schnuppern, sie zu bestimmen oder davon zu naschen. Aber Vorsicht! Nicht alle sind essbar und m\u00fcssen veredelt werden. Mit selbst gemachter Butter und Kr\u00e4utersalz k\u00f6nnt ihr im Anschluss einen kleinen Imbiss genie\u00dfen. Auf Anfrage gibt<\/p>","protected":false},"author":13,"featured_media":0,"parent":380,"menu_order":0,"comment_status":"closed","ping_status":"closed","template":"","meta":[],"_links":{"self":[{"href":"https:\/\/www.lausitzer-museenland.de\/dsb\/wp-json\/wp\/v2\/pages\/430"}],"collection":[{"href":"https:\/\/www.lausitzer-museenland.de\/dsb\/wp-json\/wp\/v2\/pages"}],"about":[{"href":"https:\/\/www.lausitzer-museenland.de\/dsb\/wp-json\/wp\/v2\/types\/page"}],"author":[{"embeddable":true,"href":"https:\/\/www.lausitzer-museenland.de\/dsb\/wp-json\/wp\/v2\/users\/13"}],"replies":[{"embeddable":true,"href":"https:\/\/www.lausitzer-museenland.de\/dsb\/wp-json\/wp\/v2\/comments?post=430"}],"version-history":[{"count":7,"href":"https:\/\/www.lausitzer-museenland.de\/dsb\/wp-json\/wp\/v2\/pages\/430\/revisions"}],"predecessor-version":[{"id":3666,"href":"https:\/\/www.lausitzer-museenland.de\/dsb\/wp-json\/wp\/v2\/pages\/430\/revisions\/3666"}],"up":[{"embeddable":true,"href":"https:\/\/www.lausitzer-museenland.de\/dsb\/wp-json\/wp\/v2\/pages\/380"}],"wp:attachment":[{"href":"https:\/\/www.lausitzer-museenland.de\/dsb\/wp-json\/wp\/v2\/media?parent=430"}],"curies":[{"name":"wp","href":"https:\/\/api.w.org\/{rel}","templated":true}]}}