{"id":441,"date":"2014-11-12T11:20:56","date_gmt":"2014-11-12T10:20:56","guid":{"rendered":"http:\/\/lausitzer-museenland.de\/?page_id=441"},"modified":"2014-12-17T18:03:02","modified_gmt":"2014-12-17T17:03:02","slug":"fuehrung-durch-eisenhuetten-peitz","status":"publish","type":"page","link":"https:\/\/www.lausitzer-museenland.de\/dsb\/service\/kobi\/fuehrung-durch-eisenhuetten-peitz\/","title":{"rendered":"F\u00fchrung durch das Eisenh\u00fctten- und Fischereimuseum Peitz"},"content":{"rendered":"<p>Das historische Eisenh\u00fcttenwerk Peitz, unmittelbar an den Peitzer Teichen gelegen, z\u00e4hlt zu den bedeutendsten technischen Denkmalarealen Brandenburgs. Die Hochofen- und Gie\u00dfereihalle von 1810 beherbergt eine teilweise funktionst\u00fcchtige Gie\u00dfereianlage aus der 1. H\u00e4lfte des 19. Jahrhunderts.<\/p>\n<p>Die Besucher erfahren in der F\u00fchrung viel Wissenswertes \u00fcber die Gie\u00dferei selbst, \u00fcber die Geschichte des Werkes und der Region. Des Weiteren erhalten sie interessante Informationen zur Fischerei.<\/p>\n<p>Das Angebot findet indoor statt und richtet sich an Sch\u00fcler der Klassen 1 bis 13<br \/>\nTermine: nach Absprache<br \/>\nDauer: ca. 1 -1,5 Stunden<br \/>\nVoranmeldung: sp\u00e4testens eine Woche vorher<br \/>\nEintritt pro Person: 2,00 \u20ac<\/p>\n<p><a title=\"Eisenh\u00fctten- und Fischereimuseum Peitz \/ Hutowy a rybarski muzej Picnjo\" href=\"\/museen\/eisenhuetten-und-fischereimuseum-peitz\/\">Eisenh\u00fctten- und Fischereimuseum Peitz<\/a><\/p>","protected":false},"excerpt":{"rendered":"<p>Das historische Eisenh\u00fcttenwerk Peitz, unmittelbar an den Peitzer Teichen gelegen, z\u00e4hlt zu den bedeutendsten technischen Denkmalarealen Brandenburgs. Die Hochofen- und Gie\u00dfereihalle von 1810 beherbergt eine teilweise funktionst\u00fcchtige Gie\u00dfereianlage aus der 1. H\u00e4lfte des 19. Jahrhunderts. Die Besucher erfahren in der F\u00fchrung viel Wissenswertes \u00fcber die Gie\u00dferei selbst, \u00fcber die Geschichte des Werkes und der Region.<\/p>","protected":false},"author":13,"featured_media":0,"parent":380,"menu_order":0,"comment_status":"closed","ping_status":"closed","template":"","meta":[],"_links":{"self":[{"href":"https:\/\/www.lausitzer-museenland.de\/dsb\/wp-json\/wp\/v2\/pages\/441"}],"collection":[{"href":"https:\/\/www.lausitzer-museenland.de\/dsb\/wp-json\/wp\/v2\/pages"}],"about":[{"href":"https:\/\/www.lausitzer-museenland.de\/dsb\/wp-json\/wp\/v2\/types\/page"}],"author":[{"embeddable":true,"href":"https:\/\/www.lausitzer-museenland.de\/dsb\/wp-json\/wp\/v2\/users\/13"}],"replies":[{"embeddable":true,"href":"https:\/\/www.lausitzer-museenland.de\/dsb\/wp-json\/wp\/v2\/comments?post=441"}],"version-history":[{"count":5,"href":"https:\/\/www.lausitzer-museenland.de\/dsb\/wp-json\/wp\/v2\/pages\/441\/revisions"}],"predecessor-version":[{"id":3672,"href":"https:\/\/www.lausitzer-museenland.de\/dsb\/wp-json\/wp\/v2\/pages\/441\/revisions\/3672"}],"up":[{"embeddable":true,"href":"https:\/\/www.lausitzer-museenland.de\/dsb\/wp-json\/wp\/v2\/pages\/380"}],"wp:attachment":[{"href":"https:\/\/www.lausitzer-museenland.de\/dsb\/wp-json\/wp\/v2\/media?parent=441"}],"curies":[{"name":"wp","href":"https:\/\/api.w.org\/{rel}","templated":true}]}}