{"id":449,"date":"2014-11-12T11:24:15","date_gmt":"2014-11-12T10:24:15","guid":{"rendered":"http:\/\/lausitzer-museenland.de\/?page_id=449"},"modified":"2014-12-17T18:06:48","modified_gmt":"2014-12-17T17:06:48","slug":"aus-dem-tagebuch-der-erde","status":"publish","type":"page","link":"https:\/\/www.lausitzer-museenland.de\/dsb\/service\/kobi\/aus-dem-tagebuch-der-erde\/","title":{"rendered":"Aus dem Tagebuch der Erde &#8211; Erdgeschichtliche Entwicklung unserer Heimatlandschaft in der Heimatstube Gro\u00df K\u00f6lzig"},"content":{"rendered":"<p>Auf der Altbergbautour erfahren die Sch\u00fcler, wie die Kohle entstanden ist, unter welchen Umst\u00e4nden sie fr\u00fcher abgebaut und dann zu den Industrieanlagen bef\u00f6rdert wurde. Das Projekt wird als Wanderung oder Fahrradexkursion angeboten.<\/p>\n<p>Das Angebot findet outdoor statt und richtet sich an Sch\u00fcler der Klassen 7 bis 10.<br \/>\nTermine: nach Absprache<br \/>\nVoranmeldung: sp\u00e4testens 5 Tage vorher<br \/>\nEintritt pro Person: nach Absprache<\/p>\n<p><a title=\"Heimatstube Gro\u00df K\u00f6lzig \/ Domowniska \u015bpa Wjeliki K\u00f3lsk\" href=\"\/museen\/heimatstube-gross-koelzig\/\">Heimatstube Gro\u00df K\u00f6lzig<\/a><\/p>","protected":false},"excerpt":{"rendered":"<p>Auf der Altbergbautour erfahren die Sch\u00fcler, wie die Kohle entstanden ist, unter welchen Umst\u00e4nden sie fr\u00fcher abgebaut und dann zu den Industrieanlagen bef\u00f6rdert wurde. Das Projekt wird als Wanderung oder Fahrradexkursion angeboten. Das Angebot findet outdoor statt und richtet sich an Sch\u00fcler der Klassen 7 bis 10. Termine: nach Absprache Voranmeldung: sp\u00e4testens 5 Tage vorher<\/p>","protected":false},"author":13,"featured_media":0,"parent":380,"menu_order":0,"comment_status":"closed","ping_status":"closed","template":"","meta":[],"_links":{"self":[{"href":"https:\/\/www.lausitzer-museenland.de\/dsb\/wp-json\/wp\/v2\/pages\/449"}],"collection":[{"href":"https:\/\/www.lausitzer-museenland.de\/dsb\/wp-json\/wp\/v2\/pages"}],"about":[{"href":"https:\/\/www.lausitzer-museenland.de\/dsb\/wp-json\/wp\/v2\/types\/page"}],"author":[{"embeddable":true,"href":"https:\/\/www.lausitzer-museenland.de\/dsb\/wp-json\/wp\/v2\/users\/13"}],"replies":[{"embeddable":true,"href":"https:\/\/www.lausitzer-museenland.de\/dsb\/wp-json\/wp\/v2\/comments?post=449"}],"version-history":[{"count":7,"href":"https:\/\/www.lausitzer-museenland.de\/dsb\/wp-json\/wp\/v2\/pages\/449\/revisions"}],"predecessor-version":[{"id":3675,"href":"https:\/\/www.lausitzer-museenland.de\/dsb\/wp-json\/wp\/v2\/pages\/449\/revisions\/3675"}],"up":[{"embeddable":true,"href":"https:\/\/www.lausitzer-museenland.de\/dsb\/wp-json\/wp\/v2\/pages\/380"}],"wp:attachment":[{"href":"https:\/\/www.lausitzer-museenland.de\/dsb\/wp-json\/wp\/v2\/media?parent=449"}],"curies":[{"name":"wp","href":"https:\/\/api.w.org\/{rel}","templated":true}]}}