{"id":452,"date":"2014-11-12T11:25:57","date_gmt":"2014-11-12T10:25:57","guid":{"rendered":"http:\/\/lausitzer-museenland.de\/?page_id=452"},"modified":"2014-12-17T18:07:45","modified_gmt":"2014-12-17T17:07:45","slug":"woher-wir-wissen-was-frueher-geschah","status":"publish","type":"page","link":"https:\/\/www.lausitzer-museenland.de\/dsb\/service\/kobi\/woher-wir-wissen-was-frueher-geschah\/","title":{"rendered":"Woher wir wissen, was fr\u00fcher geschah &#8211; In der Heimatstube Gro\u00df K\u00f6lzig"},"content":{"rendered":"<p>Die Zeugnisse der Vergangenheit zeigen in Schrift, Bild und Gegenstand, wie die Menschen fr\u00fcher gelebt und gearbeitet haben.<\/p>\n<p>Das Angebot findet indoor und outdoor statt und richtet sich an Sch\u00fcler der Klassen 4 bis 6.<br \/>\nTermine: nach Absprache<br \/>\nVoranmeldung: sp\u00e4testens 5 Tage vorher<br \/>\nGruppengr\u00f6\u00dfe: 5 bis 30 Personen<br \/>\nEintritt pro Person: nach Absprache<\/p>\n<p><a title=\"Heimatstube Gro\u00df K\u00f6lzig \/ Domowniska \u015bpa Wjeliki K\u00f3lsk\" href=\"\/museen\/heimatstube-gross-koelzig\/\">Heimatstube Gro\u00df K\u00f6lzig<\/a><\/p>","protected":false},"excerpt":{"rendered":"<p>Die Zeugnisse der Vergangenheit zeigen in Schrift, Bild und Gegenstand, wie die Menschen fr\u00fcher gelebt und gearbeitet haben. Das Angebot findet indoor und outdoor statt und richtet sich an Sch\u00fcler der Klassen 4 bis 6. Termine: nach Absprache Voranmeldung: sp\u00e4testens 5 Tage vorher Gruppengr\u00f6\u00dfe: 5 bis 30 Personen Eintritt pro Person: nach Absprache Heimatstube Gro\u00df<\/p>","protected":false},"author":13,"featured_media":0,"parent":380,"menu_order":0,"comment_status":"closed","ping_status":"closed","template":"","meta":[],"_links":{"self":[{"href":"https:\/\/www.lausitzer-museenland.de\/dsb\/wp-json\/wp\/v2\/pages\/452"}],"collection":[{"href":"https:\/\/www.lausitzer-museenland.de\/dsb\/wp-json\/wp\/v2\/pages"}],"about":[{"href":"https:\/\/www.lausitzer-museenland.de\/dsb\/wp-json\/wp\/v2\/types\/page"}],"author":[{"embeddable":true,"href":"https:\/\/www.lausitzer-museenland.de\/dsb\/wp-json\/wp\/v2\/users\/13"}],"replies":[{"embeddable":true,"href":"https:\/\/www.lausitzer-museenland.de\/dsb\/wp-json\/wp\/v2\/comments?post=452"}],"version-history":[{"count":5,"href":"https:\/\/www.lausitzer-museenland.de\/dsb\/wp-json\/wp\/v2\/pages\/452\/revisions"}],"predecessor-version":[{"id":3676,"href":"https:\/\/www.lausitzer-museenland.de\/dsb\/wp-json\/wp\/v2\/pages\/452\/revisions\/3676"}],"up":[{"embeddable":true,"href":"https:\/\/www.lausitzer-museenland.de\/dsb\/wp-json\/wp\/v2\/pages\/380"}],"wp:attachment":[{"href":"https:\/\/www.lausitzer-museenland.de\/dsb\/wp-json\/wp\/v2\/media?parent=452"}],"curies":[{"name":"wp","href":"https:\/\/api.w.org\/{rel}","templated":true}]}}