{"id":454,"date":"2014-11-12T11:26:19","date_gmt":"2014-11-12T10:26:19","guid":{"rendered":"http:\/\/lausitzer-museenland.de\/?page_id=454"},"modified":"2014-12-17T18:08:38","modified_gmt":"2014-12-17T17:08:38","slug":"aus-alter-zeit-heimatsagen-und-spukgeschichten","status":"publish","type":"page","link":"https:\/\/www.lausitzer-museenland.de\/dsb\/service\/kobi\/aus-alter-zeit-heimatsagen-und-spukgeschichten\/","title":{"rendered":"Aus alter Zeit &#8211; Heimatsagen und Spukgeschichten in der Heimatstube Gro\u00df K\u00f6lzig"},"content":{"rendered":"<p>Rund um Gro\u00df K\u00f6lzig wurden, wie in der gesamten Niederlausitz, schon immer Sagen und Geschichten erz\u00e4hlt. Einige Orte zeugen noch heute davon und k\u00f6nnen von den Sch\u00fclern erkundet werden.<\/p>\n<p>Das Angebot findet indoor und outdoor statt und richtet sich an Sch\u00fcler der Klassen 1 bis 7.<br \/>\nTermine: nach Absprache<br \/>\nVoranmeldung: sp\u00e4testens 5 Tage vorher<br \/>\nGruppengr\u00f6\u00dfe: 5 bis 30 Personen<br \/>\nEintritt pro Person: nach Absprache<\/p>\n<p><a title=\"Heimatstube Gro\u00df K\u00f6lzig \/ Domowniska \u015bpa Wjeliki K\u00f3lsk\" href=\"\/museen\/heimatstube-gross-koelzig\/\">Heimatstube Gro\u00df K\u00f6lzig<\/a><\/p>","protected":false},"excerpt":{"rendered":"<p>Rund um Gro\u00df K\u00f6lzig wurden, wie in der gesamten Niederlausitz, schon immer Sagen und Geschichten erz\u00e4hlt. Einige Orte zeugen noch heute davon und k\u00f6nnen von den Sch\u00fclern erkundet werden. Das Angebot findet indoor und outdoor statt und richtet sich an Sch\u00fcler der Klassen 1 bis 7. Termine: nach Absprache Voranmeldung: sp\u00e4testens 5 Tage vorher Gruppengr\u00f6\u00dfe:<\/p>","protected":false},"author":13,"featured_media":0,"parent":380,"menu_order":0,"comment_status":"closed","ping_status":"closed","template":"","meta":[],"_links":{"self":[{"href":"https:\/\/www.lausitzer-museenland.de\/dsb\/wp-json\/wp\/v2\/pages\/454"}],"collection":[{"href":"https:\/\/www.lausitzer-museenland.de\/dsb\/wp-json\/wp\/v2\/pages"}],"about":[{"href":"https:\/\/www.lausitzer-museenland.de\/dsb\/wp-json\/wp\/v2\/types\/page"}],"author":[{"embeddable":true,"href":"https:\/\/www.lausitzer-museenland.de\/dsb\/wp-json\/wp\/v2\/users\/13"}],"replies":[{"embeddable":true,"href":"https:\/\/www.lausitzer-museenland.de\/dsb\/wp-json\/wp\/v2\/comments?post=454"}],"version-history":[{"count":7,"href":"https:\/\/www.lausitzer-museenland.de\/dsb\/wp-json\/wp\/v2\/pages\/454\/revisions"}],"predecessor-version":[{"id":3677,"href":"https:\/\/www.lausitzer-museenland.de\/dsb\/wp-json\/wp\/v2\/pages\/454\/revisions\/3677"}],"up":[{"embeddable":true,"href":"https:\/\/www.lausitzer-museenland.de\/dsb\/wp-json\/wp\/v2\/pages\/380"}],"wp:attachment":[{"href":"https:\/\/www.lausitzer-museenland.de\/dsb\/wp-json\/wp\/v2\/media?parent=454"}],"curies":[{"name":"wp","href":"https:\/\/api.w.org\/{rel}","templated":true}]}}