{"id":460,"date":"2014-11-12T11:28:15","date_gmt":"2014-11-12T10:28:15","guid":{"rendered":"http:\/\/lausitzer-museenland.de\/?page_id=460"},"modified":"2014-12-17T18:10:27","modified_gmt":"2014-12-17T17:10:27","slug":"wie-die-menschen-frueher-lebten","status":"publish","type":"page","link":"https:\/\/www.lausitzer-museenland.de\/dsb\/service\/kobi\/wie-die-menschen-frueher-lebten\/","title":{"rendered":"Wie die Menschen fr\u00fcher lebten und arbeiteten &#8211; Landwirtschaft und Bergbau &#8211; in der Heimatstube Gro\u00df K\u00f6lzig"},"content":{"rendered":"<p>In der Heimatstube werden hauswirtschaftliche, landwirtschaftliche und bergbauliche Gegenst\u00e4nde bzw. Ger\u00e4te der Glasherstellung ausgestellt. Sie dokumentieren das Leben und die schwere Arbeit fr\u00fcherer Zeiten.<\/p>\n<p>Das Angebot findet indoor und outdoor statt und richtet sich an Sch\u00fcler der Klassen 4 bis 7.<br \/>\nTermine: nach Absprache<br \/>\nVoranmeldung: sp\u00e4testens 5 Tage vorher<br \/>\nGruppengr\u00f6\u00dfe: 5 bis 30 Personen<br \/>\nEintritt pro Person: nach Absprache<\/p>\n<p><a title=\"Heimatstube Gro\u00df K\u00f6lzig \/ Domowniska \u015bpa Wjeliki K\u00f3lsk\" href=\"\/museen\/heimatstube-gross-koelzig\/\">Heimatstube Gro\u00df K\u00f6lzig<\/a><\/p>","protected":false},"excerpt":{"rendered":"<p>In der Heimatstube werden hauswirtschaftliche, landwirtschaftliche und bergbauliche Gegenst\u00e4nde bzw. Ger\u00e4te der Glasherstellung ausgestellt. Sie dokumentieren das Leben und die schwere Arbeit fr\u00fcherer Zeiten. Das Angebot findet indoor und outdoor statt und richtet sich an Sch\u00fcler der Klassen 4 bis 7. Termine: nach Absprache Voranmeldung: sp\u00e4testens 5 Tage vorher Gruppengr\u00f6\u00dfe: 5 bis 30 Personen Eintritt<\/p>","protected":false},"author":13,"featured_media":0,"parent":380,"menu_order":0,"comment_status":"closed","ping_status":"closed","template":"","meta":[],"_links":{"self":[{"href":"https:\/\/www.lausitzer-museenland.de\/dsb\/wp-json\/wp\/v2\/pages\/460"}],"collection":[{"href":"https:\/\/www.lausitzer-museenland.de\/dsb\/wp-json\/wp\/v2\/pages"}],"about":[{"href":"https:\/\/www.lausitzer-museenland.de\/dsb\/wp-json\/wp\/v2\/types\/page"}],"author":[{"embeddable":true,"href":"https:\/\/www.lausitzer-museenland.de\/dsb\/wp-json\/wp\/v2\/users\/13"}],"replies":[{"embeddable":true,"href":"https:\/\/www.lausitzer-museenland.de\/dsb\/wp-json\/wp\/v2\/comments?post=460"}],"version-history":[{"count":7,"href":"https:\/\/www.lausitzer-museenland.de\/dsb\/wp-json\/wp\/v2\/pages\/460\/revisions"}],"predecessor-version":[{"id":3679,"href":"https:\/\/www.lausitzer-museenland.de\/dsb\/wp-json\/wp\/v2\/pages\/460\/revisions\/3679"}],"up":[{"embeddable":true,"href":"https:\/\/www.lausitzer-museenland.de\/dsb\/wp-json\/wp\/v2\/pages\/380"}],"wp:attachment":[{"href":"https:\/\/www.lausitzer-museenland.de\/dsb\/wp-json\/wp\/v2\/media?parent=460"}],"curies":[{"name":"wp","href":"https:\/\/api.w.org\/{rel}","templated":true}]}}