{"id":4606,"date":"2016-06-01T13:19:07","date_gmt":"2016-06-01T12:19:07","guid":{"rendered":"http:\/\/lausitzer-museenland.de\/?page_id=4606"},"modified":"2021-07-30T12:13:51","modified_gmt":"2021-07-30T10:13:51","slug":"verschenken-statt-wegwerfen-abgabe-musealer-stuecke","status":"publish","type":"page","link":"https:\/\/www.lausitzer-museenland.de\/dsb\/service\/verschenken-statt-wegwerfen-abgabe-musealer-stuecke\/","title":{"rendered":"Verschenken statt Wegwerfen &#8211; Abgabe musealer St\u00fccke"},"content":{"rendered":"<p>Kaum ein Museum ist arbeits- und lebensf\u00e4hig, wenn Spenden und Geschenke ausbleiben. Viele Museen konnten \u00fcberhaupt erst durch Schenkungen entstehen. Das &#8222;Lausitzer Museenland&#8220; sucht museale Gegenst\u00e4nde, Erinnerungsst\u00fccke und damit verbundene Geschichten.<\/p>\n<p>Wenn sie Dinge haben, die sie den Museen \u00fcberlassen wollen oder diesbez\u00fcglich Fragen haben, informieren sie uns bitte per E-Mail an <a href=\"mailto:info@lausitzer-museenland.de\" target=\"_blank\" rel=\"noopener noreferrer\">info@lausitzer-museenland.de<\/a> oder wenden sie sich telefonisch an Sven Vogt unter 0 35606-429035 oder mobil 0175-7335180.<\/p>\n<p>Gemeinsam mit ihnen suchen wir im \u201eLausitzer Museenland\u201c ein Museum aus, zu dem ihr Geschenk bzw. ihre Spende passt. Meine Kollegen aus den Sammlungsabteilungen der Museen und ich stellen sicher, dass s\u00e4mtliche gespendeten musealen Objekte ordnungsgem\u00e4\u00df dokumentiert und magaziniert werden, sodass eine umfassende und vor allem langfristige Sicherung der Dinge gew\u00e4hrleistet wird.<\/p>","protected":false},"excerpt":{"rendered":"<p>Kaum ein Museum ist arbeits- und lebensf\u00e4hig, wenn Spenden und Geschenke ausbleiben. Viele Museen konnten \u00fcberhaupt erst durch Schenkungen entstehen. Das &#8222;Lausitzer Museenland&#8220; sucht museale Gegenst\u00e4nde, Erinnerungsst\u00fccke und damit verbundene Geschichten. Wenn sie Dinge haben, die sie den Museen \u00fcberlassen wollen oder diesbez\u00fcglich Fragen haben, informieren sie uns bitte per E-Mail an info@lausitzer-museenland.de oder wenden<\/p>","protected":false},"author":13,"featured_media":4553,"parent":281,"menu_order":0,"comment_status":"closed","ping_status":"closed","template":"","meta":[],"_links":{"self":[{"href":"https:\/\/www.lausitzer-museenland.de\/dsb\/wp-json\/wp\/v2\/pages\/4606"}],"collection":[{"href":"https:\/\/www.lausitzer-museenland.de\/dsb\/wp-json\/wp\/v2\/pages"}],"about":[{"href":"https:\/\/www.lausitzer-museenland.de\/dsb\/wp-json\/wp\/v2\/types\/page"}],"author":[{"embeddable":true,"href":"https:\/\/www.lausitzer-museenland.de\/dsb\/wp-json\/wp\/v2\/users\/13"}],"replies":[{"embeddable":true,"href":"https:\/\/www.lausitzer-museenland.de\/dsb\/wp-json\/wp\/v2\/comments?post=4606"}],"version-history":[{"count":11,"href":"https:\/\/www.lausitzer-museenland.de\/dsb\/wp-json\/wp\/v2\/pages\/4606\/revisions"}],"predecessor-version":[{"id":53497,"href":"https:\/\/www.lausitzer-museenland.de\/dsb\/wp-json\/wp\/v2\/pages\/4606\/revisions\/53497"}],"up":[{"embeddable":true,"href":"https:\/\/www.lausitzer-museenland.de\/dsb\/wp-json\/wp\/v2\/pages\/281"}],"wp:featuredmedia":[{"embeddable":true,"href":"https:\/\/www.lausitzer-museenland.de\/dsb\/wp-json\/wp\/v2\/media\/4553"}],"wp:attachment":[{"href":"https:\/\/www.lausitzer-museenland.de\/dsb\/wp-json\/wp\/v2\/media?parent=4606"}],"curies":[{"name":"wp","href":"https:\/\/api.w.org\/{rel}","templated":true}]}}