{"id":464,"date":"2014-11-12T11:31:10","date_gmt":"2014-11-12T10:31:10","guid":{"rendered":"http:\/\/lausitzer-museenland.de\/?page_id=464"},"modified":"2014-12-17T18:11:27","modified_gmt":"2014-12-17T17:11:27","slug":"wie-schule-frueher-war-in-koelzig","status":"publish","type":"page","link":"https:\/\/www.lausitzer-museenland.de\/dsb\/service\/kobi\/wie-schule-frueher-war-in-koelzig\/","title":{"rendered":"Wie Schule fr\u00fcher war in Gro\u00df K\u00f6lzig"},"content":{"rendered":"<p>Die Kinder erleben eine Schulstunde wie zu Omas und Opas Zeiten und erfahren, welche Rolle dabei ein Rohrstock gespielt hat.<\/p>\n<p>Das Angebot findet indoor statt und richtet sich an Sch\u00fcler der Klassen 1 bis 7.<br \/>\nTermine: nach Absprache<br \/>\nVoranmeldung: sp\u00e4testens 5 Tage vorher<br \/>\nGruppengr\u00f6\u00dfe: 5 bis 30 Personen<br \/>\nEintritt pro Person: nach Absprache<\/p>\n<p><a title=\"Heimatstube Gro\u00df K\u00f6lzig \/ Domowniska \u015bpa Wjeliki K\u00f3lsk\" href=\"\/museen\/heimatstube-gross-koelzig\/\">Heimatstube Gro\u00df K\u00f6lzig<\/a><\/p>","protected":false},"excerpt":{"rendered":"<p>Die Kinder erleben eine Schulstunde wie zu Omas und Opas Zeiten und erfahren, welche Rolle dabei ein Rohrstock gespielt hat. Das Angebot findet indoor statt und richtet sich an Sch\u00fcler der Klassen 1 bis 7. Termine: nach Absprache Voranmeldung: sp\u00e4testens 5 Tage vorher Gruppengr\u00f6\u00dfe: 5 bis 30 Personen Eintritt pro Person: nach Absprache Heimatstube Gro\u00df<\/p>","protected":false},"author":13,"featured_media":0,"parent":380,"menu_order":0,"comment_status":"closed","ping_status":"closed","template":"","meta":[],"_links":{"self":[{"href":"https:\/\/www.lausitzer-museenland.de\/dsb\/wp-json\/wp\/v2\/pages\/464"}],"collection":[{"href":"https:\/\/www.lausitzer-museenland.de\/dsb\/wp-json\/wp\/v2\/pages"}],"about":[{"href":"https:\/\/www.lausitzer-museenland.de\/dsb\/wp-json\/wp\/v2\/types\/page"}],"author":[{"embeddable":true,"href":"https:\/\/www.lausitzer-museenland.de\/dsb\/wp-json\/wp\/v2\/users\/13"}],"replies":[{"embeddable":true,"href":"https:\/\/www.lausitzer-museenland.de\/dsb\/wp-json\/wp\/v2\/comments?post=464"}],"version-history":[{"count":7,"href":"https:\/\/www.lausitzer-museenland.de\/dsb\/wp-json\/wp\/v2\/pages\/464\/revisions"}],"predecessor-version":[{"id":3680,"href":"https:\/\/www.lausitzer-museenland.de\/dsb\/wp-json\/wp\/v2\/pages\/464\/revisions\/3680"}],"up":[{"embeddable":true,"href":"https:\/\/www.lausitzer-museenland.de\/dsb\/wp-json\/wp\/v2\/pages\/380"}],"wp:attachment":[{"href":"https:\/\/www.lausitzer-museenland.de\/dsb\/wp-json\/wp\/v2\/media?parent=464"}],"curies":[{"name":"wp","href":"https:\/\/api.w.org\/{rel}","templated":true}]}}