{"id":46503,"date":"2019-05-14T08:55:52","date_gmt":"2019-05-14T07:55:52","guid":{"rendered":"http:\/\/lausitzer-museenland.de\/?page_id=46503"},"modified":"2023-11-30T13:16:35","modified_gmt":"2023-11-30T12:16:35","slug":"museum-am-pulverturm-peitz-muzej-psi-pulbjerowem-tormje-picnjo","status":"publish","type":"page","link":"https:\/\/www.lausitzer-museenland.de\/dsb\/museen\/museum-am-pulverturm-peitz-muzej-psi-pulbjerowem-tormje-picnjo\/","title":{"rendered":"Museum \u201eAm Pulverturm\u201c Peitz \/ Muzej \u201eP\u015bi pulbjerowem tormje\u201c Picnjo"},"content":{"rendered":"<p><a href=\"#galerie_peitz\">Galeria<\/a> | <a href=\"#austellungen_peitz\">Ausstellungen<\/a> | <a href=\"#kinderangebot_peitz\">Oferty dla dzieci<\/a><br \/>\n<img loading=\"lazy\" class=\"enigma_img_responsive alignnone wp-image-49564\" src=\"https:\/\/www.lausitzer-museenland.de\/wp-content\/uploads\/2019\/05\/DSC04779_skaliert.png\" alt=\" DSC04779_skaliert\" width=\"402\" height=\"301\" \/><\/p>\n<\/p>\n<p>P\u00f3znawa\u0144ska dundanka p\u015bez Pica\u0144ske a twardnicowe stawizny<\/p>\n<p>Muzej, na zachopje\u0144ku 19. stol\u011b\u015ba natwarjony berga\u0155ski dom, stoj w historiskej srjej\u017ai m\u011bsta Picnjo. K tomu wobce\u0155koju s\u0142u\u0161atej areal n\u011bgaj\u0161neje citadele a n\u011bgaj\u0161ny wobce\u0155k groblow a nasypow m\u011bs\u0107a\u0144skego \u0161\u0107ita\u0144skego kompleksa. C\u0142onki \u201cHistoriskego towaristwa w Picnju z.t.\u201d su twarjenje p\u00f3 p\u015bik\u0142a\u017ae pomnikow wutwarili, san\u011browali a tam muzej w\u00f3 pica\u0144skich m\u011bs\u0107a\u0144skich a twardnicowych stawiznach wug\u00f3towali.<\/p>\n<p>Prezentacija se r\u011bdujo w g\u0142ownem do p\u011b\u015b tematiskich wobce\u0155kow:<\/p>\n<p>Bronzowa doba: Wogl\u011bdarje zg\u00f3niju, kak lu\u017ae su p\u015bed n\u011bkak 4000 l\u011btami we \u0141u\u017eycy \u017eywe byli.<\/p>\n<p>Germa\u0144ska doba: L\u011bbda n\u011bchten w\u011b, a\u017e germa\u0144ski rod Burgundarjow jo n\u011bga w stronach \u0141u\u017eyskeje Nyse sedli\u0142.<\/p>\n<p>Srjej\u017aow\u011bk: G\u00f3s\u0107i m\u00f3gu how wuzg\u00f3njowa\u015b, kake jo w srjej\u017aow\u011bku w Picnju \u017eywjenje by\u0142o a k\u00f3tare katowa\u0144ske metody su se w tom casu na\u0142o\u017eowali.<\/p>\n<p>Stra\u017enikowa \u015bpa: How dostawaju g\u00f3s\u0107i zajmne p\u00f3gl\u011bdy do stra\u017enikoweje \u015bpy w\u00f3jakow w casu 30l\u011btneje w\u00f3jny.<\/p>\n<p>Cas twardnice: Zajmce se wjedu do 16. stol\u011b\u015ba, ako jo se w l\u011btach 1559-1562 pica\u0144ska twardnica natwari\u0142a. Wogl\u011bdarje m\u00f3gu 2 x 2 metra wjeliki twardnicowy model p\u00f3 originalu z l\u011bta 1785 wob\u017aiwowa\u015b.<\/p>\n<p>\n<p><strong>Streifzug durch die Peitzer Stadt- und Festungsgeschichte<\/strong><\/p>\n<h3>-<\/h3>\n<p>Das Museum, ein Anfang des 19. Jahrhunderts errichtetes B\u00fcrgerhaus, liegt im historischen Ortskern der Stadt Peitz. Zu diesem Bereich geh\u00f6ren das Terrain der ehemaligen Zitadelle sowie der ehemalige Graben- und Wallbereich der Stadtbefestigung. Mitglieder des Historischen Vereins zu Peitz e.V. haben das Geb\u00e4ude in den letzten Jahren denkmalgerecht ausgebaut, saniert und darin ein Museum zur Peitzer Stadt- und Festungsgeschichte eingerichtet.<\/p>\n<h3>-<\/h3>\n<p>Die Pr\u00e4sentation gliedert sich im Wesentlichen in f\u00fcnf thematische Bereiche:<\/p>\n<ul>\n<li>Bronzezeit: Besucher erfahren, wie die Menschen der Lausitz vor etwa 4000 Jahren lebten.<\/li>\n<li>Germanenzeit: Kaum jemand wei\u00df, dass der germanische Stamm der Burgunder einst im Bereich der Lausitzer Nei\u00dfe siedelte.<\/li>\n<li>Mittelalter: G\u00e4ste k\u00f6nnen hier erkunden, wie man im Mittelalter in Peitz lebte und welche Foltermethoden zu dieser Zeit \u00fcblich waren.<\/li>\n<li>Wachstube: Hier erh\u00e4lt man interessante Einblicke in eine Landsknechts-Wachstube des 30j\u00e4hrigen Krieges.<\/li>\n<li>Festungszeit: Interessierte werden in das 16. Jahrhundert entf\u00fchrt, als in den Jahren 1559 bis 1562 die Peitzer Festung gebaut wurde. Bestaunt werden kann das 2 x 2 Meter gro\u00dfe originalgetreue Festungsmodell aus dem Jahr 1758.<\/li>\n<\/ul>\n<h3>-<a id=\"austellungen_peitz\"><\/a><\/h3>\n<ul>\n<li>Auf Anfrage finden museumsp\u00e4dagogische Angebote in gro\u00dfer Themenvielfalt f\u00fcr Sch\u00fcler statt.<\/li>\n<li>Vereinsmitglieder in historischer Gewandung entf\u00fchren ihre G\u00e4ste zu einer spannenden und unterhaltsamen Altstadtf\u00fchrung durch die Peitzer Stadt- und Festungsgeschichte.<\/li>\n<\/ul>\n<h3>Angebote f\u00fcr Kinder &#8211; Mit Kobi ins Museum<a id=\"kinderangebot_peitz\"><\/a><\/h3>\n<p>Kobi &#8211; der kleine Hausgeist &#8211; ist im Museum zu Hause. Dort wohnt er im Pantoffel unterm Ofen. Um Mitternacht belauscht er die alten Museumsst\u00fccke, wenn sie von fr\u00fcher erz\u00e4hlen. Diese spannenden Geschichten plaudert er an die Museumsmitarbeiter aus, und diese erz\u00e4hlen sie den Kindern weiter &#8211; Begebenheiten aus alter, alter Zeit.<\/p>\n<p class=\"entry-title post-title\">Kobiangebote: keine<\/p>\n<h3>Galeria<a id=\"galerie_peitz\"><\/a><\/h3>\n<p><span style=\"font-size: 10pt; color: #008000;\">Fotos: Christoph Malcherowitz<\/span><\/p>\n<div id=\"envira-gallery-wrap-46503\" class=\"envira-gallery-wrap envira-gallery-theme-base envira-lightbox-theme-base\" itemscope itemtype=\"https:\/\/schema.org\/ImageGallery\"><div data-row-height=\"\" data-gallery-theme=\"\" id=\"envira-gallery-46503\" class=\"envira-gallery-public  envira-gallery-1-columns envira-clear enviratope envira-gallery-css-animations\" data-envira-columns=\"1\"><div id=\"envira-gallery-item-50247\" class=\"envira-gallery-item enviratope-item envira-gallery-item-1\" style=\"padding-left: 5px; padding-bottom: 10px; padding-right: 5px;\"  itemscope itemtype=\"https:\/\/schema.org\/ImageObject\"><div class=\"envira-gallery-item-inner\"><div class=\"envira-gallery-position-overlay  envira-gallery-top-left\"><\/div><div class=\"envira-gallery-position-overlay  envira-gallery-top-right\"><\/div><div class=\"envira-gallery-position-overlay  envira-gallery-bottom-left\"><\/div><div class=\"envira-gallery-position-overlay  envira-gallery-bottom-right\"><\/div><a href=\"https:\/\/www.lausitzer-museenland.de\/wp-content\/uploads\/2019\/05\/Bronzezeit.jpg\" class=\"envira-gallery-46503 envira-gallery-link\" rel=\"enviragallery46503\" title=\"Bronzezeit\" data-envira-caption=\"Bronzezeit\" data-envira-retina=\"\" data-thumbnail=\"\"  itemprop=\"contentUrl\"><div class=\"envira-lazy\" data-test-width=\"960\" data-test-height=\"300\" style=\"padding-bottom:31.25%;\"><img id=\"envira-gallery-image-50247\" class=\"envira-gallery-image envira-gallery-image-1\" data-envira-index=\"1\" src=\"https:\/\/www.lausitzer-museenland.de\/wp-content\/uploads\/2019\/05\/Bronzezeit-1024x579.jpg\" data-envira-src=\"https:\/\/www.lausitzer-museenland.de\/wp-content\/uploads\/2019\/05\/Bronzezeit-1024x579.jpg\" data-envira-gallery-id=\"46503\" data-envira-item-id=\"50247\" data-envira-caption=\"Bronzezeit\" alt=\"\" title=\"Bronzezeit\"  itemprop=\"thumbnailUrl\" data-envira-srcset=\"https:\/\/www.lausitzer-museenland.de\/wp-content\/uploads\/2019\/05\/Bronzezeit-1024x579.jpg 400w,https:\/\/www.lausitzer-museenland.de\/wp-content\/uploads\/2019\/05\/Bronzezeit-1024x579.jpg 2x\" srcset=\"data:image\/gif;base64,R0lGODlhAQABAIAAAP\/\/\/\/\/\/\/yH5BAEKAAEALAAAAAABAAEAAAICTAEAOw==\" \/><\/div><\/a><\/div><\/div><div id=\"envira-gallery-item-50248\" class=\"envira-gallery-item enviratope-item envira-gallery-item-2\" style=\"padding-left: 5px; padding-bottom: 10px; padding-right: 5px;\"  itemscope itemtype=\"https:\/\/schema.org\/ImageObject\"><div class=\"envira-gallery-item-inner\"><div class=\"envira-gallery-position-overlay  envira-gallery-top-left\"><\/div><div class=\"envira-gallery-position-overlay  envira-gallery-top-right\"><\/div><div class=\"envira-gallery-position-overlay  envira-gallery-bottom-left\"><\/div><div class=\"envira-gallery-position-overlay  envira-gallery-bottom-right\"><\/div><a href=\"https:\/\/www.lausitzer-museenland.de\/wp-content\/uploads\/2019\/05\/Festungszeit.jpg\" class=\"envira-gallery-46503 envira-gallery-link\" rel=\"enviragallery46503\" title=\"Festungszeit\" data-envira-caption=\"Festungszeit\" data-envira-retina=\"\" data-thumbnail=\"\"  itemprop=\"contentUrl\"><div class=\"envira-lazy\" data-test-width=\"960\" data-test-height=\"300\" style=\"padding-bottom:31.25%;\"><img id=\"envira-gallery-image-50248\" class=\"envira-gallery-image envira-gallery-image-2\" data-envira-index=\"2\" src=\"https:\/\/www.lausitzer-museenland.de\/wp-content\/uploads\/2019\/05\/Festungszeit-1024x768.jpg\" data-envira-src=\"https:\/\/www.lausitzer-museenland.de\/wp-content\/uploads\/2019\/05\/Festungszeit-1024x768.jpg\" data-envira-gallery-id=\"46503\" data-envira-item-id=\"50248\" data-envira-caption=\"Festungszeit\" alt=\"\" title=\"Festungszeit\"  itemprop=\"thumbnailUrl\" data-envira-srcset=\"https:\/\/www.lausitzer-museenland.de\/wp-content\/uploads\/2019\/05\/Festungszeit-1024x768.jpg 400w,https:\/\/www.lausitzer-museenland.de\/wp-content\/uploads\/2019\/05\/Festungszeit-1024x768.jpg 2x\" srcset=\"data:image\/gif;base64,R0lGODlhAQABAIAAAP\/\/\/\/\/\/\/yH5BAEKAAEALAAAAAABAAEAAAICTAEAOw==\" \/><\/div><\/a><\/div><\/div><div id=\"envira-gallery-item-50249\" class=\"envira-gallery-item enviratope-item envira-gallery-item-3\" style=\"padding-left: 5px; padding-bottom: 10px; padding-right: 5px;\"  itemscope itemtype=\"https:\/\/schema.org\/ImageObject\"><div class=\"envira-gallery-item-inner\"><div class=\"envira-gallery-position-overlay  envira-gallery-top-left\"><\/div><div class=\"envira-gallery-position-overlay  envira-gallery-top-right\"><\/div><div class=\"envira-gallery-position-overlay  envira-gallery-bottom-left\"><\/div><div class=\"envira-gallery-position-overlay  envira-gallery-bottom-right\"><\/div><a href=\"https:\/\/www.lausitzer-museenland.de\/wp-content\/uploads\/2019\/05\/Folterkammer1.jpg\" class=\"envira-gallery-46503 envira-gallery-link\" rel=\"enviragallery46503\" title=\"Folterkammer(1)\" data-envira-caption=\"Folterkammer(1)\" data-envira-retina=\"\" data-thumbnail=\"\"  itemprop=\"contentUrl\"><div class=\"envira-lazy\" data-test-width=\"960\" data-test-height=\"300\" style=\"padding-bottom:31.25%;\"><img id=\"envira-gallery-image-50249\" class=\"envira-gallery-image envira-gallery-image-3\" data-envira-index=\"3\" src=\"https:\/\/www.lausitzer-museenland.de\/wp-content\/uploads\/2019\/05\/Folterkammer1-1024x768.jpg\" data-envira-src=\"https:\/\/www.lausitzer-museenland.de\/wp-content\/uploads\/2019\/05\/Folterkammer1-1024x768.jpg\" data-envira-gallery-id=\"46503\" data-envira-item-id=\"50249\" data-envira-caption=\"Folterkammer(1)\" alt=\"\" title=\"Folterkammer(1)\"  itemprop=\"thumbnailUrl\" data-envira-srcset=\"https:\/\/www.lausitzer-museenland.de\/wp-content\/uploads\/2019\/05\/Folterkammer1-1024x768.jpg 400w,https:\/\/www.lausitzer-museenland.de\/wp-content\/uploads\/2019\/05\/Folterkammer1-1024x768.jpg 2x\" srcset=\"data:image\/gif;base64,R0lGODlhAQABAIAAAP\/\/\/\/\/\/\/yH5BAEKAAEALAAAAAABAAEAAAICTAEAOw==\" \/><\/div><\/a><\/div><\/div><div id=\"envira-gallery-item-50250\" class=\"envira-gallery-item enviratope-item envira-gallery-item-4\" style=\"padding-left: 5px; padding-bottom: 10px; padding-right: 5px;\"  itemscope itemtype=\"https:\/\/schema.org\/ImageObject\"><div class=\"envira-gallery-item-inner\"><div class=\"envira-gallery-position-overlay  envira-gallery-top-left\"><\/div><div class=\"envira-gallery-position-overlay  envira-gallery-top-right\"><\/div><div class=\"envira-gallery-position-overlay  envira-gallery-bottom-left\"><\/div><div class=\"envira-gallery-position-overlay  envira-gallery-bottom-right\"><\/div><a href=\"https:\/\/www.lausitzer-museenland.de\/wp-content\/uploads\/2019\/05\/Mittelalter.jpg\" class=\"envira-gallery-46503 envira-gallery-link\" rel=\"enviragallery46503\" title=\"Mittelalter\" data-envira-caption=\"Mittelalter\" data-envira-retina=\"\" data-thumbnail=\"\"  itemprop=\"contentUrl\"><div class=\"envira-lazy\" data-test-width=\"960\" data-test-height=\"300\" style=\"padding-bottom:31.25%;\"><img id=\"envira-gallery-image-50250\" class=\"envira-gallery-image envira-gallery-image-4\" data-envira-index=\"4\" src=\"https:\/\/www.lausitzer-museenland.de\/wp-content\/uploads\/2019\/05\/Mittelalter-1024x768.jpg\" data-envira-src=\"https:\/\/www.lausitzer-museenland.de\/wp-content\/uploads\/2019\/05\/Mittelalter-1024x768.jpg\" data-envira-gallery-id=\"46503\" data-envira-item-id=\"50250\" data-envira-caption=\"Mittelalter\" alt=\"\" title=\"Mittelalter\"  itemprop=\"thumbnailUrl\" data-envira-srcset=\"https:\/\/www.lausitzer-museenland.de\/wp-content\/uploads\/2019\/05\/Mittelalter-1024x768.jpg 400w,https:\/\/www.lausitzer-museenland.de\/wp-content\/uploads\/2019\/05\/Mittelalter-1024x768.jpg 2x\" srcset=\"data:image\/gif;base64,R0lGODlhAQABAIAAAP\/\/\/\/\/\/\/yH5BAEKAAEALAAAAAABAAEAAAICTAEAOw==\" \/><\/div><\/a><\/div><\/div><div id=\"envira-gallery-item-50251\" class=\"envira-gallery-item enviratope-item envira-gallery-item-5\" style=\"padding-left: 5px; padding-bottom: 10px; padding-right: 5px;\"  itemscope itemtype=\"https:\/\/schema.org\/ImageObject\"><div class=\"envira-gallery-item-inner\"><div class=\"envira-gallery-position-overlay  envira-gallery-top-left\"><\/div><div class=\"envira-gallery-position-overlay  envira-gallery-top-right\"><\/div><div class=\"envira-gallery-position-overlay  envira-gallery-bottom-left\"><\/div><div class=\"envira-gallery-position-overlay  envira-gallery-bottom-right\"><\/div><a href=\"https:\/\/www.lausitzer-museenland.de\/wp-content\/uploads\/2019\/05\/Wachstube.jpg\" class=\"envira-gallery-46503 envira-gallery-link\" rel=\"enviragallery46503\" title=\"Wachstube\" data-envira-caption=\"Wachstube\" data-envira-retina=\"\" data-thumbnail=\"\"  itemprop=\"contentUrl\"><div class=\"envira-lazy\" data-test-width=\"960\" data-test-height=\"300\" style=\"padding-bottom:31.25%;\"><img id=\"envira-gallery-image-50251\" class=\"envira-gallery-image envira-gallery-image-5\" data-envira-index=\"5\" src=\"https:\/\/www.lausitzer-museenland.de\/wp-content\/uploads\/2019\/05\/Wachstube-1024x768.jpg\" data-envira-src=\"https:\/\/www.lausitzer-museenland.de\/wp-content\/uploads\/2019\/05\/Wachstube-1024x768.jpg\" data-envira-gallery-id=\"46503\" data-envira-item-id=\"50251\" data-envira-caption=\"Wachstube\" alt=\"\" title=\"Wachstube\"  itemprop=\"thumbnailUrl\" data-envira-srcset=\"https:\/\/www.lausitzer-museenland.de\/wp-content\/uploads\/2019\/05\/Wachstube-1024x768.jpg 400w,https:\/\/www.lausitzer-museenland.de\/wp-content\/uploads\/2019\/05\/Wachstube-1024x768.jpg 2x\" srcset=\"data:image\/gif;base64,R0lGODlhAQABAIAAAP\/\/\/\/\/\/\/yH5BAEKAAEALAAAAAABAAEAAAICTAEAOw==\" \/><\/div><\/a><\/div><\/div><\/div><\/div><noscript><img src=\"https:\/\/www.lausitzer-museenland.de\/wp-content\/uploads\/2019\/05\/Bronzezeit.jpg\" alt=\"\" \/><img src=\"https:\/\/www.lausitzer-museenland.de\/wp-content\/uploads\/2019\/05\/Festungszeit.jpg\" alt=\"\" \/><img src=\"https:\/\/www.lausitzer-museenland.de\/wp-content\/uploads\/2019\/05\/Folterkammer1.jpg\" alt=\"\" \/><img src=\"https:\/\/www.lausitzer-museenland.de\/wp-content\/uploads\/2019\/05\/Mittelalter.jpg\" alt=\"\" \/><img src=\"https:\/\/www.lausitzer-museenland.de\/wp-content\/uploads\/2019\/05\/Wachstube.jpg\" alt=\"\" \/><\/noscript>","protected":false},"excerpt":{"rendered":"<p>Galerie | Ausstellungen | Angebote f\u00fcr Kinder Streifzug durch die Peitzer Stadt- und Festungsgeschichte Geb\u00e4ude- \/ Grundst\u00fcckssituation Das Museum, ein Anfang des 19. Jahrhunderts errichtetes B\u00fcrgerhaus, liegt im historischen Ortskern der Stadt Peitz. Zu diesem Bereich geh\u00f6ren das Terrain der ehemaligen Zitadelle sowie der ehemalige Graben- und Wallbereich der Stadtbefestigung. Mitglieder des Historischen Vereins zu<\/p>","protected":false},"author":13,"featured_media":0,"parent":113,"menu_order":0,"comment_status":"closed","ping_status":"closed","template":"","meta":[],"_links":{"self":[{"href":"https:\/\/www.lausitzer-museenland.de\/dsb\/wp-json\/wp\/v2\/pages\/46503"}],"collection":[{"href":"https:\/\/www.lausitzer-museenland.de\/dsb\/wp-json\/wp\/v2\/pages"}],"about":[{"href":"https:\/\/www.lausitzer-museenland.de\/dsb\/wp-json\/wp\/v2\/types\/page"}],"author":[{"embeddable":true,"href":"https:\/\/www.lausitzer-museenland.de\/dsb\/wp-json\/wp\/v2\/users\/13"}],"replies":[{"embeddable":true,"href":"https:\/\/www.lausitzer-museenland.de\/dsb\/wp-json\/wp\/v2\/comments?post=46503"}],"version-history":[{"count":21,"href":"https:\/\/www.lausitzer-museenland.de\/dsb\/wp-json\/wp\/v2\/pages\/46503\/revisions"}],"predecessor-version":[{"id":53950,"href":"https:\/\/www.lausitzer-museenland.de\/dsb\/wp-json\/wp\/v2\/pages\/46503\/revisions\/53950"}],"up":[{"embeddable":true,"href":"https:\/\/www.lausitzer-museenland.de\/dsb\/wp-json\/wp\/v2\/pages\/113"}],"wp:attachment":[{"href":"https:\/\/www.lausitzer-museenland.de\/dsb\/wp-json\/wp\/v2\/media?parent=46503"}],"curies":[{"name":"wp","href":"https:\/\/api.w.org\/{rel}","templated":true}]}}