{"id":471,"date":"2014-11-12T11:40:51","date_gmt":"2014-11-12T10:40:51","guid":{"rendered":"http:\/\/lausitzer-museenland.de\/?page_id=471"},"modified":"2020-02-06T14:35:47","modified_gmt":"2020-02-06T13:35:47","slug":"auf-den-spuren-lausitzer-ziegel-und-feldbahnen","status":"publish","type":"page","link":"https:\/\/www.lausitzer-museenland.de\/dsb\/service\/kobi\/auf-den-spuren-lausitzer-ziegel-und-feldbahnen\/","title":{"rendered":"Auf den Spuren Lausitzer Ziegel und Feldbahnen in der &#8222;Alten Ziegelei&#8220; Klein K\u00f6lzig"},"content":{"rendered":"<p>Die Tradition des Ziegelbrennens in Klein K\u00f6lzig reicht weit in das 19. Jahrhundert zur\u00fcck. Nachdem seit 1840 die ersten kleinen privaten Ziegeleien entstanden, errichtete 1892\/94 die Aktiengesellschaft Gro\u00dfer Kurf\u00fcrst Berlin eine Ziegelei in Klein K\u00f6lzig, dessen Kernst\u00fcck ein Ringofen mit 18 Brennkammern ist. 1920 wird f\u00fcr den Tontransport eine Feldbahn in Betrieb genommen, welche eine L\u00e4nge von 4,5 km hatte. Die Besucher erwartet die einzige Ziegelei mit vollst\u00e4ndig erhaltenem Ringbrandofen in der Region. W\u00e4hrend der F\u00fchrung durch das Objekt werden Einblicke in die durch schwere Handarbeit gezeichneten Produktionsabl\u00e4ufe gegeben und unter anderem das Geheimnis gel\u00fcftet, warum das Geb\u00e4ude die schwierige Zeit nach der Einstellung der Produktion \u00fcberlebt hat. Abschlie\u00dfend erfolgt eine Fahrt mit der Feldbahn auf dem Rundkurs.<\/p>\n<p>Das Angebot findet indoor und outdoor statt und richtet sich an Sch\u00fcler der Klassen 4 bis 12.<br \/>\nTermine: Montag bis Sonntag nach Absprache<br \/>\nVoranmeldung: sp\u00e4testens 1 Woche vorher<br \/>\nDauer: ca. 1,5 Stunden<br \/>\nGruppengr\u00f6\u00dfe: 10 bis 25 Personen<br \/>\nEintritt pro Person: 3,50 \u20ac<br \/>\nGruppenpreise auf individuelle Anfrage<br \/>\nFahrt mit der Ziegeleibahn:<br \/>\npro Kind: 1,50 \u20ac, pro Erwachsener: 3,00 \u20ac<\/p>\n<p><a href=\"http:\/\/www.ziegeleibahn-klein-koelzig.de\" target=\"_blank\" rel=\"noopener noreferrer\">Heimatstube Klein K\u00f6lzig<\/a><\/p>","protected":false},"excerpt":{"rendered":"<p>Die Tradition des Ziegelbrennens in Klein K\u00f6lzig reicht weit in das 19. Jahrhundert zur\u00fcck. Nachdem seit 1840 die ersten kleinen privaten Ziegeleien entstanden, errichtete 1892\/94 die Aktiengesellschaft Gro\u00dfer Kurf\u00fcrst Berlin eine Ziegelei in Klein K\u00f6lzig, dessen Kernst\u00fcck ein Ringofen mit 18 Brennkammern ist. 1920 wird f\u00fcr den Tontransport eine Feldbahn in Betrieb genommen, welche eine<\/p>","protected":false},"author":13,"featured_media":0,"parent":380,"menu_order":0,"comment_status":"closed","ping_status":"closed","template":"","meta":[],"_links":{"self":[{"href":"https:\/\/www.lausitzer-museenland.de\/dsb\/wp-json\/wp\/v2\/pages\/471"}],"collection":[{"href":"https:\/\/www.lausitzer-museenland.de\/dsb\/wp-json\/wp\/v2\/pages"}],"about":[{"href":"https:\/\/www.lausitzer-museenland.de\/dsb\/wp-json\/wp\/v2\/types\/page"}],"author":[{"embeddable":true,"href":"https:\/\/www.lausitzer-museenland.de\/dsb\/wp-json\/wp\/v2\/users\/13"}],"replies":[{"embeddable":true,"href":"https:\/\/www.lausitzer-museenland.de\/dsb\/wp-json\/wp\/v2\/comments?post=471"}],"version-history":[{"count":10,"href":"https:\/\/www.lausitzer-museenland.de\/dsb\/wp-json\/wp\/v2\/pages\/471\/revisions"}],"predecessor-version":[{"id":52777,"href":"https:\/\/www.lausitzer-museenland.de\/dsb\/wp-json\/wp\/v2\/pages\/471\/revisions\/52777"}],"up":[{"embeddable":true,"href":"https:\/\/www.lausitzer-museenland.de\/dsb\/wp-json\/wp\/v2\/pages\/380"}],"wp:attachment":[{"href":"https:\/\/www.lausitzer-museenland.de\/dsb\/wp-json\/wp\/v2\/media?parent=471"}],"curies":[{"name":"wp","href":"https:\/\/api.w.org\/{rel}","templated":true}]}}