{"id":477,"date":"2014-11-12T11:43:04","date_gmt":"2014-11-12T10:43:04","guid":{"rendered":"http:\/\/lausitzer-museenland.de\/?page_id=477"},"modified":"2018-08-16T09:19:29","modified_gmt":"2018-08-16T08:19:29","slug":"ueber-die-vorratshaltung-und-speisenfolge","status":"publish","type":"page","link":"https:\/\/www.lausitzer-museenland.de\/dsb\/service\/kobi\/ueber-die-vorratshaltung-und-speisenfolge\/","title":{"rendered":"Essen und Trinken h\u00e4lt Leib und Seele zusammen &#8211; \u00fcber die Vorratshaltung und Speisenfolge  im Heimatmuseum Dissen"},"content":{"rendered":"<p>Die Kinder erhalten im Museum eine F\u00fchrung zum Thema &#8222;Ern\u00e4hrung in der fr\u00fcheren Zeit&#8220;. Sie lernen Gerichte und Speisenfolge bei Festen kennen und k\u00f6nnen Butter und Kr\u00e4uterquark selbst herstellen. Die Kinder sammeln Kr\u00e4uter und verarbeiten diese zu Kr\u00e4uterquark. Sie d\u00fcrfen selbst buttern und diese Butter mit frischem Brot verspeisen.<\/p>\n<p>Das Angebot findet indoor und outdoor statt und richtet sich an Vorschulkinder bis zur Klasse 12.<br \/>\nTermine: nach Absprache<br \/>\nVoranmeldung: sp\u00e4testens 2 Wochen vorher<br \/>\nGruppengr\u00f6\u00dfe: 6 bis 30 Personen<\/p>\n<p>Nach Absprache k\u00f6nnen verschiedene Angebote des Heimatmuseums miteinander kombiniert werden.<\/p>\n<p><a title=\"Heimatmuseum Dissen \/ Domowniski muzej De\u0161no\" href=\"\/museen\/heimatmuseum-dissen\/\">Heimatmuseum Dissen<\/a><\/p>","protected":false},"excerpt":{"rendered":"<p>Die Kinder erhalten im Museum eine F\u00fchrung zum Thema &#8222;Ern\u00e4hrung in der fr\u00fcheren Zeit&#8220;. Sie lernen Gerichte und Speisenfolge bei Festen kennen und k\u00f6nnen Butter und Kr\u00e4uterquark selbst herstellen. Die Kinder sammeln Kr\u00e4uter und verarbeiten diese zu Kr\u00e4uterquark. Sie d\u00fcrfen selbst buttern und diese Butter mit frischem Brot verspeisen. Das Angebot findet indoor und outdoor<\/p>","protected":false},"author":13,"featured_media":0,"parent":380,"menu_order":0,"comment_status":"closed","ping_status":"closed","template":"","meta":[],"_links":{"self":[{"href":"https:\/\/www.lausitzer-museenland.de\/dsb\/wp-json\/wp\/v2\/pages\/477"}],"collection":[{"href":"https:\/\/www.lausitzer-museenland.de\/dsb\/wp-json\/wp\/v2\/pages"}],"about":[{"href":"https:\/\/www.lausitzer-museenland.de\/dsb\/wp-json\/wp\/v2\/types\/page"}],"author":[{"embeddable":true,"href":"https:\/\/www.lausitzer-museenland.de\/dsb\/wp-json\/wp\/v2\/users\/13"}],"replies":[{"embeddable":true,"href":"https:\/\/www.lausitzer-museenland.de\/dsb\/wp-json\/wp\/v2\/comments?post=477"}],"version-history":[{"count":9,"href":"https:\/\/www.lausitzer-museenland.de\/dsb\/wp-json\/wp\/v2\/pages\/477\/revisions"}],"predecessor-version":[{"id":24685,"href":"https:\/\/www.lausitzer-museenland.de\/dsb\/wp-json\/wp\/v2\/pages\/477\/revisions\/24685"}],"up":[{"embeddable":true,"href":"https:\/\/www.lausitzer-museenland.de\/dsb\/wp-json\/wp\/v2\/pages\/380"}],"wp:attachment":[{"href":"https:\/\/www.lausitzer-museenland.de\/dsb\/wp-json\/wp\/v2\/media?parent=477"}],"curies":[{"name":"wp","href":"https:\/\/api.w.org\/{rel}","templated":true}]}}