{"id":481,"date":"2014-11-12T11:49:06","date_gmt":"2014-11-12T10:49:06","guid":{"rendered":"http:\/\/lausitzer-museenland.de\/?page_id=481"},"modified":"2018-08-16T09:21:17","modified_gmt":"2018-08-16T08:21:17","slug":"geschichten-um-den-suessen-brei","status":"publish","type":"page","link":"https:\/\/www.lausitzer-museenland.de\/dsb\/service\/kobi\/geschichten-um-den-suessen-brei\/","title":{"rendered":"Geschichten um den s\u00fc\u00dfen Brei &#8211; Kochen und M\u00e4rchen erz\u00e4hlen im Heimatmuseum Dissen"},"content":{"rendered":"<p>&#8222;Es war einmal in Afrika\u2026 Die Meerkatzen hatten Bohnen gepflanzt und wollten sie ernten, um sich einen Brei zu kochen. Doch \u2026&#8220; Ihr m\u00f6chtet wissen, wie es weiter geht? Dann besucht uns im Heimatmuseum Dissen und lasst uns gemeinsam in M\u00e4rchen aus aller Welt eintauchen, die sich rund um das Essen ranken. Wir kochen gemeinsam einen s\u00fc\u00dfen Brei, und w\u00e4hrend die Hirse auf dem Herd k\u00f6chelt, erz\u00e4hlt Bernd Pittkunings Geschichten und M\u00e4rchen rund um das Essen von Damals und Heute.<\/p>\n<p>Das Angebot findet indoor statt und richtet sich an Vorschulkinder bis zur Klasse 7.<br \/>\nTermine: nach Absprache Montag bis Freitag<br \/>\nVoranmeldung: sp\u00e4testens 2 Wochen vorher<br \/>\nDauer: 1,5 bis 2 Stunden<br \/>\nGruppengr\u00f6\u00dfe: 6 bis 30 Personen<\/p>\n<p>Nach Absprache k\u00f6nnen verschiedene Angebote des Heimatmuseums miteinander kombiniert werden.<\/p>\n<p><a title=\"Heimatmuseum Dissen \/ Domowniski muzej De\u0161no\" href=\"\/museen\/heimatmuseum-dissen\/\">Heimatmuseum Dissen<\/a><\/p>","protected":false},"excerpt":{"rendered":"<p>&#8222;Es war einmal in Afrika\u2026 Die Meerkatzen hatten Bohnen gepflanzt und wollten sie ernten, um sich einen Brei zu kochen. Doch \u2026&#8220; Ihr m\u00f6chtet wissen, wie es weiter geht? Dann besucht uns im Heimatmuseum Dissen und lasst uns gemeinsam in M\u00e4rchen aus aller Welt eintauchen, die sich rund um das Essen ranken. Wir kochen gemeinsam<\/p>","protected":false},"author":13,"featured_media":0,"parent":380,"menu_order":0,"comment_status":"closed","ping_status":"closed","template":"","meta":[],"_links":{"self":[{"href":"https:\/\/www.lausitzer-museenland.de\/dsb\/wp-json\/wp\/v2\/pages\/481"}],"collection":[{"href":"https:\/\/www.lausitzer-museenland.de\/dsb\/wp-json\/wp\/v2\/pages"}],"about":[{"href":"https:\/\/www.lausitzer-museenland.de\/dsb\/wp-json\/wp\/v2\/types\/page"}],"author":[{"embeddable":true,"href":"https:\/\/www.lausitzer-museenland.de\/dsb\/wp-json\/wp\/v2\/users\/13"}],"replies":[{"embeddable":true,"href":"https:\/\/www.lausitzer-museenland.de\/dsb\/wp-json\/wp\/v2\/comments?post=481"}],"version-history":[{"count":8,"href":"https:\/\/www.lausitzer-museenland.de\/dsb\/wp-json\/wp\/v2\/pages\/481\/revisions"}],"predecessor-version":[{"id":24853,"href":"https:\/\/www.lausitzer-museenland.de\/dsb\/wp-json\/wp\/v2\/pages\/481\/revisions\/24853"}],"up":[{"embeddable":true,"href":"https:\/\/www.lausitzer-museenland.de\/dsb\/wp-json\/wp\/v2\/pages\/380"}],"wp:attachment":[{"href":"https:\/\/www.lausitzer-museenland.de\/dsb\/wp-json\/wp\/v2\/media?parent=481"}],"curies":[{"name":"wp","href":"https:\/\/api.w.org\/{rel}","templated":true}]}}