{"id":484,"date":"2014-11-12T11:50:20","date_gmt":"2014-11-12T10:50:20","guid":{"rendered":"http:\/\/lausitzer-museenland.de\/?page_id=484"},"modified":"2020-07-17T10:52:00","modified_gmt":"2020-07-17T08:52:00","slug":"keramikanhaenger-mit-ton-basteln","status":"publish","type":"page","link":"https:\/\/www.lausitzer-museenland.de\/dsb\/service\/kobi\/keramikanhaenger-mit-ton-basteln\/","title":{"rendered":"Keramikanh\u00e4nger f\u00fcr die Oster- und Weihnachtszeit &#8211; Basteln mit Ton im Heimatmuseum Dissen"},"content":{"rendered":"<p>In feuchten Ton werden Muster in vorbereitete Osteranh\u00e4nger oder Weihnachtssternchen gedr\u00fcckt. Diese werden sp\u00e4ter gebrannt und sind wundersch\u00f6ne Geschenke oder Dekorationsst\u00fccke f\u00fcr einen Fr\u00fchlings- oder Weihnachtsstrau\u00df.<\/p>\n<p>Das Angebot findet indoor statt und richtet sich an Sch\u00fcler der Klassen 1 bis 12.<br \/>\nTermine: nach Absprache<br \/>\nVoranmeldung: sp\u00e4testens 2 Wochen vorher<br \/>\nGruppengr\u00f6\u00dfe: 6 bis 30 Personen<\/p>\n<p>Nach Absprache k\u00f6nnen verschiedene Angebote des Heimatmuseums miteinander kombiniert werden.<\/p>\n<p><a title=\"Heimatmuseum Dissen \/ Domowniski muzej De\u0161no\" href=\"\/museen\/heimatmuseum-dissen\/\">Heimatmuseum Dissen<\/a><\/p>","protected":false},"excerpt":{"rendered":"<p>In feuchten Ton werden Muster in vorbereitete Osteranh\u00e4nger oder Weihnachtssternchen gedr\u00fcckt. Diese werden sp\u00e4ter gebrannt und sind wundersch\u00f6ne Geschenke oder Dekorationsst\u00fccke f\u00fcr einen Fr\u00fchlings- oder Weihnachtsstrau\u00df. Das Angebot findet indoor statt und richtet sich an Sch\u00fcler der Klassen 1 bis 12. Termine: nach Absprache Voranmeldung: sp\u00e4testens 2 Wochen vorher Gruppengr\u00f6\u00dfe: 6 bis 30 Personen Nach<\/p>","protected":false},"author":13,"featured_media":0,"parent":380,"menu_order":0,"comment_status":"closed","ping_status":"closed","template":"","meta":[],"_links":{"self":[{"href":"https:\/\/www.lausitzer-museenland.de\/dsb\/wp-json\/wp\/v2\/pages\/484"}],"collection":[{"href":"https:\/\/www.lausitzer-museenland.de\/dsb\/wp-json\/wp\/v2\/pages"}],"about":[{"href":"https:\/\/www.lausitzer-museenland.de\/dsb\/wp-json\/wp\/v2\/types\/page"}],"author":[{"embeddable":true,"href":"https:\/\/www.lausitzer-museenland.de\/dsb\/wp-json\/wp\/v2\/users\/13"}],"replies":[{"embeddable":true,"href":"https:\/\/www.lausitzer-museenland.de\/dsb\/wp-json\/wp\/v2\/comments?post=484"}],"version-history":[{"count":10,"href":"https:\/\/www.lausitzer-museenland.de\/dsb\/wp-json\/wp\/v2\/pages\/484\/revisions"}],"predecessor-version":[{"id":52952,"href":"https:\/\/www.lausitzer-museenland.de\/dsb\/wp-json\/wp\/v2\/pages\/484\/revisions\/52952"}],"up":[{"embeddable":true,"href":"https:\/\/www.lausitzer-museenland.de\/dsb\/wp-json\/wp\/v2\/pages\/380"}],"wp:attachment":[{"href":"https:\/\/www.lausitzer-museenland.de\/dsb\/wp-json\/wp\/v2\/media?parent=484"}],"curies":[{"name":"wp","href":"https:\/\/api.w.org\/{rel}","templated":true}]}}