{"id":490,"date":"2014-11-12T11:53:03","date_gmt":"2014-11-12T10:53:03","guid":{"rendered":"http:\/\/lausitzer-museenland.de\/?page_id=490"},"modified":"2018-08-16T09:24:55","modified_gmt":"2018-08-16T08:24:55","slug":"sbasteln-und-maerchen-erzaehlen-im-museum","status":"publish","type":"page","link":"https:\/\/www.lausitzer-museenland.de\/dsb\/service\/kobi\/sbasteln-und-maerchen-erzaehlen-im-museum\/","title":{"rendered":"Schneeflockensterne \u2013 Sn\u0115\u017eynka &#8211; Basteln und M\u00e4rchen erz\u00e4hlen im Heimatmuseum Dissen"},"content":{"rendered":"<p>Geheimnisvoll und mystisch wird es auch in der Vorweihnachtszeit. Weil es so wenig Schnee gibt, k\u00f6nnen die Kinder mit Schere und Papier eigene, wundersch\u00f6ne Schneeflockensterne f\u00fcrs Fenster oder f\u00fcr Weihnachtskarten zaubern. Nach dem eifrigen Schneiden und Kleben verf\u00fchrt die sorbische Schneeflocke \u201eSn\u0115\u017eynka\u201c, gespielt von Bernd Pittkunings, alle Kinder in die Welt der M\u00e4rchen und Sagen.<\/p>\n<p>Das Angebot findet indoor statt und richtet sich an Vorschulkinder bis zur Klasse 7.<br \/>\nTermine: Oktober bis Januar nach Absprache Montag bis Freitag<br \/>\nVoranmeldung: sp\u00e4testens 2 Wochen vorher<br \/>\nDauer: ca. 1,5 Stunden<br \/>\nGruppengr\u00f6\u00dfe: 6 bis 30 Personen<\/p>\n<p>Nach Absprache k\u00f6nnen verschiedene Angebote des Heimatmuseums miteinander kombiniert werden.<\/p>\n<p><a title=\"Heimatmuseum Dissen \/ Domowniski muzej De\u0161no\" href=\"\/museen\/heimatmuseum-dissen\/\">Heimatmuseum Dissen<\/a><\/p>","protected":false},"excerpt":{"rendered":"<p>Geheimnisvoll und mystisch wird es auch in der Vorweihnachtszeit. Weil es so wenig Schnee gibt, k\u00f6nnen die Kinder mit Schere und Papier eigene, wundersch\u00f6ne Schneeflockensterne f\u00fcrs Fenster oder f\u00fcr Weihnachtskarten zaubern. Nach dem eifrigen Schneiden und Kleben verf\u00fchrt die sorbische Schneeflocke \u201eSn\u0115\u017eynka\u201c, gespielt von Bernd Pittkunings, alle Kinder in die Welt der M\u00e4rchen und Sagen.<\/p>","protected":false},"author":13,"featured_media":0,"parent":380,"menu_order":0,"comment_status":"closed","ping_status":"closed","template":"","meta":[],"_links":{"self":[{"href":"https:\/\/www.lausitzer-museenland.de\/dsb\/wp-json\/wp\/v2\/pages\/490"}],"collection":[{"href":"https:\/\/www.lausitzer-museenland.de\/dsb\/wp-json\/wp\/v2\/pages"}],"about":[{"href":"https:\/\/www.lausitzer-museenland.de\/dsb\/wp-json\/wp\/v2\/types\/page"}],"author":[{"embeddable":true,"href":"https:\/\/www.lausitzer-museenland.de\/dsb\/wp-json\/wp\/v2\/users\/13"}],"replies":[{"embeddable":true,"href":"https:\/\/www.lausitzer-museenland.de\/dsb\/wp-json\/wp\/v2\/comments?post=490"}],"version-history":[{"count":9,"href":"https:\/\/www.lausitzer-museenland.de\/dsb\/wp-json\/wp\/v2\/pages\/490\/revisions"}],"predecessor-version":[{"id":25355,"href":"https:\/\/www.lausitzer-museenland.de\/dsb\/wp-json\/wp\/v2\/pages\/490\/revisions\/25355"}],"up":[{"embeddable":true,"href":"https:\/\/www.lausitzer-museenland.de\/dsb\/wp-json\/wp\/v2\/pages\/380"}],"wp:attachment":[{"href":"https:\/\/www.lausitzer-museenland.de\/dsb\/wp-json\/wp\/v2\/media?parent=490"}],"curies":[{"name":"wp","href":"https:\/\/api.w.org\/{rel}","templated":true}]}}