{"id":493,"date":"2014-11-12T11:55:53","date_gmt":"2014-11-12T10:55:53","guid":{"rendered":"http:\/\/lausitzer-museenland.de\/?page_id=493"},"modified":"2018-08-16T09:26:25","modified_gmt":"2018-08-16T08:26:25","slug":"sorbische-ostereier-selbst-verzieren","status":"publish","type":"page","link":"https:\/\/www.lausitzer-museenland.de\/dsb\/service\/kobi\/sorbische-ostereier-selbst-verzieren\/","title":{"rendered":"Sorbische Ostereier selbst verzieren  im Heimatmuseum Dissen"},"content":{"rendered":"<p>Jeder Sch\u00fcler kann seine eigenen Ostereier mit Hilfe der Wachsreservetechnik mit sorbischen Motiven sch\u00f6n verzieren und erf\u00e4hrt dazu Interessantes \u00fcber die Symbolik der Muster.<\/p>\n<p>Diese Arbeitsmaterialien m\u00fcssen mitgebracht werden:<br \/>\nhartgegochte oder ausgepustete Eier<\/p>\n<p>Das Angebot findet indoor statt und richtet sich an Vorschulkinder bis zur Klasse 7.<br \/>\nTermine: 4 Wochen vor Ostern nach Absprache<br \/>\nVoranmeldung: sp\u00e4testens 4 Wochen vorher<br \/>\nDauer: ca. 1,5 Stunden<br \/>\nGruppengr\u00f6\u00dfe: 6 bis 30 Personen<\/p>\n<p>Nach Absprache k\u00f6nnen verschiedene Angebote des Heimatmuseums miteinander kombiniert werden.<\/p>\n<p><a title=\"Heimatmuseum Dissen \/ Domowniski muzej De\u0161no\" href=\"\/museen\/heimatmuseum-dissen\/\">Heimatmuseum Dissen<\/a><\/p>","protected":false},"excerpt":{"rendered":"<p>Jeder Sch\u00fcler kann seine eigenen Ostereier mit Hilfe der Wachsreservetechnik mit sorbischen Motiven sch\u00f6n verzieren und erf\u00e4hrt dazu Interessantes \u00fcber die Symbolik der Muster. Diese Arbeitsmaterialien m\u00fcssen mitgebracht werden: hartgegochte oder ausgepustete Eier Das Angebot findet indoor statt und richtet sich an Vorschulkinder bis zur Klasse 7. Termine: 4 Wochen vor Ostern nach Absprache Voranmeldung:<\/p>","protected":false},"author":13,"featured_media":0,"parent":380,"menu_order":0,"comment_status":"closed","ping_status":"closed","template":"","meta":[],"_links":{"self":[{"href":"https:\/\/www.lausitzer-museenland.de\/dsb\/wp-json\/wp\/v2\/pages\/493"}],"collection":[{"href":"https:\/\/www.lausitzer-museenland.de\/dsb\/wp-json\/wp\/v2\/pages"}],"about":[{"href":"https:\/\/www.lausitzer-museenland.de\/dsb\/wp-json\/wp\/v2\/types\/page"}],"author":[{"embeddable":true,"href":"https:\/\/www.lausitzer-museenland.de\/dsb\/wp-json\/wp\/v2\/users\/13"}],"replies":[{"embeddable":true,"href":"https:\/\/www.lausitzer-museenland.de\/dsb\/wp-json\/wp\/v2\/comments?post=493"}],"version-history":[{"count":8,"href":"https:\/\/www.lausitzer-museenland.de\/dsb\/wp-json\/wp\/v2\/pages\/493\/revisions"}],"predecessor-version":[{"id":25522,"href":"https:\/\/www.lausitzer-museenland.de\/dsb\/wp-json\/wp\/v2\/pages\/493\/revisions\/25522"}],"up":[{"embeddable":true,"href":"https:\/\/www.lausitzer-museenland.de\/dsb\/wp-json\/wp\/v2\/pages\/380"}],"wp:attachment":[{"href":"https:\/\/www.lausitzer-museenland.de\/dsb\/wp-json\/wp\/v2\/media?parent=493"}],"curies":[{"name":"wp","href":"https:\/\/api.w.org\/{rel}","templated":true}]}}