{"id":495,"date":"2014-11-12T11:56:12","date_gmt":"2014-11-12T10:56:12","guid":{"rendered":"http:\/\/lausitzer-museenland.de\/?page_id=495"},"modified":"2020-07-17T10:55:10","modified_gmt":"2020-07-17T08:55:10","slug":"begegnung-mit-dem-alten-volk","status":"publish","type":"page","link":"https:\/\/www.lausitzer-museenland.de\/dsb\/service\/kobi\/begegnung-mit-dem-alten-volk\/","title":{"rendered":"\u201eStary Lud &#8211; Die Begegnung mit dem alten Volk\u201c &#8211; eine Zeitreise in das 10.\/11. Jahrhundert  im Heimatmuseum Dissen"},"content":{"rendered":"<p>\u201e Stary lud &#8211; Die Begegnung mit dem alten Volk\u201c &#8211; eine slawische Zeitreise in das 10.\/11. Jahrhundert. Einf\u00fchrung in die fr\u00fche Siedlungsgeschichte der Sorben\/Wenden sowie deren Bekleidung im fr\u00fchen Mittelalter. In Projekten k\u00f6nnen die Sch\u00fcler selbst begreifen, wie das Leben im 10.\/11. Jahrhundert ausgesehen haben k\u00f6nnte.<br \/>\nDie Sch\u00fcler w\u00e4hlen aus den 3 Projektangeboten:<br \/>\n1. Metallhandwerk und Feuer machen,<br \/>\n2. K\u00fcche und Ern\u00e4hrung<br \/>\n3. Vom Schaf zur Kleidung,<br \/>\neines aus, in dem sie arbeiten werden.<\/p>\n<div>\nDurchf\u00fchrung des Gesamtprojektes: 10 min kurze Einf\u00fchrung in die slawische Geschichte (f\u00fcr alle Sch\u00fcler), 15 min Einf\u00fchrung in die Kleiderordnung des fr\u00fchen Mittelalters (kleine Vorf\u00fchrung f\u00fcr alle Sch\u00fcler), im Anschluss Gruppenarbeit in den 3 Projekten, Abschluss gemeinsames Essen f\u00fcr alle Sch\u00fcler mit Zutaten des Mittelalters.<\/p>\n<p>Das Angebot findet outdoor statt und richtet sich an Sch\u00fcler der Klassen 3 bis 12.<br \/>\nBitte unbedingt auf entsprechende Kleidung achten!<br \/>\nTermine: nach Absprache<br \/>\nVoranmeldung: mindestens 3 Wochen vorher<br \/>\nDauer: 4 Unterrichtsstunden + 30 Minuten Imbiss<br \/>\nGruppengr\u00f6\u00dfe: 6 bis 20 Personen<\/p>\n<p><a title=\"Heimatmuseum Dissen \/ Domowniski muzej De\u0161no\" href=\"\/museen\/heimatmuseum-dissen\/\">Heimatmuseum Dissen<\/a><\/p>\n<\/div>","protected":false},"excerpt":{"rendered":"<p>\u201e Stary lud &#8211; Die Begegnung mit dem alten Volk\u201c &#8211; eine slawische Zeitreise in das 10.\/11. Jahrhundert. Einf\u00fchrung in die fr\u00fche Siedlungsgeschichte der Sorben\/Wenden sowie deren Bekleidung im fr\u00fchen Mittelalter. In Projekten k\u00f6nnen die Sch\u00fcler selbst begreifen, wie das Leben im 10.\/11. Jahrhundert ausgesehen haben k\u00f6nnte. Die Sch\u00fcler w\u00e4hlen aus den 3 Projektangeboten: 1.<\/p>","protected":false},"author":13,"featured_media":0,"parent":380,"menu_order":0,"comment_status":"closed","ping_status":"closed","template":"","meta":[],"_links":{"self":[{"href":"https:\/\/www.lausitzer-museenland.de\/dsb\/wp-json\/wp\/v2\/pages\/495"}],"collection":[{"href":"https:\/\/www.lausitzer-museenland.de\/dsb\/wp-json\/wp\/v2\/pages"}],"about":[{"href":"https:\/\/www.lausitzer-museenland.de\/dsb\/wp-json\/wp\/v2\/types\/page"}],"author":[{"embeddable":true,"href":"https:\/\/www.lausitzer-museenland.de\/dsb\/wp-json\/wp\/v2\/users\/13"}],"replies":[{"embeddable":true,"href":"https:\/\/www.lausitzer-museenland.de\/dsb\/wp-json\/wp\/v2\/comments?post=495"}],"version-history":[{"count":12,"href":"https:\/\/www.lausitzer-museenland.de\/dsb\/wp-json\/wp\/v2\/pages\/495\/revisions"}],"predecessor-version":[{"id":52953,"href":"https:\/\/www.lausitzer-museenland.de\/dsb\/wp-json\/wp\/v2\/pages\/495\/revisions\/52953"}],"up":[{"embeddable":true,"href":"https:\/\/www.lausitzer-museenland.de\/dsb\/wp-json\/wp\/v2\/pages\/380"}],"wp:attachment":[{"href":"https:\/\/www.lausitzer-museenland.de\/dsb\/wp-json\/wp\/v2\/media?parent=495"}],"curies":[{"name":"wp","href":"https:\/\/api.w.org\/{rel}","templated":true}]}}