{"id":498,"date":"2014-11-12T12:05:04","date_gmt":"2014-11-12T11:05:04","guid":{"rendered":"http:\/\/lausitzer-museenland.de\/?page_id=498"},"modified":"2018-08-16T09:29:11","modified_gmt":"2018-08-16T08:29:11","slug":"weihnachtssterne-und-herzen-aus-gebranntem-ton","status":"publish","type":"page","link":"https:\/\/www.lausitzer-museenland.de\/dsb\/service\/kobi\/weihnachtssterne-und-herzen-aus-gebranntem-ton\/","title":{"rendered":"Weihnachtssterne und Herzen aus gebranntem Ton im Heimatmuseum Dissen"},"content":{"rendered":"<p>Wer selbst ganz haltbare Weihnachtssterne oder Herzen anfertigen m\u00f6chte, der kann in einer gesonderten Veranstaltung seine eigenen Muster in feuchten Ton dr\u00fccken. Diese werden sp\u00e4ter gebrannt, und jedes Kind erh\u00e4lt nach einer Woche seine eigenen wundersch\u00f6nen Sterne oder Herzen f\u00fcr den Weihnachtsbaum.<\/p>\n<p>Das Angebot findet indoor statt und richtet sich an Vorschulkinder bis zur Klasse 12.<br \/>\nTermine: Oktober bis Dezember von Montag bis Freitag nach Absprache<br \/>\nVoranmeldung: sp\u00e4testens 2 Wochen vorher<br \/>\nDauer: ca. 1 Stunde<br \/>\nGruppengr\u00f6\u00dfe: 6 bis 30 Personen<\/p>\n<p>Nach Absprache k\u00f6nnen verschiedene Angebote des Heimatmuseums miteinander kombiniert werden.<\/p>\n<p><a title=\"Heimatmuseum Dissen \/ Domowniski muzej De\u0161no\" href=\"\/museen\/heimatmuseum-dissen\/\">Heimatmuseum Dissen<\/a><\/p>","protected":false},"excerpt":{"rendered":"<p>Wer selbst ganz haltbare Weihnachtssterne oder Herzen anfertigen m\u00f6chte, der kann in einer gesonderten Veranstaltung seine eigenen Muster in feuchten Ton dr\u00fccken. Diese werden sp\u00e4ter gebrannt, und jedes Kind erh\u00e4lt nach einer Woche seine eigenen wundersch\u00f6nen Sterne oder Herzen f\u00fcr den Weihnachtsbaum. Das Angebot findet indoor statt und richtet sich an Vorschulkinder bis zur Klasse<\/p>","protected":false},"author":13,"featured_media":0,"parent":380,"menu_order":0,"comment_status":"closed","ping_status":"closed","template":"","meta":[],"_links":{"self":[{"href":"https:\/\/www.lausitzer-museenland.de\/dsb\/wp-json\/wp\/v2\/pages\/498"}],"collection":[{"href":"https:\/\/www.lausitzer-museenland.de\/dsb\/wp-json\/wp\/v2\/pages"}],"about":[{"href":"https:\/\/www.lausitzer-museenland.de\/dsb\/wp-json\/wp\/v2\/types\/page"}],"author":[{"embeddable":true,"href":"https:\/\/www.lausitzer-museenland.de\/dsb\/wp-json\/wp\/v2\/users\/13"}],"replies":[{"embeddable":true,"href":"https:\/\/www.lausitzer-museenland.de\/dsb\/wp-json\/wp\/v2\/comments?post=498"}],"version-history":[{"count":7,"href":"https:\/\/www.lausitzer-museenland.de\/dsb\/wp-json\/wp\/v2\/pages\/498\/revisions"}],"predecessor-version":[{"id":25857,"href":"https:\/\/www.lausitzer-museenland.de\/dsb\/wp-json\/wp\/v2\/pages\/498\/revisions\/25857"}],"up":[{"embeddable":true,"href":"https:\/\/www.lausitzer-museenland.de\/dsb\/wp-json\/wp\/v2\/pages\/380"}],"wp:attachment":[{"href":"https:\/\/www.lausitzer-museenland.de\/dsb\/wp-json\/wp\/v2\/media?parent=498"}],"curies":[{"name":"wp","href":"https:\/\/api.w.org\/{rel}","templated":true}]}}