{"id":500,"date":"2014-11-12T13:48:04","date_gmt":"2014-11-12T12:48:04","guid":{"rendered":"http:\/\/lausitzer-museenland.de\/?page_id=500"},"modified":"2014-12-17T18:24:59","modified_gmt":"2014-12-17T17:24:59","slug":"flachs-und-leinen","status":"publish","type":"page","link":"https:\/\/www.lausitzer-museenland.de\/dsb\/service\/kobi\/flachs-und-leinen\/","title":{"rendered":"Flachs und Leinen im Heimatmuseum \u201eK\u00f3lasko\u201c Drachhausen"},"content":{"rendered":"<p>Die kleine Einrichtung beherbergt Ausstellungsgegenst\u00e4nde zum Leben der l\u00e4ndlichen Bev\u00f6lkerung, insbesondere zur Tradition der Flachsverarbeitung aus der Gegend um Drachhausen. \u201eK\u00f3lasko\u201c bedeutet im Deutschen \u201eSpinnrad\u201c. Dieses ist eines der Arbeitsmittel, die zur Herstellung von Leinenstoffen dienten. In alter Zeit trafen sich die Frauen des Dorfes in der \u201eSpinte\u201c, um gemeinsam am Spinnrad zu arbeiten. So manche Geschichte wurde aber auch an diesen winterlichen Abenden \u201egesponnen\u201c.<\/p>\n<p>Das Angebot findet indoor statt und richtet sich an Sch\u00fcler der Klassen 1 bis 10.<br \/>\nTermine: Montag bis Freitag in der Zeit von 9 bis 12 Uhr nach Absprache<br \/>\nVoranmeldung: sp\u00e4testens 1 Woche vorher<br \/>\nDauer: ca. 1 Stunde<\/p>\n<p><a title=\"Heimatmuseum \u201eK\u00f3lasko\u201c Drachhausen \/ Domowniski muzej \u201eK\u00f3lasko\u201c Hochoza\" href=\"\/museen\/heimatmuseum-kolasko-drachhausen\/\">Heimatmuseum \u201eK\u00f3lasko\u201c Drachhausen<\/a><\/p>","protected":false},"excerpt":{"rendered":"<p>Die kleine Einrichtung beherbergt Ausstellungsgegenst\u00e4nde zum Leben der l\u00e4ndlichen Bev\u00f6lkerung, insbesondere zur Tradition der Flachsverarbeitung aus der Gegend um Drachhausen. \u201eK\u00f3lasko\u201c bedeutet im Deutschen \u201eSpinnrad\u201c. Dieses ist eines der Arbeitsmittel, die zur Herstellung von Leinenstoffen dienten. In alter Zeit trafen sich die Frauen des Dorfes in der \u201eSpinte\u201c, um gemeinsam am Spinnrad zu arbeiten. So<\/p>","protected":false},"author":13,"featured_media":0,"parent":380,"menu_order":0,"comment_status":"closed","ping_status":"closed","template":"","meta":[],"_links":{"self":[{"href":"https:\/\/www.lausitzer-museenland.de\/dsb\/wp-json\/wp\/v2\/pages\/500"}],"collection":[{"href":"https:\/\/www.lausitzer-museenland.de\/dsb\/wp-json\/wp\/v2\/pages"}],"about":[{"href":"https:\/\/www.lausitzer-museenland.de\/dsb\/wp-json\/wp\/v2\/types\/page"}],"author":[{"embeddable":true,"href":"https:\/\/www.lausitzer-museenland.de\/dsb\/wp-json\/wp\/v2\/users\/13"}],"replies":[{"embeddable":true,"href":"https:\/\/www.lausitzer-museenland.de\/dsb\/wp-json\/wp\/v2\/comments?post=500"}],"version-history":[{"count":8,"href":"https:\/\/www.lausitzer-museenland.de\/dsb\/wp-json\/wp\/v2\/pages\/500\/revisions"}],"predecessor-version":[{"id":3694,"href":"https:\/\/www.lausitzer-museenland.de\/dsb\/wp-json\/wp\/v2\/pages\/500\/revisions\/3694"}],"up":[{"embeddable":true,"href":"https:\/\/www.lausitzer-museenland.de\/dsb\/wp-json\/wp\/v2\/pages\/380"}],"wp:attachment":[{"href":"https:\/\/www.lausitzer-museenland.de\/dsb\/wp-json\/wp\/v2\/media?parent=500"}],"curies":[{"name":"wp","href":"https:\/\/api.w.org\/{rel}","templated":true}]}}