{"id":53669,"date":"2022-01-28T15:47:21","date_gmt":"2022-01-28T14:47:21","guid":{"rendered":"https:\/\/www.lausitzer-museenland.de\/?page_id=53669"},"modified":"2022-02-03T11:49:06","modified_gmt":"2022-02-03T10:49:06","slug":"evangelische-kirche-st-martin-hornow-ewangelska-cerkwja-st-martin-lesce","status":"publish","type":"page","link":"https:\/\/www.lausitzer-museenland.de\/dsb\/museen\/evangelische-kirche-st-martin-hornow-ewangelska-cerkwja-st-martin-lesce\/","title":{"rendered":"Evangelische Kirche St. Martin Hornow \/ Ewangelska cerkwja St. Martin L\u011b\u0161\u0107e"},"content":{"rendered":"<p><a href=\"https:\/\/www.lausitzer-museenland.de\/wp-content\/uploads\/2022\/02\/kirche_hornow.png\"><img loading=\"lazy\" class=\"aligncenter size-full wp-image-53698\" src=\"https:\/\/www.lausitzer-museenland.de\/wp-content\/uploads\/2022\/02\/kirche_hornow.png\" alt=\"\" width=\"232\" height=\"350\" srcset=\"https:\/\/www.lausitzer-museenland.de\/wp-content\/uploads\/2022\/02\/kirche_hornow.png 232w, https:\/\/www.lausitzer-museenland.de\/wp-content\/uploads\/2022\/02\/kirche_hornow-199x300.png 199w\" sizes=\"(max-width: 232px) 100vw, 232px\" \/><\/a><br \/>\n<strong>Chorfenster in der seltenen Luce-Floreo-Technik<\/strong><\/p>\n<h3>-<\/h3>\n<p>Ein erstes Kirchengeb\u00e4ude in Hornow fand bereits in den Mei\u00dfner Bistumsartikeln aus dem Jahr 1346 Erw\u00e4hnung. Die jetzige Dorfkirche St. Martin wurde zu Beginn des 15. Jahrhunderts als Rechtecksaal mit Mischmauerwerk aus Feldstein und Ziegeln errichtet. Der rechteckige Kirchturm kam im Jahr 1902 hinzu. N\u00f6rdlich des Kirchbaus befindet sich ein Sakristeianbau mit Herrschaftsloge im barocken Stil.<br \/>\nDie Eiche an der Nordseite der Kirche neben dem Begr\u00e4bnishaus einer fr\u00fcheren Gutsbesitzerfamilie ist etwa 800 Jahre alt. Mit einem Stammumfang von 7,50 m ist sie nicht nur einer der \u00e4ltesten, sondern auch einer der m\u00e4chtigsten B\u00e4ume der Niederlausitz.<br \/>\nAu\u00dferdem befinden sich auf dem Gel\u00e4nde ein restauriertes Backhaus aus dem 17. Jahrhundert und ein Soldatenfriedhof.<\/p>\n<h3>-<\/h3>\n<p>Zum inhaltlichen Schwerpunkt geh\u00f6ren die Geschichte der Kirche, des Kirchturmes und die Ausstattung der Kirche. Bei dem Altar handelt es sich um einen Architekturaufbau mit Beschlagwerkdekor und seitlichen S\u00e4ulen aus dem Jahr 1588. Auf dem Altar sind \u00fcbereinander drei Gem\u00e4lde vom letzten Abendmahl, von der Kreuzigung Jesu und seiner Auferstehung angeordnet. In den seitlichen Nischen befinden sich Gem\u00e4lde von der Verk\u00fcndigung und von Christi Geburt. Als Altarwangen dienen halbierte Adler. Sie \u00e4hneln denen in der Spremberger Kreuzkirche.<br \/>\nDie barocke h\u00f6lzerne Taufe stammt aus der geschleiften Dorfkirche Wolkenberg. Der h\u00f6lzerne Taufengel aus dem Jahr 1736 steht unter Denkmalschutz. Er wurde 2007 \u00fcberarbeitet.<br \/>\nAn der Nord- und S\u00fcdseite der Kirche befindet sich jeweils eine Herrschaftsempore aus dem 18. Jahrhundert. Der Orgelbauer Wilhelm Sauer aus Frankfurt (Oder) fertigte die Orgel im Jahr 1883.<br \/>\nVon besonderer Bedeutung sind die Chorfenster, die in der seltenen Luce-Floreo-Technik hergestellt wurden.<\/p>\n<h3>Galeria<\/h3>\n<div id=\"envira-gallery-wrap-53690\" class=\"envira-gallery-wrap envira-gallery-theme-base envira-lightbox-theme-base\" itemscope itemtype=\"https:\/\/schema.org\/ImageGallery\"><div data-row-height=\"150\" data-gallery-theme=\"normal\" id=\"envira-gallery-53690\" class=\"envira-gallery-public envira-gallery-justified-public envira-gallery-0-columns envira-clear enviratope envira-gallery-css-animations\" data-envira-columns=\"0\"><div id=\"envira-gallery-item-53691\" class=\"envira-gallery-item enviratope-item envira-gallery-item-1 envira-lazy-load\" style=\"padding-left: 5px; padding-bottom: 10px; padding-right: 5px;\"  itemscope itemtype=\"https:\/\/schema.org\/ImageObject\"><div class=\"envira-gallery-item-inner\"><div class=\"envira-gallery-position-overlay  envira-gallery-top-left\"><\/div><div class=\"envira-gallery-position-overlay  envira-gallery-top-right\"><\/div><div class=\"envira-gallery-position-overlay  envira-gallery-bottom-left\"><\/div><div class=\"envira-gallery-position-overlay  envira-gallery-bottom-right\"><\/div><a href=\"https:\/\/www.lausitzer-museenland.de\/wp-content\/uploads\/2022\/02\/0071.jpg\" class=\"envira-gallery-53690 envira-gallery-link\" rel=\"enviragallery53690\" title=\"Kirche Hornow Altar\" data-envira-caption=\"Kirche Hornow Altar\" data-envira-retina=\"\" data-thumbnail=\"\"  itemprop=\"contentUrl\"><img id=\"envira-gallery-image-53691\" class=\"envira-gallery-image envira-gallery-image-1 envira-normal envira-lazy\" data-envira-index=\"1\" src=\"https:\/\/www.lausitzer-museenland.de\/wp-content\/uploads\/2022\/02\/0071-681x1024.jpg\" data-envira-src=\"https:\/\/www.lausitzer-museenland.de\/wp-content\/uploads\/2022\/02\/0071-681x1024.jpg\" data-envira-gallery-id=\"53690\" data-envira-item-id=\"53691\" data-envira-caption=\"Kirche Hornow Altar\" alt=\"\" title=\"Kirche Hornow Altar\"  itemprop=\"thumbnailUrl\" data-envira-srcset=\"https:\/\/www.lausitzer-museenland.de\/wp-content\/uploads\/2022\/02\/0071-681x1024.jpg 400w,https:\/\/www.lausitzer-museenland.de\/wp-content\/uploads\/2022\/02\/0071-681x1024.jpg 2x\" data-envira-width=\"199\" data-envira-height=\"300\" srcset=\"data:image\/gif;base64,R0lGODlhAQABAIAAAP\/\/\/\/\/\/\/yH5BAEKAAEALAAAAAABAAEAAAICTAEAOw==\" data-safe-src=\"data:image\/gif;base64,R0lGODlhAQABAIAAAP\/\/\/\/\/\/\/yH5BAEKAAEALAAAAAABAAEAAAICTAEAOw==\" \/><\/a><\/div><\/div><div id=\"envira-gallery-item-53692\" class=\"envira-gallery-item enviratope-item envira-gallery-item-2 envira-lazy-load\" style=\"padding-left: 5px; padding-bottom: 10px; padding-right: 5px;\"  itemscope itemtype=\"https:\/\/schema.org\/ImageObject\"><div class=\"envira-gallery-item-inner\"><div class=\"envira-gallery-position-overlay  envira-gallery-top-left\"><\/div><div class=\"envira-gallery-position-overlay  envira-gallery-top-right\"><\/div><div class=\"envira-gallery-position-overlay  envira-gallery-bottom-left\"><\/div><div class=\"envira-gallery-position-overlay  envira-gallery-bottom-right\"><\/div><a href=\"https:\/\/www.lausitzer-museenland.de\/wp-content\/uploads\/2022\/02\/DSC00204.jpg\" class=\"envira-gallery-53690 envira-gallery-link\" rel=\"enviragallery53690\" title=\"Kirche Hornow Eingang\" data-envira-caption=\"Kirche Hornow Eingang\" data-envira-retina=\"\" data-thumbnail=\"\"  itemprop=\"contentUrl\"><img id=\"envira-gallery-image-53692\" class=\"envira-gallery-image envira-gallery-image-2 envira-normal envira-lazy\" data-envira-index=\"2\" src=\"https:\/\/www.lausitzer-museenland.de\/wp-content\/uploads\/2022\/02\/DSC00204-768x1024.jpg\" data-envira-src=\"https:\/\/www.lausitzer-museenland.de\/wp-content\/uploads\/2022\/02\/DSC00204-768x1024.jpg\" data-envira-gallery-id=\"53690\" data-envira-item-id=\"53692\" data-envira-caption=\"Kirche Hornow Eingang\" alt=\"\" title=\"Kirche Hornow Eingang\"  itemprop=\"thumbnailUrl\" data-envira-srcset=\"https:\/\/www.lausitzer-museenland.de\/wp-content\/uploads\/2022\/02\/DSC00204-768x1024.jpg 400w,https:\/\/www.lausitzer-museenland.de\/wp-content\/uploads\/2022\/02\/DSC00204-768x1024.jpg 2x\" data-envira-width=\"225\" data-envira-height=\"300\" srcset=\"data:image\/gif;base64,R0lGODlhAQABAIAAAP\/\/\/\/\/\/\/yH5BAEKAAEALAAAAAABAAEAAAICTAEAOw==\" data-safe-src=\"data:image\/gif;base64,R0lGODlhAQABAIAAAP\/\/\/\/\/\/\/yH5BAEKAAEALAAAAAABAAEAAAICTAEAOw==\" \/><\/a><\/div><\/div><div id=\"envira-gallery-item-53693\" class=\"envira-gallery-item enviratope-item envira-gallery-item-3 envira-lazy-load\" style=\"padding-left: 5px; padding-bottom: 10px; padding-right: 5px;\"  itemscope itemtype=\"https:\/\/schema.org\/ImageObject\"><div class=\"envira-gallery-item-inner\"><div class=\"envira-gallery-position-overlay  envira-gallery-top-left\"><\/div><div class=\"envira-gallery-position-overlay  envira-gallery-top-right\"><\/div><div class=\"envira-gallery-position-overlay  envira-gallery-bottom-left\"><\/div><div class=\"envira-gallery-position-overlay  envira-gallery-bottom-right\"><\/div><a href=\"https:\/\/www.lausitzer-museenland.de\/wp-content\/uploads\/2022\/02\/P1470933.jpg\" class=\"envira-gallery-53690 envira-gallery-link\" rel=\"enviragallery53690\" title=\"Kirche Hornow neue Glocke\" data-envira-caption=\"Kirche Hornow neue Glocke\" data-envira-retina=\"\" data-thumbnail=\"\"  itemprop=\"contentUrl\"><img id=\"envira-gallery-image-53693\" class=\"envira-gallery-image envira-gallery-image-3 envira-normal envira-lazy\" data-envira-index=\"3\" src=\"https:\/\/www.lausitzer-museenland.de\/wp-content\/uploads\/2022\/02\/P1470933-1024x768.jpg\" data-envira-src=\"https:\/\/www.lausitzer-museenland.de\/wp-content\/uploads\/2022\/02\/P1470933-1024x768.jpg\" data-envira-gallery-id=\"53690\" data-envira-item-id=\"53693\" data-envira-caption=\"Kirche Hornow neue Glocke\" alt=\"\" title=\"Kirche Hornow neue Glocke\"  itemprop=\"thumbnailUrl\" data-envira-srcset=\"https:\/\/www.lausitzer-museenland.de\/wp-content\/uploads\/2022\/02\/P1470933-1024x768.jpg 400w,https:\/\/www.lausitzer-museenland.de\/wp-content\/uploads\/2022\/02\/P1470933-1024x768.jpg 2x\" data-envira-width=\"300\" data-envira-height=\"225\" srcset=\"data:image\/gif;base64,R0lGODlhAQABAIAAAP\/\/\/\/\/\/\/yH5BAEKAAEALAAAAAABAAEAAAICTAEAOw==\" data-safe-src=\"data:image\/gif;base64,R0lGODlhAQABAIAAAP\/\/\/\/\/\/\/yH5BAEKAAEALAAAAAABAAEAAAICTAEAOw==\" \/><\/a><\/div><\/div><div id=\"envira-gallery-item-53694\" class=\"envira-gallery-item enviratope-item envira-gallery-item-4 envira-lazy-load\" style=\"padding-left: 5px; padding-bottom: 10px; padding-right: 5px;\"  itemscope itemtype=\"https:\/\/schema.org\/ImageObject\"><div class=\"envira-gallery-item-inner\"><div class=\"envira-gallery-position-overlay  envira-gallery-top-left\"><\/div><div class=\"envira-gallery-position-overlay  envira-gallery-top-right\"><\/div><div class=\"envira-gallery-position-overlay  envira-gallery-bottom-left\"><\/div><div class=\"envira-gallery-position-overlay  envira-gallery-bottom-right\"><\/div><a href=\"https:\/\/www.lausitzer-museenland.de\/wp-content\/uploads\/2022\/02\/P1470985.jpg\" class=\"envira-gallery-53690 envira-gallery-link\" rel=\"enviragallery53690\" title=\"Kirche Hornow\" data-envira-caption=\"Kirche Hornow\" data-envira-retina=\"\" data-thumbnail=\"\"  itemprop=\"contentUrl\"><img id=\"envira-gallery-image-53694\" class=\"envira-gallery-image envira-gallery-image-4 envira-normal envira-lazy\" data-envira-index=\"4\" src=\"https:\/\/www.lausitzer-museenland.de\/wp-content\/uploads\/2022\/02\/P1470985-1024x768.jpg\" data-envira-src=\"https:\/\/www.lausitzer-museenland.de\/wp-content\/uploads\/2022\/02\/P1470985-1024x768.jpg\" data-envira-gallery-id=\"53690\" data-envira-item-id=\"53694\" data-envira-caption=\"Kirche Hornow\" alt=\"\" title=\"Kirche Hornow\"  itemprop=\"thumbnailUrl\" data-envira-srcset=\"https:\/\/www.lausitzer-museenland.de\/wp-content\/uploads\/2022\/02\/P1470985-1024x768.jpg 400w,https:\/\/www.lausitzer-museenland.de\/wp-content\/uploads\/2022\/02\/P1470985-1024x768.jpg 2x\" data-envira-width=\"300\" data-envira-height=\"225\" srcset=\"data:image\/gif;base64,R0lGODlhAQABAIAAAP\/\/\/\/\/\/\/yH5BAEKAAEALAAAAAABAAEAAAICTAEAOw==\" data-safe-src=\"data:image\/gif;base64,R0lGODlhAQABAIAAAP\/\/\/\/\/\/\/yH5BAEKAAEALAAAAAABAAEAAAICTAEAOw==\" \/><\/a><\/div><\/div><\/div><\/div><noscript><img src=\"https:\/\/www.lausitzer-museenland.de\/wp-content\/uploads\/2022\/02\/0071.jpg\" alt=\"\" \/><img src=\"https:\/\/www.lausitzer-museenland.de\/wp-content\/uploads\/2022\/02\/DSC00204.jpg\" alt=\"\" \/><img src=\"https:\/\/www.lausitzer-museenland.de\/wp-content\/uploads\/2022\/02\/P1470933.jpg\" alt=\"\" \/><img src=\"https:\/\/www.lausitzer-museenland.de\/wp-content\/uploads\/2022\/02\/P1470985.jpg\" alt=\"\" \/><\/noscript>","protected":false},"excerpt":{"rendered":"<p>Chorfenster in der seltenen Luce-Floreo-Technik Geb\u00e4ude- \/ Grundst\u00fcckssituation Ein erstes Kirchengeb\u00e4ude in Hornow fand bereits in den Mei\u00dfner Bistumsartikeln aus dem Jahr 1346 Erw\u00e4hnung. Die jetzige Dorfkirche St. Martin wurde zu Beginn des 15. Jahrhunderts als Rechtecksaal mit Mischmauerwerk aus Feldstein und Ziegeln errichtet. Der rechteckige Kirchturm kam im Jahr 1902 hinzu. N\u00f6rdlich des Kirchbaus<\/p>","protected":false},"author":13,"featured_media":0,"parent":113,"menu_order":0,"comment_status":"closed","ping_status":"closed","template":"","meta":[],"_links":{"self":[{"href":"https:\/\/www.lausitzer-museenland.de\/dsb\/wp-json\/wp\/v2\/pages\/53669"}],"collection":[{"href":"https:\/\/www.lausitzer-museenland.de\/dsb\/wp-json\/wp\/v2\/pages"}],"about":[{"href":"https:\/\/www.lausitzer-museenland.de\/dsb\/wp-json\/wp\/v2\/types\/page"}],"author":[{"embeddable":true,"href":"https:\/\/www.lausitzer-museenland.de\/dsb\/wp-json\/wp\/v2\/users\/13"}],"replies":[{"embeddable":true,"href":"https:\/\/www.lausitzer-museenland.de\/dsb\/wp-json\/wp\/v2\/comments?post=53669"}],"version-history":[{"count":9,"href":"https:\/\/www.lausitzer-museenland.de\/dsb\/wp-json\/wp\/v2\/pages\/53669\/revisions"}],"predecessor-version":[{"id":53709,"href":"https:\/\/www.lausitzer-museenland.de\/dsb\/wp-json\/wp\/v2\/pages\/53669\/revisions\/53709"}],"up":[{"embeddable":true,"href":"https:\/\/www.lausitzer-museenland.de\/dsb\/wp-json\/wp\/v2\/pages\/113"}],"wp:attachment":[{"href":"https:\/\/www.lausitzer-museenland.de\/dsb\/wp-json\/wp\/v2\/media?parent=53669"}],"curies":[{"name":"wp","href":"https:\/\/api.w.org\/{rel}","templated":true}]}}