{"id":53673,"date":"2022-01-28T15:58:51","date_gmt":"2022-01-28T14:58:51","guid":{"rendered":"https:\/\/www.lausitzer-museenland.de\/?page_id=53673"},"modified":"2024-09-19T10:42:57","modified_gmt":"2024-09-19T08:42:57","slug":"kinderbuchmuseum-i-g-muzej-za-zisece-knigly-w-zalozenju","status":"publish","type":"page","link":"https:\/\/www.lausitzer-museenland.de\/dsb\/museen\/kinderbuchmuseum-i-g-muzej-za-zisece-knigly-w-zalozenju\/","title":{"rendered":"Kinderbuchmuseum Petershain (in Gr\u00fcndung)  \/ Muzej za \u017ai\u015bece knig\u0142y wiki (w za\u0142o\u017eenju)"},"content":{"rendered":"<p><a href=\"https:\/\/www.lausitzer-museenland.de\/wp-content\/uploads\/2022\/02\/IMG_002.png\"><img loading=\"lazy\" class=\"aligncenter size-full wp-image-53707\" src=\"https:\/\/www.lausitzer-museenland.de\/wp-content\/uploads\/2022\/02\/IMG_002.png\" alt=\"\" width=\"570\" height=\"371\" srcset=\"https:\/\/www.lausitzer-museenland.de\/wp-content\/uploads\/2022\/02\/IMG_002.png 570w, https:\/\/www.lausitzer-museenland.de\/wp-content\/uploads\/2022\/02\/IMG_002-300x195.png 300w\" sizes=\"(max-width: 570px) 100vw, 570px\" \/><\/a><br \/>\nDeutschsprachige Kinderb\u00fccher nach 1945<\/p>\n<h3>-<\/h3>\n<p>Das Kinderbuchmuseum befindet sich noch in der Gr\u00fcndungsphase. Die Ausstellung wird in den R\u00e4umlichkeiten eines gegen Ende des 19. Jahrhunderts errichteten Geb\u00e4udes auf einem ehemaligen Dreiseitenhof in Neupetershain-Nord etabliert werden. In den kommenden Jahren ist ein Ausbau des Geb\u00e4udes vorgesehen, im Rahmen dessen eine umfassende Sanierung der Au\u00dfenh\u00fclle (Dach, Fassade, Fenster) durchgef\u00fchrt werden soll. Das Museum stellt ein Projekt des Vereins &#8222;Grundschule f\u00fcr hochbegabte Kinder Neupetershain-Nord e. V.&#8220; dar.<\/p>\n<h3>-<\/h3>\n<p>Die geplante Dauerausstellung fokussiert sich auf die Entwicklung der Kinderliteratur ab 1945. Die Sammlung umfasst Bilderb\u00fccher, Kinderb\u00fccher, Jugendb\u00fccher, Kindersachb\u00fccher sowie Schulb\u00fccher. Ein besonderer Schwerpunkt liegt auf der Kinderliteratur der Deutschen Demokratischen Republik von 1949 bis 1989. Des Weiteren sind Sonderausstellungen zu Kinderbuchautoren, literarischen Themen sowie Objekten aus dem Alltag von Kindern vorgesehen. Die Ausstellung ist so konzipiert, dass eine regelm\u00e4\u00dfige Umgestaltung erfolgt, um beispielsweise neu erworbene Exponate zu pr\u00e4sentieren.<br \/>\n&nbsp;<\/p>\n<h3>Galeria<\/h3>\n<div id=\"envira-gallery-wrap-53702\" class=\"envira-gallery-wrap envira-gallery-theme-base envira-lightbox-theme-base\" itemscope itemtype=\"https:\/\/schema.org\/ImageGallery\"><div data-row-height=\"150\" data-gallery-theme=\"normal\" id=\"envira-gallery-53702\" class=\"envira-gallery-public envira-gallery-justified-public envira-gallery-0-columns envira-clear enviratope envira-gallery-css-animations\" data-envira-columns=\"0\"><div id=\"envira-gallery-item-53705\" class=\"envira-gallery-item enviratope-item envira-gallery-item-1 envira-lazy-load\" style=\"padding-left: 5px; padding-bottom: 10px; padding-right: 5px;\"  itemscope itemtype=\"https:\/\/schema.org\/ImageObject\"><div class=\"envira-gallery-item-inner\"><div class=\"envira-gallery-position-overlay  envira-gallery-top-left\"><\/div><div class=\"envira-gallery-position-overlay  envira-gallery-top-right\"><\/div><div class=\"envira-gallery-position-overlay  envira-gallery-bottom-left\"><\/div><div class=\"envira-gallery-position-overlay  envira-gallery-bottom-right\"><\/div><a href=\"https:\/\/www.lausitzer-museenland.de\/wp-content\/uploads\/2022\/02\/variante-1.jpg\" class=\"envira-gallery-53702 envira-gallery-link\" rel=\"enviragallery53702\" title=\"Kinderbuchmuseum 01\" data-envira-caption=\"Kinderbuchmuseum 01\" data-envira-retina=\"\" data-thumbnail=\"\"  itemprop=\"contentUrl\"><img id=\"envira-gallery-image-53705\" class=\"envira-gallery-image envira-gallery-image-1 envira-normal envira-lazy\" data-envira-index=\"1\" src=\"https:\/\/www.lausitzer-museenland.de\/wp-content\/uploads\/2022\/02\/variante-1-824x1024.jpg\" data-envira-src=\"https:\/\/www.lausitzer-museenland.de\/wp-content\/uploads\/2022\/02\/variante-1-824x1024.jpg\" data-envira-gallery-id=\"53702\" data-envira-item-id=\"53705\" data-envira-caption=\"Kinderbuchmuseum 01\" alt=\"\" title=\"Kinderbuchmuseum 01\"  itemprop=\"thumbnailUrl\" data-envira-srcset=\"https:\/\/www.lausitzer-museenland.de\/wp-content\/uploads\/2022\/02\/variante-1-824x1024.jpg 400w,https:\/\/www.lausitzer-museenland.de\/wp-content\/uploads\/2022\/02\/variante-1-824x1024.jpg 2x\" data-envira-width=\"241\" data-envira-height=\"300\" srcset=\"data:image\/gif;base64,R0lGODlhAQABAIAAAP\/\/\/\/\/\/\/yH5BAEKAAEALAAAAAABAAEAAAICTAEAOw==\" data-safe-src=\"data:image\/gif;base64,R0lGODlhAQABAIAAAP\/\/\/\/\/\/\/yH5BAEKAAEALAAAAAABAAEAAAICTAEAOw==\" \/><\/a><\/div><\/div><div id=\"envira-gallery-item-53703\" class=\"envira-gallery-item enviratope-item envira-gallery-item-2 envira-lazy-load\" style=\"padding-left: 5px; padding-bottom: 10px; padding-right: 5px;\"  itemscope itemtype=\"https:\/\/schema.org\/ImageObject\"><div class=\"envira-gallery-item-inner\"><div class=\"envira-gallery-position-overlay  envira-gallery-top-left\"><\/div><div class=\"envira-gallery-position-overlay  envira-gallery-top-right\"><\/div><div class=\"envira-gallery-position-overlay  envira-gallery-bottom-left\"><\/div><div class=\"envira-gallery-position-overlay  envira-gallery-bottom-right\"><\/div><a href=\"https:\/\/www.lausitzer-museenland.de\/wp-content\/uploads\/2022\/02\/Kinderbuchmuseum_02.jpg\" class=\"envira-gallery-53702 envira-gallery-link\" rel=\"enviragallery53702\" title=\"Kinderbuchmuseum 02\" data-envira-caption=\"Kinderbuchmuseum 02\" data-envira-retina=\"\" data-thumbnail=\"\"  itemprop=\"contentUrl\"><img id=\"envira-gallery-image-53703\" class=\"envira-gallery-image envira-gallery-image-2 envira-normal envira-lazy\" data-envira-index=\"2\" src=\"https:\/\/www.lausitzer-museenland.de\/wp-content\/uploads\/2022\/02\/Kinderbuchmuseum_02-1024x816.jpg\" data-envira-src=\"https:\/\/www.lausitzer-museenland.de\/wp-content\/uploads\/2022\/02\/Kinderbuchmuseum_02-1024x816.jpg\" data-envira-gallery-id=\"53702\" data-envira-item-id=\"53703\" data-envira-caption=\"Kinderbuchmuseum 02\" alt=\"\" title=\"Kinderbuchmuseum 02\"  itemprop=\"thumbnailUrl\" data-envira-srcset=\"https:\/\/www.lausitzer-museenland.de\/wp-content\/uploads\/2022\/02\/Kinderbuchmuseum_02-1024x816.jpg 400w,https:\/\/www.lausitzer-museenland.de\/wp-content\/uploads\/2022\/02\/Kinderbuchmuseum_02-1024x816.jpg 2x\" data-envira-width=\"300\" data-envira-height=\"239\" srcset=\"data:image\/gif;base64,R0lGODlhAQABAIAAAP\/\/\/\/\/\/\/yH5BAEKAAEALAAAAAABAAEAAAICTAEAOw==\" data-safe-src=\"data:image\/gif;base64,R0lGODlhAQABAIAAAP\/\/\/\/\/\/\/yH5BAEKAAEALAAAAAABAAEAAAICTAEAOw==\" \/><\/a><\/div><\/div><div id=\"envira-gallery-item-53704\" class=\"envira-gallery-item enviratope-item envira-gallery-item-3 envira-lazy-load\" style=\"padding-left: 5px; padding-bottom: 10px; padding-right: 5px;\"  itemscope itemtype=\"https:\/\/schema.org\/ImageObject\"><div class=\"envira-gallery-item-inner\"><div class=\"envira-gallery-position-overlay  envira-gallery-top-left\"><\/div><div class=\"envira-gallery-position-overlay  envira-gallery-top-right\"><\/div><div class=\"envira-gallery-position-overlay  envira-gallery-bottom-left\"><\/div><div class=\"envira-gallery-position-overlay  envira-gallery-bottom-right\"><\/div><a href=\"https:\/\/www.lausitzer-museenland.de\/wp-content\/uploads\/2022\/02\/Kinderbuchmuseum_03.jpg\" class=\"envira-gallery-53702 envira-gallery-link\" rel=\"enviragallery53702\" title=\"Kinderbuchmuseum 03\" data-envira-caption=\"Kinderbuchmuseum 03\" data-envira-retina=\"\" data-thumbnail=\"\"  itemprop=\"contentUrl\"><img id=\"envira-gallery-image-53704\" class=\"envira-gallery-image envira-gallery-image-3 envira-normal envira-lazy\" data-envira-index=\"3\" src=\"https:\/\/www.lausitzer-museenland.de\/wp-content\/uploads\/2022\/02\/Kinderbuchmuseum_03-1024x804.jpg\" data-envira-src=\"https:\/\/www.lausitzer-museenland.de\/wp-content\/uploads\/2022\/02\/Kinderbuchmuseum_03-1024x804.jpg\" data-envira-gallery-id=\"53702\" data-envira-item-id=\"53704\" data-envira-caption=\"Kinderbuchmuseum 03\" alt=\"\" title=\"Kinderbuchmuseum 03\"  itemprop=\"thumbnailUrl\" data-envira-srcset=\"https:\/\/www.lausitzer-museenland.de\/wp-content\/uploads\/2022\/02\/Kinderbuchmuseum_03-1024x804.jpg 400w,https:\/\/www.lausitzer-museenland.de\/wp-content\/uploads\/2022\/02\/Kinderbuchmuseum_03-1024x804.jpg 2x\" data-envira-width=\"300\" data-envira-height=\"235\" srcset=\"data:image\/gif;base64,R0lGODlhAQABAIAAAP\/\/\/\/\/\/\/yH5BAEKAAEALAAAAAABAAEAAAICTAEAOw==\" data-safe-src=\"data:image\/gif;base64,R0lGODlhAQABAIAAAP\/\/\/\/\/\/\/yH5BAEKAAEALAAAAAABAAEAAAICTAEAOw==\" \/><\/a><\/div><\/div><\/div><\/div><noscript><img src=\"https:\/\/www.lausitzer-museenland.de\/wp-content\/uploads\/2022\/02\/variante-1.jpg\" alt=\"\" \/><img src=\"https:\/\/www.lausitzer-museenland.de\/wp-content\/uploads\/2022\/02\/Kinderbuchmuseum_02.jpg\" alt=\"\" \/><img src=\"https:\/\/www.lausitzer-museenland.de\/wp-content\/uploads\/2022\/02\/Kinderbuchmuseum_03.jpg\" alt=\"\" \/><\/noscript>","protected":false},"excerpt":{"rendered":"<p>Deutschsprachige Kinderb\u00fccher nach 1945 Geb\u00e4ude- \/ Grundst\u00fcckssituation Das Kinderbuchmuseum befindet sich noch in der Gr\u00fcndungsphase. Die Ausstellung wird in den R\u00e4umlichkeiten eines gegen Ende des 19. Jahrhunderts errichteten Geb\u00e4udes auf einem ehemaligen Dreiseitenhof in Neupetershain-Nord etabliert werden. In den kommenden Jahren ist ein Ausbau des Geb\u00e4udes vorgesehen, im Rahmen dessen eine umfassende Sanierung der Au\u00dfenh\u00fclle<\/p>","protected":false},"author":13,"featured_media":0,"parent":113,"menu_order":0,"comment_status":"closed","ping_status":"closed","template":"","meta":[],"_links":{"self":[{"href":"https:\/\/www.lausitzer-museenland.de\/dsb\/wp-json\/wp\/v2\/pages\/53673"}],"collection":[{"href":"https:\/\/www.lausitzer-museenland.de\/dsb\/wp-json\/wp\/v2\/pages"}],"about":[{"href":"https:\/\/www.lausitzer-museenland.de\/dsb\/wp-json\/wp\/v2\/types\/page"}],"author":[{"embeddable":true,"href":"https:\/\/www.lausitzer-museenland.de\/dsb\/wp-json\/wp\/v2\/users\/13"}],"replies":[{"embeddable":true,"href":"https:\/\/www.lausitzer-museenland.de\/dsb\/wp-json\/wp\/v2\/comments?post=53673"}],"version-history":[{"count":11,"href":"https:\/\/www.lausitzer-museenland.de\/dsb\/wp-json\/wp\/v2\/pages\/53673\/revisions"}],"predecessor-version":[{"id":55325,"href":"https:\/\/www.lausitzer-museenland.de\/dsb\/wp-json\/wp\/v2\/pages\/53673\/revisions\/55325"}],"up":[{"embeddable":true,"href":"https:\/\/www.lausitzer-museenland.de\/dsb\/wp-json\/wp\/v2\/pages\/113"}],"wp:attachment":[{"href":"https:\/\/www.lausitzer-museenland.de\/dsb\/wp-json\/wp\/v2\/media?parent=53673"}],"curies":[{"name":"wp","href":"https:\/\/api.w.org\/{rel}","templated":true}]}}