{"id":539,"date":"2014-11-14T15:16:56","date_gmt":"2014-11-14T14:16:56","guid":{"rendered":"http:\/\/lausitzer-museenland.de\/?page_id=539"},"modified":"2018-08-16T09:42:45","modified_gmt":"2018-08-16T08:42:45","slug":"vielfalt-der-sorbischen-musik","status":"publish","type":"page","link":"https:\/\/www.lausitzer-museenland.de\/dsb\/service\/kobi\/vielfalt-der-sorbischen-musik\/","title":{"rendered":"Vielfalt der sorbischen Musik, kreative sorbische Dichter und Literaten im Heimatmuseum Dissen"},"content":{"rendered":"<p>Viele nehmen von der sorbischen Musik nichts oder nur deren Folkloreelemente wahr. Aber die sorbische Musik der Gegenwart beschr\u00e4nkt sich nicht auf Ch\u00f6re, die Volkslieder zu Geh\u00f6r bringen, oder Schlager im Rundfunk.<\/p>\n<p>Sie reicht vom Chanson, \u00fcber Pop, Rap und Heavy Metal in seinen vielf\u00e4ltigen Ausdrucksformen bis zu experimenteller neuer Musik. Ebenso kreativ sind die mehr oder weniger bekannten sorbischen Dichter und Literaten. Einen \u00dcberblick dazu gibt der sorbische Liederpoet Bernd Pittkunings.<\/p>\n<p>Das Angebot findet indoor statt und richtet sich an<br \/>\nSch\u00fcler der Klassen 7 bis 12.<br \/>\nTermine: nach langfristiger Absprache<br \/>\nVoranmeldung: sp\u00e4testens 4 Wochen vorher<br \/>\nDauer: 45 Minuten je Projektbaustein<br \/>\nGruppengr\u00f6\u00dfe: 6 bis 30 Personen<\/p>\n<p>Nach Absprache k\u00f6nnen verschiedene Angebote des Heimatmuseums miteinander kombiniert werden. (Entgelte werden danach berechnet.)<\/p>\n<p><a title=\"Heimatmuseum Dissen \/ Domowniski muzej De\u0161no\" href=\"\/museen\/heimatmuseum-dissen\/\">Heimatmuseum Dissen<\/a><\/p>","protected":false},"excerpt":{"rendered":"<p>Viele nehmen von der sorbischen Musik nichts oder nur deren Folkloreelemente wahr. Aber die sorbische Musik der Gegenwart beschr\u00e4nkt sich nicht auf Ch\u00f6re, die Volkslieder zu Geh\u00f6r bringen, oder Schlager im Rundfunk. Sie reicht vom Chanson, \u00fcber Pop, Rap und Heavy Metal in seinen vielf\u00e4ltigen Ausdrucksformen bis zu experimenteller neuer Musik. Ebenso kreativ sind die<\/p>","protected":false},"author":13,"featured_media":0,"parent":380,"menu_order":0,"comment_status":"closed","ping_status":"closed","template":"","meta":[],"_links":{"self":[{"href":"https:\/\/www.lausitzer-museenland.de\/dsb\/wp-json\/wp\/v2\/pages\/539"}],"collection":[{"href":"https:\/\/www.lausitzer-museenland.de\/dsb\/wp-json\/wp\/v2\/pages"}],"about":[{"href":"https:\/\/www.lausitzer-museenland.de\/dsb\/wp-json\/wp\/v2\/types\/page"}],"author":[{"embeddable":true,"href":"https:\/\/www.lausitzer-museenland.de\/dsb\/wp-json\/wp\/v2\/users\/13"}],"replies":[{"embeddable":true,"href":"https:\/\/www.lausitzer-museenland.de\/dsb\/wp-json\/wp\/v2\/comments?post=539"}],"version-history":[{"count":9,"href":"https:\/\/www.lausitzer-museenland.de\/dsb\/wp-json\/wp\/v2\/pages\/539\/revisions"}],"predecessor-version":[{"id":26693,"href":"https:\/\/www.lausitzer-museenland.de\/dsb\/wp-json\/wp\/v2\/pages\/539\/revisions\/26693"}],"up":[{"embeddable":true,"href":"https:\/\/www.lausitzer-museenland.de\/dsb\/wp-json\/wp\/v2\/pages\/380"}],"wp:attachment":[{"href":"https:\/\/www.lausitzer-museenland.de\/dsb\/wp-json\/wp\/v2\/media?parent=539"}],"curies":[{"name":"wp","href":"https:\/\/api.w.org\/{rel}","templated":true}]}}