{"id":53993,"date":"2022-06-01T12:18:53","date_gmt":"2022-06-01T10:18:53","guid":{"rendered":"https:\/\/www.lausitzer-museenland.de\/?page_id=53993"},"modified":"2023-11-14T11:44:30","modified_gmt":"2023-11-14T10:44:30","slug":"traditionelles-ostereierverzieren-im-dorfmuseum-bloischdorf","status":"publish","type":"page","link":"https:\/\/www.lausitzer-museenland.de\/dsb\/service\/kobi\/traditionelles-ostereierverzieren-im-dorfmuseum-bloischdorf\/","title":{"rendered":"Traditionelles Ostereierverzieren im Dorfmuseum Bloischdorf"},"content":{"rendered":"<p>Jeder ist herzlich eingeladen, zwei traditionelle sorbische Techniken zum Ostereierverzieren kennen zu lernen, auszuprobieren und anzuwenden.<br \/>\nTraditionelle Ornamente und Muster werden mit Stecknadelk\u00f6pfen und Federkielen auf das Ei gebracht.<br \/>\nBei der Wachbossiertechnik wird Wachs in verschiedenen Farben auf das wei\u00dfe, braune oder zuvor gef\u00e4rbte Ei getupft. Das farbige Wachs verbleibt auf dem Osterei. Die Wachsreservetechnik ist zeitaufw\u00e4ndiger, da die Ornamente in mehreren Durchg\u00e4ngen mit Wachs aufgetupft und das Ei zwischen dem Wachsen immer wieder in verschiedene Farbb\u00e4der getaucht wird. Am Ende wird das Wachs wieder vom Ei genommen.<\/p>\n<p>Das Angebot findet indoor statt und richtet sich an Kindertagesst\u00e4tten und an Sch\u00fcler<br \/>\nder Klassen 1 bis 10.<br \/>\nTermine: 4 Wochen vor Ostern<br \/>\nVoranmeldung: mindestens 3 Wochen vorher<br \/>\nDauer: ca. 2 Stunden<br \/>\nGruppengr\u00f6\u00dfe: 10 bis 30 Personen<br \/>\nUnkostenbeitrag pro Person: 7,00 \u20ac<br \/>\n2 Betreuer der Gruppe haben kostenlosen Eintritt<br \/>\n<a title=\"Niederlausitzer Sorbisches Dorfmuseum Bloischdorf\/ B\u0142obo\u0161ojce\" href=\"\/museen\/niederlausitzer-sorbisches-dorfmuseum-bloischdorf\/\">Museumsscheune Bloischdorf<\/a><\/p>","protected":false},"excerpt":{"rendered":"<p>Jeder ist herzlich eingeladen, zwei traditionelle sorbische Techniken zum Ostereierverzieren kennen zu lernen, auszuprobieren und anzuwenden. Traditionelle Ornamente und Muster werden mit Stecknadelk\u00f6pfen und Federkielen auf das Ei gebracht. Bei der Wachbossiertechnik wird Wachs in verschiedenen Farben auf das wei\u00dfe, braune oder zuvor gef\u00e4rbte Ei getupft. Das farbige Wachs verbleibt auf dem Osterei. Die Wachsreservetechnik<\/p>","protected":false},"author":13,"featured_media":0,"parent":380,"menu_order":0,"comment_status":"closed","ping_status":"closed","template":"","meta":[],"_links":{"self":[{"href":"https:\/\/www.lausitzer-museenland.de\/dsb\/wp-json\/wp\/v2\/pages\/53993"}],"collection":[{"href":"https:\/\/www.lausitzer-museenland.de\/dsb\/wp-json\/wp\/v2\/pages"}],"about":[{"href":"https:\/\/www.lausitzer-museenland.de\/dsb\/wp-json\/wp\/v2\/types\/page"}],"author":[{"embeddable":true,"href":"https:\/\/www.lausitzer-museenland.de\/dsb\/wp-json\/wp\/v2\/users\/13"}],"replies":[{"embeddable":true,"href":"https:\/\/www.lausitzer-museenland.de\/dsb\/wp-json\/wp\/v2\/comments?post=53993"}],"version-history":[{"count":5,"href":"https:\/\/www.lausitzer-museenland.de\/dsb\/wp-json\/wp\/v2\/pages\/53993\/revisions"}],"predecessor-version":[{"id":54890,"href":"https:\/\/www.lausitzer-museenland.de\/dsb\/wp-json\/wp\/v2\/pages\/53993\/revisions\/54890"}],"up":[{"embeddable":true,"href":"https:\/\/www.lausitzer-museenland.de\/dsb\/wp-json\/wp\/v2\/pages\/380"}],"wp:attachment":[{"href":"https:\/\/www.lausitzer-museenland.de\/dsb\/wp-json\/wp\/v2\/media?parent=53993"}],"curies":[{"name":"wp","href":"https:\/\/api.w.org\/{rel}","templated":true}]}}