{"id":546,"date":"2014-11-14T15:27:10","date_gmt":"2014-11-14T14:27:10","guid":{"rendered":"http:\/\/lausitzer-museenland.de\/?page_id=546"},"modified":"2014-12-17T16:33:16","modified_gmt":"2014-12-17T15:33:16","slug":"projekttag-im-stadt-und-industriemuseum-guben","status":"publish","type":"page","link":"https:\/\/www.lausitzer-museenland.de\/dsb\/service\/kobi\/projekttag-im-stadt-und-industriemuseum-guben\/","title":{"rendered":"Zeugnisausgabe im Stadt- und Industriemuseum Guben"},"content":{"rendered":"<p>Die Sch\u00fcler\/innen werden von einer Mitarbeiterin des Museums begr\u00fc\u00dft und kurz eingewiesen. Danach \u00fcbernimmt der Klassenlehrer die Klasse und f\u00fchrt die Zeugnisausgabe durch. Anschlie\u00dfend k\u00f6nnen die Sch\u00fcler\/innen an der \u201eEchten Hutprobierstation\u201c die vielf\u00e4ltigen Hut- und Kopfbedeckungen ausprobieren (Fotografieren durch die Begleitpersonen ist m\u00f6glich).<\/p>\n<p>Andere\/erg\u00e4nzende Angebote k\u00f6nnen auf Anfrage wahrgenommen werden.<\/p>\n<p>Das Angebot findet indoor statt und richtet sich an Sch\u00fcler<br \/>\nder Klassen 1 bis 10.<br \/>\nTermine: nach Absprache am Tag der Zeugnisausgabe<br \/>\nVoranmeldung: mindestens 2 Monate vorher<br \/>\nDauer: ca. 45 Minuten<br \/>\nGruppengr\u00f6\u00dfe: bis 30 Personen<br \/>\nEintritt pro Person: 1,50 \u20ac (Gubener Schulen haben freien Eintritt)<\/p>\n<p><a title=\"Stadt- und Industriemuseum Guben \/ M\u011bs\u0107a\u0144ski a industrijowy muzej Gubin\" href=\"\/museen\/stadt-und-industriemuseum-guben\/\">Stadt- und Industriemuseum Guben<\/a><\/p>","protected":false},"excerpt":{"rendered":"<p>Die Sch\u00fcler\/innen werden von einer Mitarbeiterin des Museums begr\u00fc\u00dft und kurz eingewiesen. Danach \u00fcbernimmt der Klassenlehrer die Klasse und f\u00fchrt die Zeugnisausgabe durch. Anschlie\u00dfend k\u00f6nnen die Sch\u00fcler\/innen an der \u201eEchten Hutprobierstation\u201c die vielf\u00e4ltigen Hut- und Kopfbedeckungen ausprobieren (Fotografieren durch die Begleitpersonen ist m\u00f6glich). Andere\/erg\u00e4nzende Angebote k\u00f6nnen auf Anfrage wahrgenommen werden. Das Angebot findet indoor statt<\/p>","protected":false},"author":13,"featured_media":0,"parent":380,"menu_order":0,"comment_status":"closed","ping_status":"closed","template":"","meta":[],"_links":{"self":[{"href":"https:\/\/www.lausitzer-museenland.de\/dsb\/wp-json\/wp\/v2\/pages\/546"}],"collection":[{"href":"https:\/\/www.lausitzer-museenland.de\/dsb\/wp-json\/wp\/v2\/pages"}],"about":[{"href":"https:\/\/www.lausitzer-museenland.de\/dsb\/wp-json\/wp\/v2\/types\/page"}],"author":[{"embeddable":true,"href":"https:\/\/www.lausitzer-museenland.de\/dsb\/wp-json\/wp\/v2\/users\/13"}],"replies":[{"embeddable":true,"href":"https:\/\/www.lausitzer-museenland.de\/dsb\/wp-json\/wp\/v2\/comments?post=546"}],"version-history":[{"count":7,"href":"https:\/\/www.lausitzer-museenland.de\/dsb\/wp-json\/wp\/v2\/pages\/546\/revisions"}],"predecessor-version":[{"id":3581,"href":"https:\/\/www.lausitzer-museenland.de\/dsb\/wp-json\/wp\/v2\/pages\/546\/revisions\/3581"}],"up":[{"embeddable":true,"href":"https:\/\/www.lausitzer-museenland.de\/dsb\/wp-json\/wp\/v2\/pages\/380"}],"wp:attachment":[{"href":"https:\/\/www.lausitzer-museenland.de\/dsb\/wp-json\/wp\/v2\/media?parent=546"}],"curies":[{"name":"wp","href":"https:\/\/api.w.org\/{rel}","templated":true}]}}