{"id":548,"date":"2014-11-14T15:29:07","date_gmt":"2014-11-14T14:29:07","guid":{"rendered":"http:\/\/lausitzer-museenland.de\/?page_id=548"},"modified":"2014-12-17T16:21:20","modified_gmt":"2014-12-17T15:21:20","slug":"projekttag-im-heimatmuseum-guben","status":"publish","type":"page","link":"https:\/\/www.lausitzer-museenland.de\/dsb\/service\/kobi\/projekttag-im-heimatmuseum-guben\/","title":{"rendered":"Zeugnisausgabe -Projekttag im Heimatmuseum &#8222;Sprucker M\u00fchle&#8220; Guben"},"content":{"rendered":"<p>Projekttag im Heimatmuseum &#8222;Sprucker M\u00fchle&#8220; Guben<\/p>\n<p>Durch den Klassenlehrer erfolgt im historischen Klassenzimmer des Heimatmuseums \u201eSprucker M\u00fchle\u201c die Zeugnisausgabe. Bei einer anschlie\u00dfenden F\u00fchrung durch das Heimatmuseum erfahren die Sch\u00fcler\/innen viel Interessantes.<\/p>\n<p>Das Angebot findet indoor statt und richtet sich an Sch\u00fcler<br \/>\nder Klassen 1 bis 10.<br \/>\nTermine: nach Absprache am Tag der Zeugnisausgabe<br \/>\nVoranmeldung: mindestens 2 Wochen vorher<br \/>\nDauer: ca. 45 Minuten<br \/>\nGruppengr\u00f6\u00dfe: bis 25 Personen<br \/>\nEintritt pro Person: 1,00 \u20ac bis 2,00 \u20ac (Gubener Schulen haben freien Eintritt)<br \/>\nF\u00fcr F\u00fchrungen wird ein Entgelt pro Gruppe in H\u00f6he von 20,00 \u20ac erhoben.<\/p>\n<p><a title=\"\u201eSprucker M\u00fchle\u201c Guben \/ \u201eSprukojski m\u0142yn\u201d Gubin\" href=\"\/museen\/sprucker-muehle-guben\/\">Heimatmuseum &#8222;Sprucker M\u00fchle&#8220;<\/a><\/p>","protected":false},"excerpt":{"rendered":"<p>Projekttag im Heimatmuseum &#8222;Sprucker M\u00fchle&#8220; Guben Durch den Klassenlehrer erfolgt im historischen Klassenzimmer des Heimatmuseums \u201eSprucker M\u00fchle\u201c die Zeugnisausgabe. Bei einer anschlie\u00dfenden F\u00fchrung durch das Heimatmuseum erfahren die Sch\u00fcler\/innen viel Interessantes. Das Angebot findet indoor statt und richtet sich an Sch\u00fcler der Klassen 1 bis 10. Termine: nach Absprache am Tag der Zeugnisausgabe Voranmeldung: mindestens<\/p>","protected":false},"author":13,"featured_media":0,"parent":380,"menu_order":0,"comment_status":"closed","ping_status":"closed","template":"","meta":[],"_links":{"self":[{"href":"https:\/\/www.lausitzer-museenland.de\/dsb\/wp-json\/wp\/v2\/pages\/548"}],"collection":[{"href":"https:\/\/www.lausitzer-museenland.de\/dsb\/wp-json\/wp\/v2\/pages"}],"about":[{"href":"https:\/\/www.lausitzer-museenland.de\/dsb\/wp-json\/wp\/v2\/types\/page"}],"author":[{"embeddable":true,"href":"https:\/\/www.lausitzer-museenland.de\/dsb\/wp-json\/wp\/v2\/users\/13"}],"replies":[{"embeddable":true,"href":"https:\/\/www.lausitzer-museenland.de\/dsb\/wp-json\/wp\/v2\/comments?post=548"}],"version-history":[{"count":7,"href":"https:\/\/www.lausitzer-museenland.de\/dsb\/wp-json\/wp\/v2\/pages\/548\/revisions"}],"predecessor-version":[{"id":3575,"href":"https:\/\/www.lausitzer-museenland.de\/dsb\/wp-json\/wp\/v2\/pages\/548\/revisions\/3575"}],"up":[{"embeddable":true,"href":"https:\/\/www.lausitzer-museenland.de\/dsb\/wp-json\/wp\/v2\/pages\/380"}],"wp:attachment":[{"href":"https:\/\/www.lausitzer-museenland.de\/dsb\/wp-json\/wp\/v2\/media?parent=548"}],"curies":[{"name":"wp","href":"https:\/\/api.w.org\/{rel}","templated":true}]}}