{"id":55257,"date":"2024-09-06T11:43:29","date_gmt":"2024-09-06T09:43:29","guid":{"rendered":"https:\/\/www.lausitzer-museenland.de\/?page_id=55257"},"modified":"2024-09-06T11:43:29","modified_gmt":"2024-09-06T09:43:29","slug":"erkundungen-im-schloss-hornow","status":"publish","type":"page","link":"https:\/\/www.lausitzer-museenland.de\/dsb\/service\/kobi\/erkundungen-im-schloss-hornow\/","title":{"rendered":"Erkundungen im Schloss Hornow"},"content":{"rendered":"<p>Im Schloss Hornow k\u00f6nnen Kinder auf Entdeckungsreise gehen und die verborgenen Sch\u00e4tze und Geheimnisse des Schlosses erkunden.<br \/>\nF\u00fcr Kinder von 5 bis 9 Jahren gibt es eine kleine Schnitzeljagd, die nicht nur unterhaltsam, sondern auch lehrreich ist, da sie die Geschichte des Schlosses und seiner Bewohner n\u00e4her bringt.<br \/>\nF\u00fcr Kinder und Jugendliche ab 10 Jahren geht es darum, das L\u00f6sungswort des Schlosskreuzwortr\u00e4tsels zu finden.<br \/>\nAm Ende erh\u00e4lt jeder eine Urkunde und eine kleine \u00dcberraschung!<br \/>\nDas Angebot findet indoor statt und kann auch von Schulklassen genutzt werden.<br \/>\nTermine: nach Vereinbarung<br \/>\nVoranmeldung: 2 Wochen im Voraus<br \/>\nDauer<br \/>\nSchnitzeljagd: ca. 25 bis 30 Minuten (je nach L\u00f6sungsgeschwindigkeit der Kinder)<br \/>\nSchloss-Kreuzwortr\u00e4tsel: ca. 35 bis 50 Minuten (je nach L\u00f6sungsgeschwindigkeit der Kinder und Jugendlichen)<br \/>\nGruppengr\u00f6\u00dfe<br \/>\nSchnitzeljagd: bis zu 5 Personen<br \/>\nSchloss-Kreuzwortr\u00e4tsel: bis zu 20 Personen<br \/>\nKosten: Das Angebot ist kostenlos. Der Verein freut sich jedoch \u00fcber Spenden.<\/p>\n<p><a title=\"Schloss Hornow \/ grod L\u011b\u0161\u0107e\" href=\"\/museen\/schloss-hornow-grod-lesce\/\">Schloss Hornow<\/a><\/p>","protected":false},"excerpt":{"rendered":"<p>Im Schloss Hornow k\u00f6nnen Kinder auf Entdeckungsreise gehen und die verborgenen Sch\u00e4tze und Geheimnisse des Schlosses erkunden. F\u00fcr Kinder von 5 bis 9 Jahren gibt es eine kleine Schnitzeljagd, die nicht nur unterhaltsam, sondern auch lehrreich ist, da sie die Geschichte des Schlosses und seiner Bewohner n\u00e4her bringt. F\u00fcr Kinder und Jugendliche ab 10 Jahren<\/p>","protected":false},"author":13,"featured_media":0,"parent":380,"menu_order":0,"comment_status":"closed","ping_status":"closed","template":"","meta":[],"_links":{"self":[{"href":"https:\/\/www.lausitzer-museenland.de\/dsb\/wp-json\/wp\/v2\/pages\/55257"}],"collection":[{"href":"https:\/\/www.lausitzer-museenland.de\/dsb\/wp-json\/wp\/v2\/pages"}],"about":[{"href":"https:\/\/www.lausitzer-museenland.de\/dsb\/wp-json\/wp\/v2\/types\/page"}],"author":[{"embeddable":true,"href":"https:\/\/www.lausitzer-museenland.de\/dsb\/wp-json\/wp\/v2\/users\/13"}],"replies":[{"embeddable":true,"href":"https:\/\/www.lausitzer-museenland.de\/dsb\/wp-json\/wp\/v2\/comments?post=55257"}],"version-history":[{"count":2,"href":"https:\/\/www.lausitzer-museenland.de\/dsb\/wp-json\/wp\/v2\/pages\/55257\/revisions"}],"predecessor-version":[{"id":55259,"href":"https:\/\/www.lausitzer-museenland.de\/dsb\/wp-json\/wp\/v2\/pages\/55257\/revisions\/55259"}],"up":[{"embeddable":true,"href":"https:\/\/www.lausitzer-museenland.de\/dsb\/wp-json\/wp\/v2\/pages\/380"}],"wp:attachment":[{"href":"https:\/\/www.lausitzer-museenland.de\/dsb\/wp-json\/wp\/v2\/media?parent=55257"}],"curies":[{"name":"wp","href":"https:\/\/api.w.org\/{rel}","templated":true}]}}