{"id":557,"date":"2014-11-14T16:30:23","date_gmt":"2014-11-14T15:30:23","guid":{"rendered":"http:\/\/lausitzer-museenland.de\/?page_id=557"},"modified":"2014-12-17T16:34:56","modified_gmt":"2014-12-17T15:34:56","slug":"vom-korn-zum-mehl","status":"publish","type":"page","link":"https:\/\/www.lausitzer-museenland.de\/dsb\/service\/kobi\/vom-korn-zum-mehl\/","title":{"rendered":"Vom Korn zum Mehl in der &#8222;Sprucker M\u00fchle&#8220; Guben"},"content":{"rendered":"<p>In der historischen Wasserm\u00fchle des Heimatmuseums \u201eSprucker M\u00fchle\u201c wird die Vermahlung vom Getreide (Korn) zum Mehl erkl\u00e4rt und gezeigt. Im Anschluss an die F\u00fchrung haben die Sch\u00fcler die M\u00f6glichkeit, in historischer Kleidung selbst einmal auf einer alten Reibem\u00fchle Getreidek\u00f6rner zu Schrot zu vermahlen (Handarbeit).<\/p>\n<p>Das Angebot findet indoor statt und richtet sich an Vorschulkinder sowie Sch\u00fcler der Klassen 1 bis 5.<br \/>\nTermine: nach Absprache<br \/>\nVoranmeldung: mindestens 2 Wochen vorher<br \/>\nDauer: ca. 45 Minuten<br \/>\nGruppengr\u00f6\u00dfe: 6 bis 25 Personen<br \/>\nEintritt pro Person: 1,00 \u20ac bis 2,00 \u20ac (Gubener Kitas und Schulen haben freien Eintritt)<br \/>\nF\u00fcr F\u00fchrungen wird ein Entgelt pro Gruppe in H\u00f6he von 20,00 \u20ac erhoben.<\/p>\n<p><a title=\"\u201eSprucker M\u00fchle\u201c Guben \/ \u201eSprukojski m\u0142yn\u201d Gubin\" href=\"\/museen\/sprucker-muehle-guben\/\">Heimatmuseum &#8222;Sprucker M\u00fchle&#8220;<\/a><\/p>","protected":false},"excerpt":{"rendered":"<p>In der historischen Wasserm\u00fchle des Heimatmuseums \u201eSprucker M\u00fchle\u201c wird die Vermahlung vom Getreide (Korn) zum Mehl erkl\u00e4rt und gezeigt. Im Anschluss an die F\u00fchrung haben die Sch\u00fcler die M\u00f6glichkeit, in historischer Kleidung selbst einmal auf einer alten Reibem\u00fchle Getreidek\u00f6rner zu Schrot zu vermahlen (Handarbeit). Das Angebot findet indoor statt und richtet sich an Vorschulkinder sowie<\/p>","protected":false},"author":13,"featured_media":0,"parent":380,"menu_order":0,"comment_status":"closed","ping_status":"closed","template":"","meta":[],"_links":{"self":[{"href":"https:\/\/www.lausitzer-museenland.de\/dsb\/wp-json\/wp\/v2\/pages\/557"}],"collection":[{"href":"https:\/\/www.lausitzer-museenland.de\/dsb\/wp-json\/wp\/v2\/pages"}],"about":[{"href":"https:\/\/www.lausitzer-museenland.de\/dsb\/wp-json\/wp\/v2\/types\/page"}],"author":[{"embeddable":true,"href":"https:\/\/www.lausitzer-museenland.de\/dsb\/wp-json\/wp\/v2\/users\/13"}],"replies":[{"embeddable":true,"href":"https:\/\/www.lausitzer-museenland.de\/dsb\/wp-json\/wp\/v2\/comments?post=557"}],"version-history":[{"count":3,"href":"https:\/\/www.lausitzer-museenland.de\/dsb\/wp-json\/wp\/v2\/pages\/557\/revisions"}],"predecessor-version":[{"id":3584,"href":"https:\/\/www.lausitzer-museenland.de\/dsb\/wp-json\/wp\/v2\/pages\/557\/revisions\/3584"}],"up":[{"embeddable":true,"href":"https:\/\/www.lausitzer-museenland.de\/dsb\/wp-json\/wp\/v2\/pages\/380"}],"wp:attachment":[{"href":"https:\/\/www.lausitzer-museenland.de\/dsb\/wp-json\/wp\/v2\/media?parent=557"}],"curies":[{"name":"wp","href":"https:\/\/api.w.org\/{rel}","templated":true}]}}