{"id":559,"date":"2014-11-14T16:32:05","date_gmt":"2014-11-14T15:32:05","guid":{"rendered":"http:\/\/lausitzer-museenland.de\/?page_id=559"},"modified":"2014-12-17T16:35:27","modified_gmt":"2014-12-17T15:35:27","slug":"osterbraeuche","status":"publish","type":"page","link":"https:\/\/www.lausitzer-museenland.de\/dsb\/service\/kobi\/osterbraeuche\/","title":{"rendered":"Osterbr\u00e4uche in der &#8222;Sprucker M\u00fchle&#8220; Guben"},"content":{"rendered":"<p>Den Kindern bzw. den Sch\u00fcler\/innen werden die Osterbr\u00e4uche aus der Region erkl\u00e4rt (Osterwasser, Osterbrot, Osterfeuer und dergleichen).<\/p>\n<p>Woppeln und Waleien werden vorgestellt und gemeinsam durchgef\u00fchrt.<\/p>\n<p>Diese Arbeitsmaterialien m\u00fcssen mitgebracht werden:<br \/>\npro Kind:<\/p>\n<ul>\n<li>f\u00fcnf einzelne Centst\u00fccke<\/li>\n<li>zwei hartgekochte Ostereier<\/li>\n<\/ul>\n<p>Das Angebot findet indoor und outdoor statt und richtet sich an Vorschulkinder sowie Sch\u00fcler der Klassen 1 bis 6.<br \/>\nTermine: nach Absprache<br \/>\nVoranmeldung: mindestens 2 Wochen vorher<br \/>\nDauer: ca. 45 bis 90 Minuten (je nach Alter und Gr\u00f6\u00dfe der Gruppe)<br \/>\nGruppengr\u00f6\u00dfe: 6 bis 25 Personen<br \/>\nEintritt pro Person: 1,00 \u20ac bis 2,00 \u20ac (Gubener Kitas und Schulen haben freien Eintritt)<\/p>\n<p><a title=\"\u201eSprucker M\u00fchle\u201c Guben \/ \u201eSprukojski m\u0142yn\u201d Gubin\" href=\"\/museen\/sprucker-muehle-guben\/\">Heimatmuseum &#8222;Sprucker M\u00fchle&#8220;<\/a><\/p>","protected":false},"excerpt":{"rendered":"<p>Den Kindern bzw. den Sch\u00fcler\/innen werden die Osterbr\u00e4uche aus der Region erkl\u00e4rt (Osterwasser, Osterbrot, Osterfeuer und dergleichen). Woppeln und Waleien werden vorgestellt und gemeinsam durchgef\u00fchrt. Diese Arbeitsmaterialien m\u00fcssen mitgebracht werden: pro Kind: f\u00fcnf einzelne Centst\u00fccke zwei hartgekochte Ostereier Das Angebot findet indoor und outdoor statt und richtet sich an Vorschulkinder sowie Sch\u00fcler der Klassen 1<\/p>","protected":false},"author":13,"featured_media":0,"parent":380,"menu_order":0,"comment_status":"closed","ping_status":"closed","template":"","meta":[],"_links":{"self":[{"href":"https:\/\/www.lausitzer-museenland.de\/dsb\/wp-json\/wp\/v2\/pages\/559"}],"collection":[{"href":"https:\/\/www.lausitzer-museenland.de\/dsb\/wp-json\/wp\/v2\/pages"}],"about":[{"href":"https:\/\/www.lausitzer-museenland.de\/dsb\/wp-json\/wp\/v2\/types\/page"}],"author":[{"embeddable":true,"href":"https:\/\/www.lausitzer-museenland.de\/dsb\/wp-json\/wp\/v2\/users\/13"}],"replies":[{"embeddable":true,"href":"https:\/\/www.lausitzer-museenland.de\/dsb\/wp-json\/wp\/v2\/comments?post=559"}],"version-history":[{"count":3,"href":"https:\/\/www.lausitzer-museenland.de\/dsb\/wp-json\/wp\/v2\/pages\/559\/revisions"}],"predecessor-version":[{"id":3585,"href":"https:\/\/www.lausitzer-museenland.de\/dsb\/wp-json\/wp\/v2\/pages\/559\/revisions\/3585"}],"up":[{"embeddable":true,"href":"https:\/\/www.lausitzer-museenland.de\/dsb\/wp-json\/wp\/v2\/pages\/380"}],"wp:attachment":[{"href":"https:\/\/www.lausitzer-museenland.de\/dsb\/wp-json\/wp\/v2\/media?parent=559"}],"curies":[{"name":"wp","href":"https:\/\/api.w.org\/{rel}","templated":true}]}}