{"id":581,"date":"2014-11-14T16:52:27","date_gmt":"2014-11-14T15:52:27","guid":{"rendered":"http:\/\/lausitzer-museenland.de\/?page_id=581"},"modified":"2021-03-24T10:49:31","modified_gmt":"2021-03-24T09:49:31","slug":"ostereier-malen","status":"publish","type":"page","link":"https:\/\/www.lausitzer-museenland.de\/dsb\/service\/kobi\/ostereier-malen\/","title":{"rendered":"Ostereier malen in der Sorbischen Webstube Drebkau"},"content":{"rendered":"<p>Wer das traditionelle Verzieren von Ostereiern bei den Sorben\/ Wenden erlernen m\u00f6chte, ist zu einem Schnupperkurs f\u00fcr Anf\u00e4nger in zwei sorbischen Techniken eingeladen. Ein Museumsbesuch ist Bestandteil des Projekttages.<\/p>\n<p>Das Angebot richtet sich an Sch\u00fcler der Klassen 1 bis 6.<br \/>\nTermine: nach Absprache<br \/>\nVoranmeldung: mindestens 2 Wochen vorher<br \/>\nGruppengr\u00f6\u00dfe: bis 10 Personen<br \/>\nUnkostenbeitrag pro Person: 2,50 \u20ac<\/p>\n<p><a title=\"Sorbische Webstube Drebkau \/ Serbska tkajarska \u0161pa Drjowk\" href=\"\/museen\/sorbische-webstube-drebkau\/\">Sorbische Webstube Drebkau<\/a><\/p>","protected":false},"excerpt":{"rendered":"<p>Wer das traditionelle Verzieren von Ostereiern bei den Sorben\/ Wenden erlernen m\u00f6chte, ist zu einem Schnupperkurs f\u00fcr Anf\u00e4nger in zwei sorbischen Techniken eingeladen. Ein Museumsbesuch ist Bestandteil des Projekttages. Das Angebot richtet sich an Sch\u00fcler der Klassen 1 bis 6. Termine: nach Absprache Voranmeldung: mindestens 2 Wochen vorher Gruppengr\u00f6\u00dfe: bis 10 Personen Unkostenbeitrag pro Person:<\/p>","protected":false},"author":13,"featured_media":0,"parent":380,"menu_order":0,"comment_status":"closed","ping_status":"closed","template":"","meta":[],"_links":{"self":[{"href":"https:\/\/www.lausitzer-museenland.de\/dsb\/wp-json\/wp\/v2\/pages\/581"}],"collection":[{"href":"https:\/\/www.lausitzer-museenland.de\/dsb\/wp-json\/wp\/v2\/pages"}],"about":[{"href":"https:\/\/www.lausitzer-museenland.de\/dsb\/wp-json\/wp\/v2\/types\/page"}],"author":[{"embeddable":true,"href":"https:\/\/www.lausitzer-museenland.de\/dsb\/wp-json\/wp\/v2\/users\/13"}],"replies":[{"embeddable":true,"href":"https:\/\/www.lausitzer-museenland.de\/dsb\/wp-json\/wp\/v2\/comments?post=581"}],"version-history":[{"count":4,"href":"https:\/\/www.lausitzer-museenland.de\/dsb\/wp-json\/wp\/v2\/pages\/581\/revisions"}],"predecessor-version":[{"id":53297,"href":"https:\/\/www.lausitzer-museenland.de\/dsb\/wp-json\/wp\/v2\/pages\/581\/revisions\/53297"}],"up":[{"embeddable":true,"href":"https:\/\/www.lausitzer-museenland.de\/dsb\/wp-json\/wp\/v2\/pages\/380"}],"wp:attachment":[{"href":"https:\/\/www.lausitzer-museenland.de\/dsb\/wp-json\/wp\/v2\/media?parent=581"}],"curies":[{"name":"wp","href":"https:\/\/api.w.org\/{rel}","templated":true}]}}