{"id":583,"date":"2014-11-14T16:56:48","date_gmt":"2014-11-14T15:56:48","guid":{"rendered":"http:\/\/lausitzer-museenland.de\/?page_id=583"},"modified":"2014-12-17T17:08:50","modified_gmt":"2014-12-17T16:08:50","slug":"wie-ein-hut-entsteht","status":"publish","type":"page","link":"https:\/\/www.lausitzer-museenland.de\/dsb\/service\/kobi\/wie-ein-hut-entsteht\/","title":{"rendered":"\u201eWie ein Hut entsteht\u201c &#8211; Filmvorf\u00fchrung zur Entstehung eines Hutes im Stadt- und Industriemuseum Guben"},"content":{"rendered":"<p>Im Rahmen eines Museumsbesuches wird den Kindern und Jugendlichen mittels einer Filmvorf\u00fchrung (DVD) die Hutherstellung in den damaligen VEB Hutwerke Guben dargelegt. Der Film veranschaulicht erg\u00e4nzend zur Ausstellung die schwere Arbeit bei der Hutherstellung (Filmdauer ca. 20 Minuten).<\/p>\n<p>Das Angebot findet indoor statt und richtet sich an<br \/>\nVorschulkinder und an Sch\u00fcler bis zur Klasse 10.<br \/>\nTermine: nach Absprache<br \/>\nVoranmeldung: mindestens 2 Tage vorher<br \/>\nDauer: 1 bis 2,5 Stunden<br \/>\nGruppengr\u00f6\u00dfe: 5 bis 30 Personen<br \/>\nEintritt pro Person: 1,50 \u20ac (Gubener Schulen und Kitas haben freien Eintritt)<br \/>\nF\u00fcr die Filmvorf\u00fchrung wird ein Unkostenbeitrag von 15,00 \u20ac erhoben.<\/p>\n<p><a title=\"Stadt- und Industriemuseum Guben \/ M\u011bs\u0107a\u0144ski a industrijowy muzej Gubin\" href=\"\/museen\/stadt-und-industriemuseum-guben\/\">Stadt- und Industriemuseum Guben<\/a><\/p>","protected":false},"excerpt":{"rendered":"<p>Im Rahmen eines Museumsbesuches wird den Kindern und Jugendlichen mittels einer Filmvorf\u00fchrung (DVD) die Hutherstellung in den damaligen VEB Hutwerke Guben dargelegt. Der Film veranschaulicht erg\u00e4nzend zur Ausstellung die schwere Arbeit bei der Hutherstellung (Filmdauer ca. 20 Minuten). Das Angebot findet indoor statt und richtet sich an Vorschulkinder und an Sch\u00fcler bis zur Klasse 10.<\/p>","protected":false},"author":13,"featured_media":0,"parent":380,"menu_order":0,"comment_status":"closed","ping_status":"closed","template":"","meta":[],"_links":{"self":[{"href":"https:\/\/www.lausitzer-museenland.de\/dsb\/wp-json\/wp\/v2\/pages\/583"}],"collection":[{"href":"https:\/\/www.lausitzer-museenland.de\/dsb\/wp-json\/wp\/v2\/pages"}],"about":[{"href":"https:\/\/www.lausitzer-museenland.de\/dsb\/wp-json\/wp\/v2\/types\/page"}],"author":[{"embeddable":true,"href":"https:\/\/www.lausitzer-museenland.de\/dsb\/wp-json\/wp\/v2\/users\/13"}],"replies":[{"embeddable":true,"href":"https:\/\/www.lausitzer-museenland.de\/dsb\/wp-json\/wp\/v2\/comments?post=583"}],"version-history":[{"count":3,"href":"https:\/\/www.lausitzer-museenland.de\/dsb\/wp-json\/wp\/v2\/pages\/583\/revisions"}],"predecessor-version":[{"id":3599,"href":"https:\/\/www.lausitzer-museenland.de\/dsb\/wp-json\/wp\/v2\/pages\/583\/revisions\/3599"}],"up":[{"embeddable":true,"href":"https:\/\/www.lausitzer-museenland.de\/dsb\/wp-json\/wp\/v2\/pages\/380"}],"wp:attachment":[{"href":"https:\/\/www.lausitzer-museenland.de\/dsb\/wp-json\/wp\/v2\/media?parent=583"}],"curies":[{"name":"wp","href":"https:\/\/api.w.org\/{rel}","templated":true}]}}