{"id":585,"date":"2014-11-14T16:59:35","date_gmt":"2014-11-14T15:59:35","guid":{"rendered":"http:\/\/lausitzer-museenland.de\/?page_id=585"},"modified":"2014-12-17T17:09:38","modified_gmt":"2014-12-17T16:09:38","slug":"filzen","status":"publish","type":"page","link":"https:\/\/www.lausitzer-museenland.de\/dsb\/service\/kobi\/filzen\/","title":{"rendered":"Filzen im Stadt- und Industriemuseum Guben"},"content":{"rendered":"<p>Mit Wollfilz, speziellen Filznadeln, Ausstechformen (ggf. selbstgebastelten Pappformen), Luftpolsterfolie und Styropor k\u00f6nnen die Sch\u00fcler\/innen unter Anleitung verschiedenste Filzfiguren herstellen. Die fertigen Figuren eignen sich auch zur Weiterverarbeitung als Schl\u00fcsselanh\u00e4nger, Weihnachts- und\/ oder Osterschmuck sowie zur dekorativen Versch\u00f6nerung von H\u00fcten. Die Sch\u00fcler sollten bereits Vorkenntnisse im Umgang mit Nadeln haben.<\/p>\n<p>Das Angebot findet indoor statt und richtet sich an Sch\u00fcler<br \/>\nder Klassen 1 bis 7.<br \/>\nTermine: nach Absprache<br \/>\nVoranmeldung: mindestens 2 Wochen vorher<br \/>\nDauer: ca. 1 Stunde<br \/>\nGruppengr\u00f6\u00dfe: bis 25 Personen<br \/>\nEintritt pro Person: 1,50 \u20ac (Gubener Schulen haben freien Eintritt)<br \/>\nUnkostenbeitrag f\u00fcr Material pro Person: 1,00 \u20ac bis 2,00 \u20ac<\/p>\n<p>Sonstige Hinweise zum Angebot:<br \/>\nDie Arbeit mit den spitzen Nadeln sollte von den Betreuern \u00fcberwacht werden<br \/>\nDas Material kann vom Museum zur Verf\u00fcgung gestellt werden. Dann ist der Unkostenbeitrag zu entrichten.<\/p>\n<p><a title=\"Stadt- und Industriemuseum Guben \/ M\u011bs\u0107a\u0144ski a industrijowy muzej Gubin\" href=\"\/museen\/stadt-und-industriemuseum-guben\/\">Stadt- und Industriemuseum Guben<\/a><\/p>","protected":false},"excerpt":{"rendered":"<p>Mit Wollfilz, speziellen Filznadeln, Ausstechformen (ggf. selbstgebastelten Pappformen), Luftpolsterfolie und Styropor k\u00f6nnen die Sch\u00fcler\/innen unter Anleitung verschiedenste Filzfiguren herstellen. Die fertigen Figuren eignen sich auch zur Weiterverarbeitung als Schl\u00fcsselanh\u00e4nger, Weihnachts- und\/ oder Osterschmuck sowie zur dekorativen Versch\u00f6nerung von H\u00fcten. Die Sch\u00fcler sollten bereits Vorkenntnisse im Umgang mit Nadeln haben. Das Angebot findet indoor statt und<\/p>","protected":false},"author":13,"featured_media":0,"parent":380,"menu_order":0,"comment_status":"closed","ping_status":"closed","template":"","meta":[],"_links":{"self":[{"href":"https:\/\/www.lausitzer-museenland.de\/dsb\/wp-json\/wp\/v2\/pages\/585"}],"collection":[{"href":"https:\/\/www.lausitzer-museenland.de\/dsb\/wp-json\/wp\/v2\/pages"}],"about":[{"href":"https:\/\/www.lausitzer-museenland.de\/dsb\/wp-json\/wp\/v2\/types\/page"}],"author":[{"embeddable":true,"href":"https:\/\/www.lausitzer-museenland.de\/dsb\/wp-json\/wp\/v2\/users\/13"}],"replies":[{"embeddable":true,"href":"https:\/\/www.lausitzer-museenland.de\/dsb\/wp-json\/wp\/v2\/comments?post=585"}],"version-history":[{"count":3,"href":"https:\/\/www.lausitzer-museenland.de\/dsb\/wp-json\/wp\/v2\/pages\/585\/revisions"}],"predecessor-version":[{"id":3600,"href":"https:\/\/www.lausitzer-museenland.de\/dsb\/wp-json\/wp\/v2\/pages\/585\/revisions\/3600"}],"up":[{"embeddable":true,"href":"https:\/\/www.lausitzer-museenland.de\/dsb\/wp-json\/wp\/v2\/pages\/380"}],"wp:attachment":[{"href":"https:\/\/www.lausitzer-museenland.de\/dsb\/wp-json\/wp\/v2\/media?parent=585"}],"curies":[{"name":"wp","href":"https:\/\/api.w.org\/{rel}","templated":true}]}}