{"id":587,"date":"2014-11-14T17:01:39","date_gmt":"2014-11-14T16:01:39","guid":{"rendered":"http:\/\/lausitzer-museenland.de\/?page_id=587"},"modified":"2014-12-17T17:10:05","modified_gmt":"2014-12-17T16:10:05","slug":"echten-hutprobierstation","status":"publish","type":"page","link":"https:\/\/www.lausitzer-museenland.de\/dsb\/service\/kobi\/echten-hutprobierstation\/","title":{"rendered":"Fotoaktion an der \u201eEchten Hutprobierstation\u201c  im Stadt- und Industriemuseum Guben"},"content":{"rendered":"<p>Die Klasse wird kurz eingewiesen, und die Sch\u00fcler\/innen w\u00e4hlen aus dem vielf\u00e4ltigen Angebot der Hutprobierstation H\u00fcte und Kopfbedeckungen aus und stellen sich dem \u201eHobbyfotografen\u201c. Die Fotos k\u00f6nnen auf einem mitgebrachten Stick gespeichert und sp\u00e4ter selbst zur Entwicklung gebracht werden bzw. per E-Mail versendet werden.<\/p>\n<p>Das Angebot findet indoor statt und richtet sich an Sch\u00fcler<br \/>\nder Klassen 1 bis 10.<br \/>\nTermine: nach Absprache<br \/>\nVoranmeldung: mindestens 2 Tage vorher<br \/>\nDauer: 1 bis 1,5 Stunden<br \/>\nGruppengr\u00f6\u00dfe: bis 30 Personen<br \/>\nEintritt pro Person: 1,50 \u20ac (Gubener Schulen haben freien Eintritt)<\/p>\n<p><a title=\"Stadt- und Industriemuseum Guben \/ M\u011bs\u0107a\u0144ski a industrijowy muzej Gubin\" href=\"\/museen\/stadt-und-industriemuseum-guben\/\">Stadt- und Industriemuseum Guben<\/a><\/p>","protected":false},"excerpt":{"rendered":"<p>Die Klasse wird kurz eingewiesen, und die Sch\u00fcler\/innen w\u00e4hlen aus dem vielf\u00e4ltigen Angebot der Hutprobierstation H\u00fcte und Kopfbedeckungen aus und stellen sich dem \u201eHobbyfotografen\u201c. Die Fotos k\u00f6nnen auf einem mitgebrachten Stick gespeichert und sp\u00e4ter selbst zur Entwicklung gebracht werden bzw. per E-Mail versendet werden. Das Angebot findet indoor statt und richtet sich an Sch\u00fcler der<\/p>","protected":false},"author":13,"featured_media":0,"parent":380,"menu_order":0,"comment_status":"closed","ping_status":"closed","template":"","meta":[],"_links":{"self":[{"href":"https:\/\/www.lausitzer-museenland.de\/dsb\/wp-json\/wp\/v2\/pages\/587"}],"collection":[{"href":"https:\/\/www.lausitzer-museenland.de\/dsb\/wp-json\/wp\/v2\/pages"}],"about":[{"href":"https:\/\/www.lausitzer-museenland.de\/dsb\/wp-json\/wp\/v2\/types\/page"}],"author":[{"embeddable":true,"href":"https:\/\/www.lausitzer-museenland.de\/dsb\/wp-json\/wp\/v2\/users\/13"}],"replies":[{"embeddable":true,"href":"https:\/\/www.lausitzer-museenland.de\/dsb\/wp-json\/wp\/v2\/comments?post=587"}],"version-history":[{"count":3,"href":"https:\/\/www.lausitzer-museenland.de\/dsb\/wp-json\/wp\/v2\/pages\/587\/revisions"}],"predecessor-version":[{"id":3601,"href":"https:\/\/www.lausitzer-museenland.de\/dsb\/wp-json\/wp\/v2\/pages\/587\/revisions\/3601"}],"up":[{"embeddable":true,"href":"https:\/\/www.lausitzer-museenland.de\/dsb\/wp-json\/wp\/v2\/pages\/380"}],"wp:attachment":[{"href":"https:\/\/www.lausitzer-museenland.de\/dsb\/wp-json\/wp\/v2\/media?parent=587"}],"curies":[{"name":"wp","href":"https:\/\/api.w.org\/{rel}","templated":true}]}}