{"id":589,"date":"2014-11-14T17:03:38","date_gmt":"2014-11-14T16:03:38","guid":{"rendered":"http:\/\/lausitzer-museenland.de\/?page_id=589"},"modified":"2014-12-17T17:10:31","modified_gmt":"2014-12-17T16:10:31","slug":"hutherstellung","status":"publish","type":"page","link":"https:\/\/www.lausitzer-museenland.de\/dsb\/service\/kobi\/hutherstellung\/","title":{"rendered":"Hutherstellung im Stadt- und Industriemuseum Guben"},"content":{"rendered":"<p>Mit Schere, Kleber, Lineal, Bleistift, Karton und Pappe f\u00fcr die Schablonen werden unter Anleitung H\u00fcte hergestellt. Die ben\u00f6tigten Materialien k\u00f6nnen mitgebracht werden oder sie werden vom Museum zur Verf\u00fcgung gestellt. Die Sch\u00fcler sollten in der Lage sein, mit Schre und Kleber umzugehen.<\/p>\n<p>Das Angebot findet indoor statt und richtet sich an Sch\u00fcler<br \/>\nder Klassen 1 bis 7.<br \/>\nTermine: nach Absprache<br \/>\nVoranmeldung: mindestens 2 Wochen vorher<br \/>\nDauer: ca. 1 Stunde<br \/>\nGruppengr\u00f6\u00dfe: bis 25 Personen<br \/>\nEintritt pro Person: 1,50 \u20ac (Gubener Schulen haben freien Eintritt)<br \/>\nUnkostenbeitrag f\u00fcr Material pro Person: 2,00 \u20ac<\/p>\n<p><em>Sonstige Hinweise zum Angebot:<\/em><br \/>\nLaut Entgeltordnung erheben wir f\u00fcr die Filmvorf\u00fchrung 15,00 \u20ac; Gubener Schulen haben freien Eintritt.\u00a0Nach Absprache k\u00f6nnen die notwendigen Arbeitsmaterialien durch das Museum bereit gestellt werden, dann betragen die Kosten 2,00 \u20ac pro Person.<\/p>\n<p><a title=\"Stadt- und Industriemuseum Guben \/ M\u011bs\u0107a\u0144ski a industrijowy muzej Gubin\" href=\"\/museen\/stadt-und-industriemuseum-guben\/\">Stadt- und Industriemuseum Guben<\/a><\/p>","protected":false},"excerpt":{"rendered":"<p>Mit Schere, Kleber, Lineal, Bleistift, Karton und Pappe f\u00fcr die Schablonen werden unter Anleitung H\u00fcte hergestellt. Die ben\u00f6tigten Materialien k\u00f6nnen mitgebracht werden oder sie werden vom Museum zur Verf\u00fcgung gestellt. Die Sch\u00fcler sollten in der Lage sein, mit Schre und Kleber umzugehen. Das Angebot findet indoor statt und richtet sich an Sch\u00fcler der Klassen 1<\/p>","protected":false},"author":13,"featured_media":0,"parent":380,"menu_order":0,"comment_status":"closed","ping_status":"closed","template":"","meta":[],"_links":{"self":[{"href":"https:\/\/www.lausitzer-museenland.de\/dsb\/wp-json\/wp\/v2\/pages\/589"}],"collection":[{"href":"https:\/\/www.lausitzer-museenland.de\/dsb\/wp-json\/wp\/v2\/pages"}],"about":[{"href":"https:\/\/www.lausitzer-museenland.de\/dsb\/wp-json\/wp\/v2\/types\/page"}],"author":[{"embeddable":true,"href":"https:\/\/www.lausitzer-museenland.de\/dsb\/wp-json\/wp\/v2\/users\/13"}],"replies":[{"embeddable":true,"href":"https:\/\/www.lausitzer-museenland.de\/dsb\/wp-json\/wp\/v2\/comments?post=589"}],"version-history":[{"count":5,"href":"https:\/\/www.lausitzer-museenland.de\/dsb\/wp-json\/wp\/v2\/pages\/589\/revisions"}],"predecessor-version":[{"id":3602,"href":"https:\/\/www.lausitzer-museenland.de\/dsb\/wp-json\/wp\/v2\/pages\/589\/revisions\/3602"}],"up":[{"embeddable":true,"href":"https:\/\/www.lausitzer-museenland.de\/dsb\/wp-json\/wp\/v2\/pages\/380"}],"wp:attachment":[{"href":"https:\/\/www.lausitzer-museenland.de\/dsb\/wp-json\/wp\/v2\/media?parent=589"}],"curies":[{"name":"wp","href":"https:\/\/api.w.org\/{rel}","templated":true}]}}