{"id":601,"date":"2014-11-14T17:08:58","date_gmt":"2014-11-14T16:08:58","guid":{"rendered":"http:\/\/lausitzer-museenland.de\/?page_id=601"},"modified":"2017-04-05T12:39:21","modified_gmt":"2017-04-05T11:39:21","slug":"serviettentechnik","status":"publish","type":"page","link":"https:\/\/www.lausitzer-museenland.de\/dsb\/service\/kobi\/serviettentechnik\/","title":{"rendered":"Serviettentechnik im Brandenburgischen Textilmuseum Forst"},"content":{"rendered":"<p>Die Sch\u00fcler erhalten in der Tuchmacherschauwerkstatt eine F\u00fchrung zum Thema \u201eVon der Wolle zum Tuch\u201c. Sie erfahren viel Wissenswertes \u00fcber die historischen Maschinen, die zur Bearbeitung der Wolle notwendig sind, um ein Tuch entstehen zu lassen.<\/p>\n<p>Das Angebot findet indoor statt und richtet sich an Sch\u00fcler<br \/>\nder Klassen 3 bis 6.<br \/>\nTermine: nach Absprache<br \/>\nVoranmeldung mindestens 1 Woche vorher<br \/>\nDauer: ca. 1 bis 1,5 Stunden<br \/>\nGruppengr\u00f6\u00dfe: 5 bis 30 Personen<br \/>\nEintritt pro Person: 3,50 \u20ac<\/p>\n<p><a title=\"Brandenburgisches Textilmuseum Forst (Lausitz) \/ Bramborski tekstilny muzej Bar\u0161\u0107 (\u0141u\u017eyca)\" href=\"\/museen\/brandenburgisches-textilmuseum-forst\/\">Brandenburgisches Textilmuseum Forst<\/a><\/p>","protected":false},"excerpt":{"rendered":"<p>Die Sch\u00fcler erhalten in der Tuchmacherschauwerkstatt eine F\u00fchrung zum Thema \u201eVon der Wolle zum Tuch\u201c. Sie erfahren viel Wissenswertes \u00fcber die historischen Maschinen, die zur Bearbeitung der Wolle notwendig sind, um ein Tuch entstehen zu lassen. Das Angebot findet indoor statt und richtet sich an Sch\u00fcler der Klassen 3 bis 6. Termine: nach Absprache Voranmeldung<\/p>","protected":false},"author":13,"featured_media":0,"parent":380,"menu_order":0,"comment_status":"closed","ping_status":"closed","template":"","meta":[],"_links":{"self":[{"href":"https:\/\/www.lausitzer-museenland.de\/dsb\/wp-json\/wp\/v2\/pages\/601"}],"collection":[{"href":"https:\/\/www.lausitzer-museenland.de\/dsb\/wp-json\/wp\/v2\/pages"}],"about":[{"href":"https:\/\/www.lausitzer-museenland.de\/dsb\/wp-json\/wp\/v2\/types\/page"}],"author":[{"embeddable":true,"href":"https:\/\/www.lausitzer-museenland.de\/dsb\/wp-json\/wp\/v2\/users\/13"}],"replies":[{"embeddable":true,"href":"https:\/\/www.lausitzer-museenland.de\/dsb\/wp-json\/wp\/v2\/comments?post=601"}],"version-history":[{"count":4,"href":"https:\/\/www.lausitzer-museenland.de\/dsb\/wp-json\/wp\/v2\/pages\/601\/revisions"}],"predecessor-version":[{"id":7873,"href":"https:\/\/www.lausitzer-museenland.de\/dsb\/wp-json\/wp\/v2\/pages\/601\/revisions\/7873"}],"up":[{"embeddable":true,"href":"https:\/\/www.lausitzer-museenland.de\/dsb\/wp-json\/wp\/v2\/pages\/380"}],"wp:attachment":[{"href":"https:\/\/www.lausitzer-museenland.de\/dsb\/wp-json\/wp\/v2\/media?parent=601"}],"curies":[{"name":"wp","href":"https:\/\/api.w.org\/{rel}","templated":true}]}}