{"id":603,"date":"2014-11-14T17:10:15","date_gmt":"2014-11-14T16:10:15","guid":{"rendered":"http:\/\/lausitzer-museenland.de\/?page_id=603"},"modified":"2017-04-05T12:43:18","modified_gmt":"2017-04-05T11:43:18","slug":"stadtfuehrung-und-stadtrallye","status":"publish","type":"page","link":"https:\/\/www.lausitzer-museenland.de\/dsb\/service\/kobi\/stadtfuehrung-und-stadtrallye\/","title":{"rendered":"Stadtf\u00fchrung und Stadtrallye im Brandenburgischen Textilmuseum Forst"},"content":{"rendered":"<p>Unsere Heimatstadt Forst (Lausitz) erleben die Kinder einmal ganz aufmerksam, spazieren durch alte Stra\u00dfen und erfahren viel \u00fcber die Geschichte der einst so pulsierenden Textilstadt. Warum besitzen noch heute manche Stra\u00dfen kleine Bahnschienen? Die Kinder haben die M\u00f6glichkeit, sich auf eine Spurensuche zu begeben. Sie bekommen interessante Hinweise auf ganz bestimmte, gesuchte Geb\u00e4ude oder Einrichtungen. Mit diesen Informationen kann das gesuchte Geb\u00e4ude gefunden werden- und, um das R\u00e4tsel endg\u00fcltig zu l\u00f6sen, werden diese fotografiert.<\/p>\n<p>Zus\u00e4tzlich k\u00f6nnen wir in der Stadtkirche die Gruft (1,00 \u20ac) und\/oder einen Aufstieg zum Turm (2,50 \u20ac) organisieren. Diese Kosten sind dann an die Stadtkirche zu entrichten.<\/p>\n<p>Das Angebot findet indoor und outdoor statt und richtet sich an Sch\u00fcler<br \/>\nder Klassen 3 bis 6.<br \/>\nTermine: nach Absprache<br \/>\nVoranmeldung: mindestens 1 Woche im Voraus<br \/>\nDauer: ca. 2 bis 2,5 Stunden<br \/>\nGruppengr\u00f6\u00dfe: 5 bis 30 Personen<br \/>\nEintritt pro Person: 3,50 \u20ac<\/p>\n<p><a title=\"Brandenburgisches Textilmuseum Forst (Lausitz) \/ Bramborski tekstilny muzej Bar\u0161\u0107 (\u0141u\u017eyca)\" href=\"\/museen\/brandenburgisches-textilmuseum-forst\/\">Brandenburgisches Textilmuseum Forst<\/a><\/p>","protected":false},"excerpt":{"rendered":"<p>Unsere Heimatstadt Forst (Lausitz) erleben die Kinder einmal ganz aufmerksam, spazieren durch alte Stra\u00dfen und erfahren viel \u00fcber die Geschichte der einst so pulsierenden Textilstadt. Warum besitzen noch heute manche Stra\u00dfen kleine Bahnschienen? Die Kinder haben die M\u00f6glichkeit, sich auf eine Spurensuche zu begeben. Sie bekommen interessante Hinweise auf ganz bestimmte, gesuchte Geb\u00e4ude oder Einrichtungen.<\/p>","protected":false},"author":13,"featured_media":0,"parent":380,"menu_order":0,"comment_status":"closed","ping_status":"closed","template":"","meta":[],"_links":{"self":[{"href":"https:\/\/www.lausitzer-museenland.de\/dsb\/wp-json\/wp\/v2\/pages\/603"}],"collection":[{"href":"https:\/\/www.lausitzer-museenland.de\/dsb\/wp-json\/wp\/v2\/pages"}],"about":[{"href":"https:\/\/www.lausitzer-museenland.de\/dsb\/wp-json\/wp\/v2\/types\/page"}],"author":[{"embeddable":true,"href":"https:\/\/www.lausitzer-museenland.de\/dsb\/wp-json\/wp\/v2\/users\/13"}],"replies":[{"embeddable":true,"href":"https:\/\/www.lausitzer-museenland.de\/dsb\/wp-json\/wp\/v2\/comments?post=603"}],"version-history":[{"count":5,"href":"https:\/\/www.lausitzer-museenland.de\/dsb\/wp-json\/wp\/v2\/pages\/603\/revisions"}],"predecessor-version":[{"id":8203,"href":"https:\/\/www.lausitzer-museenland.de\/dsb\/wp-json\/wp\/v2\/pages\/603\/revisions\/8203"}],"up":[{"embeddable":true,"href":"https:\/\/www.lausitzer-museenland.de\/dsb\/wp-json\/wp\/v2\/pages\/380"}],"wp:attachment":[{"href":"https:\/\/www.lausitzer-museenland.de\/dsb\/wp-json\/wp\/v2\/media?parent=603"}],"curies":[{"name":"wp","href":"https:\/\/api.w.org\/{rel}","templated":true}]}}