{"id":605,"date":"2014-11-14T17:11:28","date_gmt":"2014-11-14T16:11:28","guid":{"rendered":"http:\/\/lausitzer-museenland.de\/?page_id=605"},"modified":"2017-04-05T12:48:18","modified_gmt":"2017-04-05T11:48:18","slug":"weben-auf-dem-handwebrahmen","status":"publish","type":"page","link":"https:\/\/www.lausitzer-museenland.de\/dsb\/service\/kobi\/weben-auf-dem-handwebrahmen\/","title":{"rendered":"Weben auf dem Handwebrahmen im Brandenburgischen Textilmuseum Forst"},"content":{"rendered":"<p>In der Tuchmacherschauwerkstatt erfahren die Besucher wie ein Tuch hergestellt wird. Sie sehen und h\u00f6ren wie an den historischen Handger\u00e4ten und Maschinen gearbeitet wurde. Die Besucher k\u00f6nnen insbesondere die technische Entwicklung vom Handwebstuhl zum mechanischen Webstuhl verfolgen. In der anschlie\u00dfenden praktischen T\u00e4tigkeit \u00fcben sich die Sch\u00fcler im Weben auf dem Handwebrahmen.Durch die als Schuss verwendeten farbenkr\u00e4ftigen Garne und verschiedenen Effektzwirne entstehen k\u00fcnstlerische Unikate.<\/p>\n<p>Das Angebot findet indoor statt und richtet sich an Sch\u00fcler<br \/>\nder Klassen 3 bis 7.<br \/>\nTermine: nach Absprache<br \/>\nVoranmeldung: mindestens 1 Woche vorher<br \/>\nDauer: ca. 2 bis 2,5 Stunden<br \/>\nGruppengr\u00f6\u00dfe: 5 bis 30 Personen<br \/>\nEintritt pro Person: 3,50 \u20ac<\/p>\n<p><a title=\"Brandenburgisches Textilmuseum Forst (Lausitz) \/ Bramborski tekstilny muzej Bar\u0161\u0107 (\u0141u\u017eyca)\" href=\"\/museen\/brandenburgisches-textilmuseum-forst\/\">Brandenburgisches Textilmuseum Forst<\/a><\/p>","protected":false},"excerpt":{"rendered":"<p>In der Tuchmacherschauwerkstatt erfahren die Besucher wie ein Tuch hergestellt wird. Sie sehen und h\u00f6ren wie an den historischen Handger\u00e4ten und Maschinen gearbeitet wurde. Die Besucher k\u00f6nnen insbesondere die technische Entwicklung vom Handwebstuhl zum mechanischen Webstuhl verfolgen. In der anschlie\u00dfenden praktischen T\u00e4tigkeit \u00fcben sich die Sch\u00fcler im Weben auf dem Handwebrahmen.Durch die als Schuss verwendeten<\/p>","protected":false},"author":13,"featured_media":0,"parent":380,"menu_order":0,"comment_status":"closed","ping_status":"closed","template":"","meta":[],"_links":{"self":[{"href":"https:\/\/www.lausitzer-museenland.de\/dsb\/wp-json\/wp\/v2\/pages\/605"}],"collection":[{"href":"https:\/\/www.lausitzer-museenland.de\/dsb\/wp-json\/wp\/v2\/pages"}],"about":[{"href":"https:\/\/www.lausitzer-museenland.de\/dsb\/wp-json\/wp\/v2\/types\/page"}],"author":[{"embeddable":true,"href":"https:\/\/www.lausitzer-museenland.de\/dsb\/wp-json\/wp\/v2\/users\/13"}],"replies":[{"embeddable":true,"href":"https:\/\/www.lausitzer-museenland.de\/dsb\/wp-json\/wp\/v2\/comments?post=605"}],"version-history":[{"count":4,"href":"https:\/\/www.lausitzer-museenland.de\/dsb\/wp-json\/wp\/v2\/pages\/605\/revisions"}],"predecessor-version":[{"id":8532,"href":"https:\/\/www.lausitzer-museenland.de\/dsb\/wp-json\/wp\/v2\/pages\/605\/revisions\/8532"}],"up":[{"embeddable":true,"href":"https:\/\/www.lausitzer-museenland.de\/dsb\/wp-json\/wp\/v2\/pages\/380"}],"wp:attachment":[{"href":"https:\/\/www.lausitzer-museenland.de\/dsb\/wp-json\/wp\/v2\/media?parent=605"}],"curies":[{"name":"wp","href":"https:\/\/api.w.org\/{rel}","templated":true}]}}