{"id":607,"date":"2014-11-14T17:12:55","date_gmt":"2014-11-14T16:12:55","guid":{"rendered":"http:\/\/lausitzer-museenland.de\/?page_id=607"},"modified":"2017-04-05T12:49:27","modified_gmt":"2017-04-05T11:49:27","slug":"wie-der-maulwurf-zu-einer-hose-kam","status":"publish","type":"page","link":"https:\/\/www.lausitzer-museenland.de\/dsb\/service\/kobi\/wie-der-maulwurf-zu-einer-hose-kam\/","title":{"rendered":"Wie der Maulwurf zu einer Hose kam im Brandenburgischen Textilmuseum Forst"},"content":{"rendered":"<p>Die Bilderbucherz\u00e4hlung vom Maulwurf Pauli, der sich eine Hose mit gro\u00dfen Taschen w\u00fcnscht, wird vorgetragen. Die Kinder h\u00f6ren und sehen viele verschiedene Tiere in der Erz\u00e4hlung. Jedes Tier beherrscht ein anderes Handwerk. Zum Beispiel die Spinnen, sie spinnen dem Maulwurf Pauli die F\u00e4den zum Weben der Hose. Die flei\u00dfigen Ameisen h\u00e4mmern, s\u00e4gen und zimmern den Webstuhl. Auf dem Webstuhl wird das Tuch gewebt. Der Maulwurf Pauli und viele Tiere schaffen es durch gemeinsame Arbeit die Hose mit den gro\u00dfen Taschen herzustellen. In der Tuchmacherschauwerkstatt erleben die Kinder bei einer Vorf\u00fchrung der Maschinen die Herstellung eines Tuches.<\/p>\n<p>Aktion: Einkleiden der Maulwurffigur<\/p>\n<p>Das Angebot findet indoor statt und richtet sich an Sch\u00fcler<br \/>\nder Klassen 1 bis 2.<br \/>\nTermine: nach Absprache<br \/>\nVoranmeldung: mindestens 1 Woche vorher<br \/>\nDauer: ca. 1,5 Stunden<br \/>\nGruppengr\u00f6\u00dfe: 5 bis 30 Personen<br \/>\nEintritt pro Person: 3,50 \u20ac<\/p>\n<p><a title=\"Brandenburgisches Textilmuseum Forst (Lausitz) \/ Bramborski tekstilny muzej Bar\u0161\u0107 (\u0141u\u017eyca)\" href=\"\/museen\/brandenburgisches-textilmuseum-forst\/\">Brandenburgisches Textilmuseum Forst<\/a><\/p>","protected":false},"excerpt":{"rendered":"<p>Die Bilderbucherz\u00e4hlung vom Maulwurf Pauli, der sich eine Hose mit gro\u00dfen Taschen w\u00fcnscht, wird vorgetragen. Die Kinder h\u00f6ren und sehen viele verschiedene Tiere in der Erz\u00e4hlung. Jedes Tier beherrscht ein anderes Handwerk. Zum Beispiel die Spinnen, sie spinnen dem Maulwurf Pauli die F\u00e4den zum Weben der Hose. Die flei\u00dfigen Ameisen h\u00e4mmern, s\u00e4gen und zimmern den<\/p>","protected":false},"author":13,"featured_media":0,"parent":380,"menu_order":0,"comment_status":"closed","ping_status":"closed","template":"","meta":[],"_links":{"self":[{"href":"https:\/\/www.lausitzer-museenland.de\/dsb\/wp-json\/wp\/v2\/pages\/607"}],"collection":[{"href":"https:\/\/www.lausitzer-museenland.de\/dsb\/wp-json\/wp\/v2\/pages"}],"about":[{"href":"https:\/\/www.lausitzer-museenland.de\/dsb\/wp-json\/wp\/v2\/types\/page"}],"author":[{"embeddable":true,"href":"https:\/\/www.lausitzer-museenland.de\/dsb\/wp-json\/wp\/v2\/users\/13"}],"replies":[{"embeddable":true,"href":"https:\/\/www.lausitzer-museenland.de\/dsb\/wp-json\/wp\/v2\/comments?post=607"}],"version-history":[{"count":4,"href":"https:\/\/www.lausitzer-museenland.de\/dsb\/wp-json\/wp\/v2\/pages\/607\/revisions"}],"predecessor-version":[{"id":8697,"href":"https:\/\/www.lausitzer-museenland.de\/dsb\/wp-json\/wp\/v2\/pages\/607\/revisions\/8697"}],"up":[{"embeddable":true,"href":"https:\/\/www.lausitzer-museenland.de\/dsb\/wp-json\/wp\/v2\/pages\/380"}],"wp:attachment":[{"href":"https:\/\/www.lausitzer-museenland.de\/dsb\/wp-json\/wp\/v2\/media?parent=607"}],"curies":[{"name":"wp","href":"https:\/\/api.w.org\/{rel}","templated":true}]}}