{"id":609,"date":"2014-11-14T17:14:41","date_gmt":"2014-11-14T16:14:41","guid":{"rendered":"http:\/\/lausitzer-museenland.de\/?page_id=609"},"modified":"2017-04-05T12:50:17","modified_gmt":"2017-04-05T11:50:17","slug":"wie-die-schule-frueher-war","status":"publish","type":"page","link":"https:\/\/www.lausitzer-museenland.de\/dsb\/service\/kobi\/wie-die-schule-frueher-war\/","title":{"rendered":"Wie die Schule fr\u00fcher war im Brandenburgischen Textilmuseum Forst"},"content":{"rendered":"<p>Die Sch\u00fcler erhalten Einblicke in die Schulentwicklung in der Stadt Forst (Lausitz). Sie sehen und h\u00f6ren vom ersten Schulhaus, den ersten Unterrichtsf\u00e4chern und von strengen Lehrern. Geschichten und Berichte aus dem Schulleben sowie das Schreiben mit der G\u00e4nsefeder und Tinte bereichern dieses Programm.<br \/>\nAktion: Sitzen auf einer alten Schulbank, Schreiben des Altdeutschen Alphabets, Rohrstock zur Probe<\/p>\n<p>Das Angebot findet indoor statt und richtet sich an Sch\u00fcler<br \/>\nder Klassen 3 bis 6.<br \/>\nTermine: nach Absprache<br \/>\nVoranmeldung: mindestens 1 Woche vorher<br \/>\nDauer: ca. 2 bis 3 Stunden<br \/>\nGruppengr\u00f6\u00dfe: 5 bis 30 Personen<br \/>\nEintritt pro Person: 3,50 \u20ac<\/p>\n<p><a title=\"Brandenburgisches Textilmuseum Forst (Lausitz) \/ Bramborski tekstilny muzej Bar\u0161\u0107 (\u0141u\u017eyca)\" href=\"\/museen\/brandenburgisches-textilmuseum-forst\/\">Brandenburgisches Textilmuseum Forst<\/a><\/p>","protected":false},"excerpt":{"rendered":"<p>Die Sch\u00fcler erhalten Einblicke in die Schulentwicklung in der Stadt Forst (Lausitz). Sie sehen und h\u00f6ren vom ersten Schulhaus, den ersten Unterrichtsf\u00e4chern und von strengen Lehrern. Geschichten und Berichte aus dem Schulleben sowie das Schreiben mit der G\u00e4nsefeder und Tinte bereichern dieses Programm. Aktion: Sitzen auf einer alten Schulbank, Schreiben des Altdeutschen Alphabets, Rohrstock zur<\/p>","protected":false},"author":13,"featured_media":0,"parent":380,"menu_order":0,"comment_status":"closed","ping_status":"closed","template":"","meta":[],"_links":{"self":[{"href":"https:\/\/www.lausitzer-museenland.de\/dsb\/wp-json\/wp\/v2\/pages\/609"}],"collection":[{"href":"https:\/\/www.lausitzer-museenland.de\/dsb\/wp-json\/wp\/v2\/pages"}],"about":[{"href":"https:\/\/www.lausitzer-museenland.de\/dsb\/wp-json\/wp\/v2\/types\/page"}],"author":[{"embeddable":true,"href":"https:\/\/www.lausitzer-museenland.de\/dsb\/wp-json\/wp\/v2\/users\/13"}],"replies":[{"embeddable":true,"href":"https:\/\/www.lausitzer-museenland.de\/dsb\/wp-json\/wp\/v2\/comments?post=609"}],"version-history":[{"count":4,"href":"https:\/\/www.lausitzer-museenland.de\/dsb\/wp-json\/wp\/v2\/pages\/609\/revisions"}],"predecessor-version":[{"id":8862,"href":"https:\/\/www.lausitzer-museenland.de\/dsb\/wp-json\/wp\/v2\/pages\/609\/revisions\/8862"}],"up":[{"embeddable":true,"href":"https:\/\/www.lausitzer-museenland.de\/dsb\/wp-json\/wp\/v2\/pages\/380"}],"wp:attachment":[{"href":"https:\/\/www.lausitzer-museenland.de\/dsb\/wp-json\/wp\/v2\/media?parent=609"}],"curies":[{"name":"wp","href":"https:\/\/api.w.org\/{rel}","templated":true}]}}