{"id":611,"date":"2014-11-14T17:16:21","date_gmt":"2014-11-14T16:16:21","guid":{"rendered":"http:\/\/lausitzer-museenland.de\/?page_id=611"},"modified":"2017-04-05T12:52:09","modified_gmt":"2017-04-05T11:52:09","slug":"wie-wurde-frueher-gewaschen","status":"publish","type":"page","link":"https:\/\/www.lausitzer-museenland.de\/dsb\/service\/kobi\/wie-wurde-frueher-gewaschen\/","title":{"rendered":"Wie wurde fr\u00fcher gewaschen? im Brandenburgischen Textilmuseum Forst"},"content":{"rendered":"<p>Die Sch\u00fcler besichtigen auf dem Museumshof die Freiausstellung zum Thema \u201eW\u00e4sche waschen\u201c. Anschlie\u00dfend k\u00f6nnen sie selbst ausprobieren, wie m\u00fchsam das Waschen f\u00fcr die Frauen fr\u00fcher war. Das Waschen auf dem Waschbrett, die W\u00e4sche aufh\u00e4ngen und W\u00e4sche rollen mit einer Handrolle stehen im Vordergrund.<\/p>\n<p><em>Hinweis:<\/em><br \/>\nW\u00e4schest\u00fccke, wie eigene Socken und Geschirrt\u00fccher lassen sich besonders gut zum Arbeiten verwenden.<\/p>\n<p>Das Angebot findet indoor und outdoor statt und richtet sich an Sch\u00fcler der Klassen 2 bis 6.<br \/>\nTermine: nach Absprache<br \/>\nVoranmeldung: mindestens 1 Woche vorher<br \/>\nDauer: ca. 2,5 bis 3 Stunden<br \/>\nGruppengr\u00f6\u00dfe: 10 bis 30 Personen<br \/>\nEintritt pro Person: 3,50 \u20ac<\/p>\n<p><a title=\"Brandenburgisches Textilmuseum Forst (Lausitz) \/ Bramborski tekstilny muzej Bar\u0161\u0107 (\u0141u\u017eyca)\" href=\"\/museen\/brandenburgisches-textilmuseum-forst\/\">Brandenburgisches Textilmuseum Forst<\/a><\/p>","protected":false},"excerpt":{"rendered":"<p>Die Sch\u00fcler besichtigen auf dem Museumshof die Freiausstellung zum Thema \u201eW\u00e4sche waschen\u201c. Anschlie\u00dfend k\u00f6nnen sie selbst ausprobieren, wie m\u00fchsam das Waschen f\u00fcr die Frauen fr\u00fcher war. Das Waschen auf dem Waschbrett, die W\u00e4sche aufh\u00e4ngen und W\u00e4sche rollen mit einer Handrolle stehen im Vordergrund. Hinweis: W\u00e4schest\u00fccke, wie eigene Socken und Geschirrt\u00fccher lassen sich besonders gut zum<\/p>","protected":false},"author":13,"featured_media":0,"parent":380,"menu_order":0,"comment_status":"closed","ping_status":"closed","template":"","meta":[],"_links":{"self":[{"href":"https:\/\/www.lausitzer-museenland.de\/dsb\/wp-json\/wp\/v2\/pages\/611"}],"collection":[{"href":"https:\/\/www.lausitzer-museenland.de\/dsb\/wp-json\/wp\/v2\/pages"}],"about":[{"href":"https:\/\/www.lausitzer-museenland.de\/dsb\/wp-json\/wp\/v2\/types\/page"}],"author":[{"embeddable":true,"href":"https:\/\/www.lausitzer-museenland.de\/dsb\/wp-json\/wp\/v2\/users\/13"}],"replies":[{"embeddable":true,"href":"https:\/\/www.lausitzer-museenland.de\/dsb\/wp-json\/wp\/v2\/comments?post=611"}],"version-history":[{"count":4,"href":"https:\/\/www.lausitzer-museenland.de\/dsb\/wp-json\/wp\/v2\/pages\/611\/revisions"}],"predecessor-version":[{"id":9027,"href":"https:\/\/www.lausitzer-museenland.de\/dsb\/wp-json\/wp\/v2\/pages\/611\/revisions\/9027"}],"up":[{"embeddable":true,"href":"https:\/\/www.lausitzer-museenland.de\/dsb\/wp-json\/wp\/v2\/pages\/380"}],"wp:attachment":[{"href":"https:\/\/www.lausitzer-museenland.de\/dsb\/wp-json\/wp\/v2\/media?parent=611"}],"curies":[{"name":"wp","href":"https:\/\/api.w.org\/{rel}","templated":true}]}}