{"id":613,"date":"2014-11-14T17:19:06","date_gmt":"2014-11-14T16:19:06","guid":{"rendered":"http:\/\/lausitzer-museenland.de\/?page_id=613"},"modified":"2017-04-05T12:53:16","modified_gmt":"2017-04-05T11:53:16","slug":"wir-stellen-selbst-papier-her","status":"publish","type":"page","link":"https:\/\/www.lausitzer-museenland.de\/dsb\/service\/kobi\/wir-stellen-selbst-papier-her\/","title":{"rendered":"Wir stellen selbst Papier her &#8211; im Brandenburgischen Textilmuseum Forst"},"content":{"rendered":"<p>Seit langer Zeit haben die Menschen Nachrichten hinterlassen oder Aufzeichnungen gemacht. Die Fr\u00fchmenschen bemalten die W\u00e4nde ihrer H\u00f6hlen, die \u00c4gypter schrieben ihre Hieroglyphen auf Papyrus, die R\u00f6mer auf Wachstafeln, und im Mittelalter benutzten die M\u00f6nche Pergament aus Tierhaut. Die Sch\u00fcler erfahren viel Wissenswertes \u00fcber die Geschichte und Herstellung von Papier und wie sie es selbst anfertigen k\u00f6nnen.<\/p>\n<p>Aktion: Papier sch\u00f6pfen<\/p>\n<p>Das Angebot findet indoor statt und richtet sich an Sch\u00fcler<br \/>\nder Klassen 3 bis 8.<br \/>\nTermine: nach Absprache<br \/>\nVoranmeldung: mindestens 1 Woche vorher<br \/>\nDauer: ca. 2 bis 2,5 Stunden<br \/>\nGruppengr\u00f6\u00dfe: 10 bis 30 Personen<br \/>\nEintritt pro Person: 3,50 \u20ac<\/p>\n<p><a title=\"Brandenburgisches Textilmuseum Forst (Lausitz) \/ Bramborski tekstilny muzej Bar\u0161\u0107 (\u0141u\u017eyca)\" href=\"\/museen\/brandenburgisches-textilmuseum-forst\/\">Brandenburgisches Textilmuseum Forst<\/a><\/p>","protected":false},"excerpt":{"rendered":"<p>Seit langer Zeit haben die Menschen Nachrichten hinterlassen oder Aufzeichnungen gemacht. Die Fr\u00fchmenschen bemalten die W\u00e4nde ihrer H\u00f6hlen, die \u00c4gypter schrieben ihre Hieroglyphen auf Papyrus, die R\u00f6mer auf Wachstafeln, und im Mittelalter benutzten die M\u00f6nche Pergament aus Tierhaut. Die Sch\u00fcler erfahren viel Wissenswertes \u00fcber die Geschichte und Herstellung von Papier und wie sie es selbst<\/p>","protected":false},"author":13,"featured_media":0,"parent":380,"menu_order":0,"comment_status":"closed","ping_status":"closed","template":"","meta":[],"_links":{"self":[{"href":"https:\/\/www.lausitzer-museenland.de\/dsb\/wp-json\/wp\/v2\/pages\/613"}],"collection":[{"href":"https:\/\/www.lausitzer-museenland.de\/dsb\/wp-json\/wp\/v2\/pages"}],"about":[{"href":"https:\/\/www.lausitzer-museenland.de\/dsb\/wp-json\/wp\/v2\/types\/page"}],"author":[{"embeddable":true,"href":"https:\/\/www.lausitzer-museenland.de\/dsb\/wp-json\/wp\/v2\/users\/13"}],"replies":[{"embeddable":true,"href":"https:\/\/www.lausitzer-museenland.de\/dsb\/wp-json\/wp\/v2\/comments?post=613"}],"version-history":[{"count":4,"href":"https:\/\/www.lausitzer-museenland.de\/dsb\/wp-json\/wp\/v2\/pages\/613\/revisions"}],"predecessor-version":[{"id":9192,"href":"https:\/\/www.lausitzer-museenland.de\/dsb\/wp-json\/wp\/v2\/pages\/613\/revisions\/9192"}],"up":[{"embeddable":true,"href":"https:\/\/www.lausitzer-museenland.de\/dsb\/wp-json\/wp\/v2\/pages\/380"}],"wp:attachment":[{"href":"https:\/\/www.lausitzer-museenland.de\/dsb\/wp-json\/wp\/v2\/media?parent=613"}],"curies":[{"name":"wp","href":"https:\/\/api.w.org\/{rel}","templated":true}]}}