{"id":621,"date":"2014-11-14T17:28:09","date_gmt":"2014-11-14T16:28:09","guid":{"rendered":"http:\/\/lausitzer-museenland.de\/?page_id=621"},"modified":"2018-03-08T12:41:46","modified_gmt":"2018-03-08T11:41:46","slug":"technik-zur-brandbekaempfung","status":"publish","type":"page","link":"https:\/\/www.lausitzer-museenland.de\/dsb\/service\/kobi\/technik-zur-brandbekaempfung\/","title":{"rendered":"Technik zur Brandbek\u00e4mpfung im Feuerwehrmuseum Welzow"},"content":{"rendered":"<p>In der bedeutendsten Feuerwehrsammlung Brandenburgs sind neben L\u00f6sch-, R\u00e4um- und Bergungsfahrzeugen auch Motorr\u00e4der und diverses L\u00f6schzubeh\u00f6r ausgestellt. Uniformen und Ausr\u00fcstungen sowie Schulterst\u00fccke und Dienstrangabzeichen geben Auskunft \u00fcber vergangene Zeiten. Die Modellbausammlung vervollst\u00e4ndigt die Ausstellung.<\/p>\n<p>Das Angebot findet indoor und outdoor statt und richtet sich an Sch\u00fcler<br \/>\nder Klassen 1 bis 10.<br \/>\nTermine: nach Absprache<br \/>\nVoranmeldung: mindestens 2 Wochen vorher<br \/>\nEintritt pro Person: 0,50 \u20ac<\/p>\n<p><a title=\"Feuerwehrmuseum Welzow (ehem. Haidem\u00fchl) \/ Muzej wognjoweje wobory Wjelcej\" href=\"\/museen\/feuerwehrmuseum-welzow\/\">Feuerwehrmuseum Welzow<\/a><\/p>","protected":false},"excerpt":{"rendered":"<p>In der bedeutendsten Feuerwehrsammlung Brandenburgs sind neben L\u00f6sch-, R\u00e4um- und Bergungsfahrzeugen auch Motorr\u00e4der und diverses L\u00f6schzubeh\u00f6r ausgestellt. Uniformen und Ausr\u00fcstungen sowie Schulterst\u00fccke und Dienstrangabzeichen geben Auskunft \u00fcber vergangene Zeiten. Die Modellbausammlung vervollst\u00e4ndigt die Ausstellung. Das Angebot findet indoor und outdoor statt und richtet sich an Sch\u00fcler der Klassen 1 bis 10. Termine: nach Absprache Voranmeldung:<\/p>","protected":false},"author":13,"featured_media":0,"parent":380,"menu_order":0,"comment_status":"closed","ping_status":"closed","template":"","meta":[],"_links":{"self":[{"href":"https:\/\/www.lausitzer-museenland.de\/dsb\/wp-json\/wp\/v2\/pages\/621"}],"collection":[{"href":"https:\/\/www.lausitzer-museenland.de\/dsb\/wp-json\/wp\/v2\/pages"}],"about":[{"href":"https:\/\/www.lausitzer-museenland.de\/dsb\/wp-json\/wp\/v2\/types\/page"}],"author":[{"embeddable":true,"href":"https:\/\/www.lausitzer-museenland.de\/dsb\/wp-json\/wp\/v2\/users\/13"}],"replies":[{"embeddable":true,"href":"https:\/\/www.lausitzer-museenland.de\/dsb\/wp-json\/wp\/v2\/comments?post=621"}],"version-history":[{"count":7,"href":"https:\/\/www.lausitzer-museenland.de\/dsb\/wp-json\/wp\/v2\/pages\/621\/revisions"}],"predecessor-version":[{"id":19864,"href":"https:\/\/www.lausitzer-museenland.de\/dsb\/wp-json\/wp\/v2\/pages\/621\/revisions\/19864"}],"up":[{"embeddable":true,"href":"https:\/\/www.lausitzer-museenland.de\/dsb\/wp-json\/wp\/v2\/pages\/380"}],"wp:attachment":[{"href":"https:\/\/www.lausitzer-museenland.de\/dsb\/wp-json\/wp\/v2\/media?parent=621"}],"curies":[{"name":"wp","href":"https:\/\/api.w.org\/{rel}","templated":true}]}}